{"id":14706,"date":"2023-03-06T17:57:36","date_gmt":"2023-03-06T14:57:36","guid":{"rendered":"https:\/\/ucge.com\/?page_id=14706"},"modified":"2024-10-09T16:42:54","modified_gmt":"2024-10-09T13:42:54","slug":"gdpr-3","status":"publish","type":"page","link":"https:\/\/ucge.com\/en\/gdpr\/","title":{"rendered":"GDPR"},"content":{"rendered":"<div data-elementor-type=\"wp-page\" data-elementor-id=\"14706\" class=\"elementor elementor-14706\" data-elementor-post-type=\"page\">\n\t\t\t\t\t\t<section class=\"elementor-section elementor-top-section elementor-element elementor-element-0bcbb78 elementor-section-boxed elementor-section-height-default elementor-section-height-default\" data-id=\"0bcbb78\" data-element_type=\"section\" data-e-type=\"section\">\n\t\t\t\t\t\t<div class=\"elementor-container elementor-column-gap-default\">\n\t\t\t\t\t<div class=\"elementor-column elementor-col-100 elementor-top-column elementor-element elementor-element-55749f1\" data-id=\"55749f1\" data-element_type=\"column\" data-e-type=\"column\">\n\t\t\t<div class=\"elementor-widget-wrap elementor-element-populated\">\n\t\t\t\t\t\t<div class=\"elementor-element elementor-element-f736c04 elementor-widget elementor-widget-html\" data-id=\"f736c04\" data-element_type=\"widget\" data-e-type=\"widget\" data-widget_type=\"html.default\">\n\t\t\t\t<div class=\"elementor-widget-container\">\n\t\t\t\t\t<h1>Privacy Policy<\/h1>\r\n<p>Effective date: 2022-12-01<\/p>\r\n<p>Updated on: 2023-03-06<\/p>\r\n<p>\r\n  This Privacy Policy explains the policies of \u00dc\u00c7GE Ma\u011faza Ekipmanlar\u0131 A.\u015e on the collection \r\nand use of the information we collect when you access https:\/\/*.ucge.com (the \u201cService\u201d). This Privacy Policy describes your \r\nprivacy rights and how you are protected under privacy laws.<\/p>\r\n<p>\r\n  By using our Service, you are consenting to the collection and use of your information in accordance\r\n    with this Privacy Policy. Please do not access or use our Service if you do not consent to the collection\r\n    and use of your information as outlined in this Privacy Policy. This Privacy Policy has been created with\r\n    the help of <a target=\"_blank\" href=\"https:\/\/cookie-script.com\/privacy-policy-generator\" rel=\"noopener\">CookieScript Privacy Policy Generator<\/a>.<\/p>\r\n<p>\u00dc\u00c7GE Ma\u011faza Ekipmanlar\u0131 A.\u015e is authorized to modify this Privacy Policy at any time.\r\nThis may occur without prior notice.<\/p>\r\n<p>\r\n  \u00dc\u00c7GE Ma\u011faza Ekipmanlar\u0131 A.\u015e will post the revised Privacy Policy on the https:\/\/*.ucge.com website<\/p>\r\n\r\n    <h3>Collection and Use of Your Personal Information<\/h3>\r\n    <h4>Information We Collect<\/h4>\r\n    <p>\r\n      When using our Service, you will be prompted to provide us with personal information used to\r\ncontact or identify you. https:\/\/*.ucge.com collects the following information:    <\/p>\r\n\r\n    <ul>\r\n                    <li>Usage Data<\/li>\r\n                    <li>Name<\/li>\r\n                    <li>E-mail<\/li>\r\n                    <li>Mobile Number<\/li>\r\n            <\/ul>\r\n\r\n            <p>Usage Data includes the following:<\/p>\r\n        <ul>\r\n            <li>Internet Protocol (IP) address of computers accessing the site<\/li>\r\n            <li>Web page requests<\/li>\r\n            <li>Referring web pages<\/li>\r\n            <li>Browser used to access site<\/li>\r\n            <li>Time and date of access<\/li>\r\n        <\/ul>\r\n    \r\n    <h4>How We Collect Information<\/h4>\r\n    <p>\r\n      https:\/\/*.ucge.com collects and receives information from you in the following manner:    <\/p>\r\n    <ul>\r\n                <li>When you fill a registration form or otherwise submit your personal information.<\/li>\r\n                <li>When you interact with our Service.<\/li>\r\n                <li>From external, public sources.<\/li>\r\n          <\/ul>\r\n    <p>\r\n      Your information will be stored for up to 180 days after it is\r\nno longer required to provide you the services. Your information may be retained for longer periods for\r\nreporting or record- keeping in accordance with applicable laws. Information which does not identify you\r\npersonally may be stored indefinitely.    <\/p>\r\n\r\n            <h4>How We Use Your Information<\/h4>\r\n        <p>\r\n          https:\/\/*.ucge.com may use your information for the following purposes:        <\/p>\r\n        <ul>\r\n                        <li><b>Providing and maintaining our Service,<\/b> as well as monitoring the usage of our Service.<\/li>\r\n                        <li><b>For other purposes.<\/b> \u00dc\u00c7GE Ma\u011faza Ekipmanlar\u0131 A.\u015e will use your information for data analysis to identify usage\r\ntrends or determine the effective of our marketing campaigns when reasonable. We will use\r\nyour information to evaluate and improve our Service, products, services, and marketing efforts.<\/li>\r\n                        <li><b>To contact you.<\/b> \u00dc\u00c7GE Ma\u011faza Ekipmanlar\u0131 A.\u015e will contact you by email, phone, SMS, or another form of\r\nelectronic communication related to the functions, products, services, or security updates when\r\nnecessary or reasonable.<\/li>\r\n                        <li><b>To update you<\/b> with news, general information, special offers, new services, and events.<\/li>\r\n                        <li><b>Marketing and promotional initiatives.<\/b> \u00dc\u00c7GE Ma\u011faza Ekipmanlar\u0131 A.\u015e will use non-specific information gathered\r\nfrom you in order to improve our marketing efforts.<\/li>\r\n                        <li><b>Targeted advertising.<\/b> Your Personal Data will be used to improve advertising efforts that are\r\nrelevant to your specific interests.<\/li>\r\n                        <li><b>Administration information.<\/b> Your Personal Data will be used as part of the operation of our\r\nwebsite Administration practices.<\/li>\r\n                        <li><b>Testimonials and customer feedback collection.<\/b> If you share a testimonial or review about your\r\nexperience using our Service, it will be shared or otherwise used on the website.<\/li>\r\n                  <\/ul>\r\n    \r\n            <h4>How We Share Your Information<\/h4>\r\n        <p>\r\n          \u00dc\u00c7GE Ma\u011faza Ekipmanlar\u0131 A.\u015e will share your information, when applicable, in the following situations:        <\/p>\r\n        <ul>\r\n                      <li><b>With your consent.<\/b> \u00dc\u00c7GE Ma\u011faza Ekipmanlar\u0131 A.\u015e will share your information for any purpose with your explicit\r\nconsent.<\/li>\r\n                      <li><b>For transfers of business.<\/b> Your information will be shared in the event of connection,\r\nnegotiation, merger, sale of business assets, financing, or acquisition of all or a portion of our business with another company.<\/li>\r\n                  <\/ul>\r\n    \r\n    <h4>Third-party Sharing<\/h4>\r\n            <p>\r\n          Any third party we share your information with must disclose the purpose for which they intend to use\r\nyour information. They must retain your information only for the duration disclosed when requesting or\r\nreceiving said information. The third-party service provider must not further collect, sell, or use your\r\npersonal information except as necessary to perform the specified purpose.        <\/p>\r\n        <p>Your information may be shared to a third-party for reasons including:<\/p>\r\n        <ul>\r\n                      <li><b>Analytics information.<\/b> Your information might be shared with online\r\nanalytics tools in order to track and analyse website traffic.<\/li>\r\n                      <li><b>Improving targeted advertising campaigns.<\/b> \u00dc\u00c7GE Ma\u011faza Ekipmanlar\u0131 A.\u015e partners with third party service providers to improve\r\ntargeted advertising campaigns.<\/li>\r\n                      <li>Collecting Forms (like Jotform)<\/li>\r\n                  <\/ul>\r\n        <p>\r\n          If you choose to provide such information during registration or \r\notherwise, you are giving \u00dc\u00c7GE Ma\u011faza Ekipmanlar\u0131 A.\u015e permission to use, share, and store that information in a manner consistent with \r\nthis Privacy Policy.        <\/p>\r\n    \r\n    <p>Your information may be disclosed for additional reasons, including:<\/p>\r\n    <ul>\r\n        <li>Complying with applicable laws, regulations, or court orders.<\/li>\r\n        <li>Responding to claims that your use of our Service violates third-party rights.<\/li>\r\n        <li>Enforcing agreements you make with us, including this Privacy Policy.<\/li>\r\n    <\/ul>\r\n\r\n    <h4>Cookies<\/h4>\r\n    <p>\r\n        Cookies are small text files that are placed on your computer by websites that you visit. Websites use\r\ncookies to help users navigate efficiently and perform certain functions. Cookies that are required for\r\nthe website to operate properly are allowed to be set without your permission. All other cookies need\r\nto be approved before they can be set in the browser.    <\/p>\r\n    <ul>\r\n              <li><b>Strictly necessary cookies.<\/b> Strictly necessary cookies allow core website functionality such as\r\nuser login and account management. The website cannot be used properly without strictly necessary cookies.<\/li>\r\n              <li><b>Performance cookies.<\/b> Performance cookies are used to see how visitors use the website, eg.\r\nanalytics cookies. Those cookies cannot be used to directly identify a certain visitor.<\/li>\r\n              <li><b>Targeting cookies.<\/b> Targeting cookies are used to identify visitors between different websites, eg. content partners, banner networks. Those cookies may be used by companies to build a profile\r\nof visitor interests or show relevant ads on other websites.<\/li>\r\n              <li><b>Functionality cookies.<\/b> Functionality cookies are used to remember visitor information on the\r\nwebsite, eg. language, timezone, enhanced content.<\/li>\r\n              <li><b>Unclassified cookies.<\/b> Unclassified cookies are cookies that do not belong to any other category\r\nor are in the process of categorization.<\/li>\r\n          <\/ul>\r\n\r\n            <div class=\"cookie-report-container\">\r\n            <p data-cookiereport=\"true\">\r\n                You can change your consent to cookie usage below.            <\/p>\r\n            <script\r\n                type=\"text\/javascript\"\r\n                charset=\"UTF-8\"\r\n                data-cookiescriptreport=\"report\"\r\n                data-cs-lang=\"en\"\r\n                src=\"\/\/report.cookie-script.com\/r\/e967309d85265bc7c67620dfe7d149d8.js\"\r\n            >\r\n            <\/script>\r\n        <\/div>\r\n    \r\n    <h4>Security<\/h4>\r\n    <p>\r\n      Your information\u2019s security is important to us. https:\/\/ucge.com and subdomains of \u00dc\u00c7GE; https:\/\/*.ucge.com utilizes a range of security measures to prevent the misuse, loss, or alteration of the information you have given us. \r\nHowever, because we cannot guarantee the security of the information you provide us, you must access our service at your\r\nown risk.    <\/p>\r\n    <p>\r\n      \u00dc\u00c7GE Ma\u011faza Ekipmanlar\u0131 A.\u015e is not responsible for the performance of websites \r\noperated by third parties or your interactions with them. When you leave this website, we recommend you review the \r\nprivacy practices of other websites you interact with and determine the adequacy of those practices.    <\/p>\r\n\r\n    <h4>Contact Us<\/h4>\r\n    <p>For any questions, please contact us through the following methods:<\/p>\r\n    <p>Name: \u00dc\u00c7GE Ma\u011faza Ekipmanlar\u0131 A.\u015e<\/p>\r\n    <p>Address: I\u015f\u0131ktepe OSB Mahallesi Kahverengi Cad. No:16, 16215 Nil\u00fcfer \/ BURSA - T\u00dcRK\u0130YE<\/p>\r\n    <p>Email: ucgedigital@ucge.com<\/p>\r\n    <p>Website: https:\/\/*.ucge.com<\/p>\r\n            <p>Phone: +90 (224) 280 00 00<\/p>\r\n    \r\n\r\n            <p>\r\n          For any queries or concerns you have related to the processing of your information,\r\nyou may contact our Data Protection Officer - ucgedigital@ucge.com - +905445650250.        <\/p>\r\n    \r\n\t\t\t\t<\/div>\n\t\t\t\t<\/div>\n\t\t\t\t\t<\/div>\n\t\t<\/div>\n\t\t\t\t\t<\/div>\n\t\t<\/section>\n\t\t\t\t<\/div>","protected":false},"excerpt":{"rendered":"<p>Privacy Policy Effective date: 2022-12-01 Updated on: 2023-03-06 This Privacy Policy explains the policies of \u00dc\u00c7GE Ma\u011faza Ekipmanlar\u0131 A.\u015e on the collection and use of the information we collect when you access https:\/\/*.ucge.com (the \u201cService\u201d). This Privacy Policy describes your privacy rights and how you are protected under privacy laws. By using our Service, you &hellip; <a href=\"https:\/\/ucge.com\/en\/gdpr\/\" class=\"more-link\">Continue reading<span class=\"screen-reader-text\"> &#8220;GDPR&#8221;<\/span><\/a><\/p>","protected":false},"author":2,"featured_media":0,"parent":0,"menu_order":0,"comment_status":"closed","ping_status":"closed","template":"elementor_header_footer","meta":{"footnotes":""},"class_list":["post-14706","page","type-page","status-publish","hentry"],"_links":{"self":[{"href":"https:\/\/ucge.com\/en\/wp-json\/wp\/v2\/pages\/14706","targetHints":{"allow":["GET"]}}],"collection":[{"href":"https:\/\/ucge.com\/en\/wp-json\/wp\/v2\/pages"}],"about":[{"href":"https:\/\/ucge.com\/en\/wp-json\/wp\/v2\/types\/page"}],"author":[{"embeddable":true,"href":"https:\/\/ucge.com\/en\/wp-json\/wp\/v2\/users\/2"}],"replies":[{"embeddable":true,"href":"https:\/\/ucge.com\/en\/wp-json\/wp\/v2\/comments?post=14706"}],"version-history":[{"count":0,"href":"https:\/\/ucge.com\/en\/wp-json\/wp\/v2\/pages\/14706\/revisions"}],"wp:attachment":[{"href":"https:\/\/ucge.com\/en\/wp-json\/wp\/v2\/media?parent=14706"}],"curies":[{"name":"wp","href":"https:\/\/api.w.org\/{rel}","templated":true}]}}