{"id":28102,"date":"2024-03-21T16:24:59","date_gmt":"2024-03-21T13:24:59","guid":{"rendered":"https:\/\/ucge.com\/?page_id=28102"},"modified":"2025-04-07T09:36:43","modified_gmt":"2025-04-07T06:36:43","slug":"quality-policy","status":"publish","type":"page","link":"https:\/\/ucge.com\/en\/kalite-politikamiz\/","title":{"rendered":"Quality Policy"},"content":{"rendered":"<div data-elementor-type=\"wp-page\" data-elementor-id=\"28102\" class=\"elementor elementor-28102\" data-elementor-post-type=\"page\">\n\t\t\t\t\t\t<section class=\"elementor-section elementor-top-section elementor-element elementor-element-141f75b elementor-hidden-desktop elementor-hidden-tablet elementor-section-boxed elementor-section-height-default elementor-section-height-default\" data-id=\"141f75b\" data-element_type=\"section\" data-e-type=\"section\">\n\t\t\t\t\t\t<div class=\"elementor-container elementor-column-gap-default\">\n\t\t\t\t\t<div class=\"elementor-column elementor-col-50 elementor-top-column elementor-element elementor-element-5366faa\" data-id=\"5366faa\" data-element_type=\"column\" data-e-type=\"column\">\n\t\t\t<div class=\"elementor-widget-wrap elementor-element-populated\">\n\t\t\t\t\t\t<div class=\"elementor-element elementor-element-c923bd1 elementor-widget-mobile__width-initial elementor-widget elementor-widget-heading\" data-id=\"c923bd1\" data-element_type=\"widget\" data-e-type=\"widget\" data-settings=\"{&quot;_animation&quot;:&quot;none&quot;}\" data-widget_type=\"heading.default\">\n\t\t\t\t<div class=\"elementor-widget-container\">\n\t\t\t\t\t<h1 class=\"elementor-heading-title elementor-size-medium\">QUALITY POLICY<\/h1>\t\t\t\t<\/div>\n\t\t\t\t<\/div>\n\t\t\t\t\t<\/div>\n\t\t<\/div>\n\t\t\t\t<div class=\"elementor-column elementor-col-50 elementor-top-column elementor-element elementor-element-d92d668\" data-id=\"d92d668\" data-element_type=\"column\" data-e-type=\"column\">\n\t\t\t<div class=\"elementor-widget-wrap elementor-element-populated\">\n\t\t\t\t\t\t<div class=\"elementor-element elementor-element-fa96fc1 elementor-widget__width-initial elementor-widget elementor-widget-image\" data-id=\"fa96fc1\" data-element_type=\"widget\" data-e-type=\"widget\" data-widget_type=\"image.default\">\n\t\t\t\t<div class=\"elementor-widget-container\">\n\t\t\t\t\t\t\t\t\t\t\t\t\t\t\t<img fetchpriority=\"high\" decoding=\"async\" width=\"1200\" height=\"500\" src=\"https:\/\/ucge.com\/wp-content\/uploads\/kalite-politikamiz-banner.jpg\" class=\"attachment-full size-full wp-image-34153\" alt=\"kalite-politikamiz-banner\" srcset=\"https:\/\/ucge.com\/wp-content\/uploads\/kalite-politikamiz-banner.jpg 1200w, https:\/\/ucge.com\/wp-content\/uploads\/kalite-politikamiz-banner-300x125.jpg 300w, https:\/\/ucge.com\/wp-content\/uploads\/kalite-politikamiz-banner-1024x427.jpg 1024w, https:\/\/ucge.com\/wp-content\/uploads\/kalite-politikamiz-banner-768x320.jpg 768w, https:\/\/ucge.com\/wp-content\/uploads\/kalite-politikamiz-banner-18x8.jpg 18w\" sizes=\"(max-width: 709px) 85vw, (max-width: 909px) 67vw, (max-width: 1362px) 62vw, 840px\" \/>\t\t\t\t\t\t\t\t\t\t\t\t\t\t\t<\/div>\n\t\t\t\t<\/div>\n\t\t\t\t\t<\/div>\n\t\t<\/div>\n\t\t\t\t\t<\/div>\n\t\t<\/section>\n\t\t\t\t<section class=\"elementor-section elementor-top-section elementor-element elementor-element-0c3bbc7 elementor-section-full_width elementor-hidden-mobile elementor-section-height-default elementor-section-height-default\" data-id=\"0c3bbc7\" data-element_type=\"section\" data-e-type=\"section\">\n\t\t\t\t\t\t<div class=\"elementor-container elementor-column-gap-default\">\n\t\t\t\t\t<div class=\"elementor-column elementor-col-33 elementor-top-column elementor-element elementor-element-454c7f7\" data-id=\"454c7f7\" data-element_type=\"column\" data-e-type=\"column\">\n\t\t\t<div class=\"elementor-widget-wrap elementor-element-populated\">\n\t\t\t\t\t\t<div class=\"elementor-element elementor-element-cce15b0 elementor-absolute elementor-widget elementor-widget-heading\" data-id=\"cce15b0\" data-element_type=\"widget\" data-e-type=\"widget\" data-settings=\"{&quot;_animation&quot;:&quot;none&quot;,&quot;_position&quot;:&quot;absolute&quot;}\" data-widget_type=\"heading.default\">\n\t\t\t\t<div class=\"elementor-widget-container\">\n\t\t\t\t\t<h1 class=\"elementor-heading-title elementor-size-medium\">QUALITY POLICY<\/h1>\t\t\t\t<\/div>\n\t\t\t\t<\/div>\n\t\t\t\t\t<\/div>\n\t\t<\/div>\n\t\t\t\t<div class=\"elementor-column elementor-col-66 elementor-top-column elementor-element elementor-element-3ff5d16\" data-id=\"3ff5d16\" data-element_type=\"column\" data-e-type=\"column\">\n\t\t\t<div class=\"elementor-widget-wrap elementor-element-populated\">\n\t\t\t\t\t\t<div class=\"elementor-element elementor-element-5470cea elementor-widget__width-initial elementor-widget elementor-widget-image\" data-id=\"5470cea\" data-element_type=\"widget\" data-e-type=\"widget\" data-widget_type=\"image.default\">\n\t\t\t\t<div class=\"elementor-widget-container\">\n\t\t\t\t\t\t\t\t\t\t\t\t\t\t\t<img fetchpriority=\"high\" decoding=\"async\" width=\"1200\" height=\"500\" src=\"https:\/\/ucge.com\/wp-content\/uploads\/kalite-politikamiz-banner.jpg\" class=\"attachment-full size-full wp-image-34153\" alt=\"kalite-politikamiz-banner\" srcset=\"https:\/\/ucge.com\/wp-content\/uploads\/kalite-politikamiz-banner.jpg 1200w, https:\/\/ucge.com\/wp-content\/uploads\/kalite-politikamiz-banner-300x125.jpg 300w, https:\/\/ucge.com\/wp-content\/uploads\/kalite-politikamiz-banner-1024x427.jpg 1024w, https:\/\/ucge.com\/wp-content\/uploads\/kalite-politikamiz-banner-768x320.jpg 768w, https:\/\/ucge.com\/wp-content\/uploads\/kalite-politikamiz-banner-18x8.jpg 18w\" sizes=\"(max-width: 709px) 85vw, (max-width: 909px) 67vw, (max-width: 1362px) 62vw, 840px\" \/>\t\t\t\t\t\t\t\t\t\t\t\t\t\t\t<\/div>\n\t\t\t\t<\/div>\n\t\t\t\t\t<\/div>\n\t\t<\/div>\n\t\t\t\t\t<\/div>\n\t\t<\/section>\n\t\t\t\t<section class=\"elementor-section elementor-top-section elementor-element elementor-element-77ea48f elementor-section-boxed elementor-section-height-default elementor-section-height-default\" data-id=\"77ea48f\" data-element_type=\"section\" data-e-type=\"section\">\n\t\t\t\t\t\t<div class=\"elementor-container elementor-column-gap-default\">\n\t\t\t\t\t<div class=\"elementor-column elementor-col-100 elementor-top-column elementor-element elementor-element-1665c06\" data-id=\"1665c06\" data-element_type=\"column\" data-e-type=\"column\">\n\t\t\t<div class=\"elementor-widget-wrap elementor-element-populated\">\n\t\t\t\t\t\t<div class=\"elementor-element elementor-element-cf86b7a elementor-widget elementor-widget-text-editor\" data-id=\"cf86b7a\" data-element_type=\"widget\" data-e-type=\"widget\" data-widget_type=\"text-editor.default\">\n\t\t\t\t<div class=\"elementor-widget-container\">\n\t\t\t\t\t\t\t\t\t<p>Power, Trust, Glory (\u00dc\u00c7GE), we are committed to continuously improve the quality management system in all our national and international activities that we carry out with the philosophy of creating value for the future as \u00dc\u00c7GE and to ensure the satisfaction of all our stakeholders at the highest level.<br \/><br \/>\u2022 Keeping the satisfaction of our customers at the highest level and making a sustainable contribution to their development<br \/>\u2022 Our most important value is to protect the rights of our employees with the philosophy of people, to contribute to their development, to realize our activities in a fair, healthy, safe and supportive working environment<br \/>\u2022 To strengthen our cooperation with our suppliers to improve the quality of their products and services, to follow and support their development<br \/>\u2022 To make our innovative approach sustainable in line with the rapidly changing business modalities in the world, to make all our systems and processes technological and digitalized<br \/>\u2022 Adopting innovation as a dynamic element of the corporate culture and supporting creative and innovative perspectives in order to be a pioneer in design, technology and innovation<br \/>\u2022 Striving to achieve corporate resilience and operational excellence by proactively managing risks and opportunities in all our processes<br \/>\u2022 Protecting natural resources, the environment and ecological balance by pursuing Sustainable Resource Management in our entire value chain<br \/>\u2022 To fully comply with local and international ethical rules, respect laws and regulations by giving importance to the principles of fairness, transparency, honesty and equality in our business processes and in our relations with all our stakeholders<br \/>\u2022 To ensure continuous improvement and development in all activities we carry out, in line with measurable targets and standards<br \/>\u2022 Meeting the applicable expectations of interested parties<\/p>\t\t\t\t\t\t\t\t<\/div>\n\t\t\t\t<\/div>\n\t\t\t\t\t<\/div>\n\t\t<\/div>\n\t\t\t\t\t<\/div>\n\t\t<\/section>\n\t\t\t\t<section class=\"elementor-section elementor-top-section elementor-element elementor-element-260c409 elementor-section-boxed elementor-section-height-default elementor-section-height-default\" data-id=\"260c409\" data-element_type=\"section\" data-e-type=\"section\">\n\t\t\t\t\t\t<div class=\"elementor-container elementor-column-gap-default\">\n\t\t\t\t\t<div class=\"elementor-column elementor-col-50 elementor-top-column elementor-element elementor-element-9d14810\" data-id=\"9d14810\" data-element_type=\"column\" data-e-type=\"column\">\n\t\t\t<div class=\"elementor-widget-wrap elementor-element-populated\">\n\t\t\t\t\t\t<div class=\"elementor-element elementor-element-61034a6 elementor-widget elementor-widget-image\" data-id=\"61034a6\" data-element_type=\"widget\" data-e-type=\"widget\" data-widget_type=\"image.default\">\n\t\t\t\t<div class=\"elementor-widget-container\">\n\t\t\t\t\t\t\t\t\t\t\t\t\t\t\t\t<a href=\"https:\/\/ucge.com\/wp-content\/uploads\/ume-9001-2025-en-min.jpg\" data-elementor-open-lightbox=\"yes\" data-elementor-lightbox-title=\"ume-9001-2025-tr-min\" data-e-action-hash=\"#elementor-action%3Aaction%3Dlightbox%26settings%3DeyJpZCI6MzYyNDMsInVybCI6Imh0dHBzOlwvXC91Y2dlLmNvbVwvd3AtY29udGVudFwvdXBsb2Fkc1wvdW1lLTkwMDEtMjAyNS10ci1taW4uanBnIn0%3D\">\n\t\t\t\t\t\t\t<img decoding=\"async\" width=\"1754\" height=\"2481\" src=\"https:\/\/ucge.com\/wp-content\/uploads\/ume-9001-2025-en-min.jpg\" class=\"attachment-full size-full wp-image-36243\" alt=\"\" srcset=\"https:\/\/ucge.com\/wp-content\/uploads\/ume-9001-2025-en-min.jpg 1754w, https:\/\/ucge.com\/wp-content\/uploads\/ume-9001-2025-en-min-212x300.jpg 212w, https:\/\/ucge.com\/wp-content\/uploads\/ume-9001-2025-en-min-724x1024.jpg 724w, https:\/\/ucge.com\/wp-content\/uploads\/ume-9001-2025-en-min-768x1086.jpg 768w, https:\/\/ucge.com\/wp-content\/uploads\/ume-9001-2025-en-min-1086x1536.jpg 1086w, https:\/\/ucge.com\/wp-content\/uploads\/ume-9001-2025-en-min-1448x2048.jpg 1448w, https:\/\/ucge.com\/wp-content\/uploads\/ume-9001-2025-en-min-8x12.jpg 8w, https:\/\/ucge.com\/wp-content\/uploads\/ume-9001-2025-en-min-1200x1697.jpg 1200w\" sizes=\"(max-width: 709px) 85vw, (max-width: 909px) 67vw, (max-width: 1362px) 62vw, 840px\" \/>\t\t\t\t\t\t\t\t<\/a>\n\t\t\t\t\t\t\t\t\t\t\t\t\t\t\t<\/div>\n\t\t\t\t<\/div>\n\t\t\t\t\t<\/div>\n\t\t<\/div>\n\t\t\t\t<div class=\"elementor-column elementor-col-50 elementor-top-column elementor-element elementor-element-90793d9\" data-id=\"90793d9\" data-element_type=\"column\" data-e-type=\"column\">\n\t\t\t<div class=\"elementor-widget-wrap elementor-element-populated\">\n\t\t\t\t\t\t<div class=\"elementor-element elementor-element-d01560f elementor-widget elementor-widget-image\" data-id=\"d01560f\" data-element_type=\"widget\" data-e-type=\"widget\" data-widget_type=\"image.default\">\n\t\t\t\t<div class=\"elementor-widget-container\">\n\t\t\t\t\t\t\t\t\t\t\t\t\t\t\t\t<a href=\"https:\/\/ucge.com\/wp-content\/uploads\/UCGE-14001-DAKKS.jpg\" data-elementor-open-lightbox=\"yes\" data-elementor-lightbox-title=\"\u00dc\u00c7GE 14001 DAKKS\" data-e-action-hash=\"#elementor-action%3Aaction%3Dlightbox%26settings%3DeyJpZCI6MzA4NTcsInVybCI6Imh0dHBzOlwvXC91Y2dlLmNvbVwvd3AtY29udGVudFwvdXBsb2Fkc1wvVUNHRS0xNDAwMS1EQUtLUy5qcGcifQ%3D%3D\">\n\t\t\t\t\t\t\t<img decoding=\"async\" width=\"645\" height=\"913\" src=\"https:\/\/ucge.com\/wp-content\/uploads\/UCGE-14001-DAKKS.jpg\" class=\"attachment-full size-full wp-image-30857\" alt=\"\u00dc\u00c7GE 14001 DAKKS\" srcset=\"https:\/\/ucge.com\/wp-content\/uploads\/UCGE-14001-DAKKS.jpg 645w, https:\/\/ucge.com\/wp-content\/uploads\/UCGE-14001-DAKKS-212x300.jpg 212w, https:\/\/ucge.com\/wp-content\/uploads\/UCGE-14001-DAKKS-8x12.jpg 8w\" sizes=\"(max-width: 645px) 85vw, 645px\" \/>\t\t\t\t\t\t\t\t<\/a>\n\t\t\t\t\t\t\t\t\t\t\t\t\t\t\t<\/div>\n\t\t\t\t<\/div>\n\t\t\t\t\t<\/div>\n\t\t<\/div>\n\t\t\t\t\t<\/div>\n\t\t<\/section>\n\t\t\t\t<\/div>","protected":false},"excerpt":{"rendered":"<p>KAL\u0130TE POL\u0130T\u0130KAMIZ KAL\u0130TE POL\u0130T\u0130KAMIZ G\u00fc\u00e7, G\u00fcven, G\u00f6rkem (\u00dc\u00c7GE) ilkeleriyle y\u00fcr\u00fctt\u00fc\u011f\u00fcm\u00fcz ulusal ve uluslararas\u0131 t\u00fcm faaliyetlerimizde, \u00dc\u00c7GE olarak gelece\u011fe de\u011fer yaratma felsefesi ile t\u00fcm payda\u015flar\u0131m\u0131z\u0131n memnuniyetini en \u00fcst seviyede sa\u011flayacak \u015fekilde kalite y\u00f6netim sistemini s\u00fcrekli geli\u015ftirmeyi taahh\u00fct ederiz. \u2022 M\u00fc\u015fterilerimizin memnuniyetini en \u00fcst seviyede tutmak ve geli\u015fimlerine s\u00fcrd\u00fcr\u00fclebilir katk\u0131 sa\u011flamak\u2022 En \u00f6nemli de\u011ferimiz insan felsefesi ile &hellip; <a href=\"https:\/\/ucge.com\/en\/kalite-politikamiz\/\" class=\"more-link\">Continue reading<span class=\"screen-reader-text\"> &#8220;Kalite Politikam\u0131z&#8221;<\/span><\/a><\/p>","protected":false},"author":2,"featured_media":0,"parent":0,"menu_order":0,"comment_status":"closed","ping_status":"closed","template":"elementor_header_footer","meta":{"footnotes":""},"class_list":["post-28102","page","type-page","status-publish","hentry"],"_links":{"self":[{"href":"https:\/\/ucge.com\/en\/wp-json\/wp\/v2\/pages\/28102","targetHints":{"allow":["GET"]}}],"collection":[{"href":"https:\/\/ucge.com\/en\/wp-json\/wp\/v2\/pages"}],"about":[{"href":"https:\/\/ucge.com\/en\/wp-json\/wp\/v2\/types\/page"}],"author":[{"embeddable":true,"href":"https:\/\/ucge.com\/en\/wp-json\/wp\/v2\/users\/2"}],"replies":[{"embeddable":true,"href":"https:\/\/ucge.com\/en\/wp-json\/wp\/v2\/comments?post=28102"}],"version-history":[{"count":0,"href":"https:\/\/ucge.com\/en\/wp-json\/wp\/v2\/pages\/28102\/revisions"}],"wp:attachment":[{"href":"https:\/\/ucge.com\/en\/wp-json\/wp\/v2\/media?parent=28102"}],"curies":[{"name":"wp","href":"https:\/\/api.w.org\/{rel}","templated":true}]}}