{"id":33998,"date":"2024-09-23T14:07:46","date_gmt":"2024-09-23T11:07:46","guid":{"rendered":"https:\/\/ucge.com\/?page_id=33998"},"modified":"2026-01-28T14:27:39","modified_gmt":"2026-01-28T11:27:39","slug":"about-us","status":"publish","type":"page","link":"https:\/\/ucge.com\/en\/hakkimizda\/","title":{"rendered":"About"},"content":{"rendered":"<div data-elementor-type=\"wp-page\" data-elementor-id=\"33998\" class=\"elementor elementor-33998\" data-elementor-post-type=\"page\">\n\t\t\t\t\t\t<section class=\"elementor-section elementor-top-section elementor-element elementor-element-6a61c62 elementor-section-full_width elementor-hidden-mobile elementor-section-height-default elementor-section-height-default\" data-id=\"6a61c62\" data-element_type=\"section\" data-e-type=\"section\">\n\t\t\t\t\t\t<div class=\"elementor-container elementor-column-gap-default\">\n\t\t\t\t\t<div class=\"elementor-column elementor-col-33 elementor-top-column elementor-element elementor-element-896cda0\" data-id=\"896cda0\" data-element_type=\"column\" data-e-type=\"column\">\n\t\t\t<div class=\"elementor-widget-wrap elementor-element-populated\">\n\t\t\t\t\t\t<div class=\"elementor-element elementor-element-ec01a61 elementor-widget elementor-widget-heading\" data-id=\"ec01a61\" data-element_type=\"widget\" data-e-type=\"widget\" data-settings=\"{&quot;_animation&quot;:&quot;none&quot;}\" data-widget_type=\"heading.default\">\n\t\t\t\t<div class=\"elementor-widget-container\">\n\t\t\t\t\t<h1 class=\"elementor-heading-title elementor-size-medium\">ABOUT US<\/h1>\t\t\t\t<\/div>\n\t\t\t\t<\/div>\n\t\t\t\t\t<\/div>\n\t\t<\/div>\n\t\t\t\t<div class=\"elementor-column elementor-col-66 elementor-top-column elementor-element elementor-element-2f58c09\" data-id=\"2f58c09\" data-element_type=\"column\" data-e-type=\"column\">\n\t\t\t<div class=\"elementor-widget-wrap elementor-element-populated\">\n\t\t\t\t\t\t<div class=\"elementor-element elementor-element-318a91e elementor-widget__width-initial elementor-widget elementor-widget-image\" data-id=\"318a91e\" data-element_type=\"widget\" data-e-type=\"widget\" data-widget_type=\"image.default\">\n\t\t\t\t<div class=\"elementor-widget-container\">\n\t\t\t\t\t\t\t\t\t\t\t\t\t\t\t<img fetchpriority=\"high\" decoding=\"async\" width=\"1024\" height=\"427\" src=\"https:\/\/ucge.com\/wp-content\/uploads\/hakkimizda-banner.webp\" class=\"attachment-full size-full wp-image-36055\" alt=\"hakk\u0131m\u0131zda-banner\" srcset=\"https:\/\/ucge.com\/wp-content\/uploads\/hakkimizda-banner.webp 1024w, https:\/\/ucge.com\/wp-content\/uploads\/hakkimizda-banner-300x125.webp 300w, https:\/\/ucge.com\/wp-content\/uploads\/hakkimizda-banner-768x320.webp 768w, https:\/\/ucge.com\/wp-content\/uploads\/hakkimizda-banner-18x8.webp 18w\" sizes=\"(max-width: 709px) 85vw, (max-width: 909px) 67vw, (max-width: 1362px) 62vw, 840px\" \/>\t\t\t\t\t\t\t\t\t\t\t\t\t\t\t<\/div>\n\t\t\t\t<\/div>\n\t\t\t\t\t<\/div>\n\t\t<\/div>\n\t\t\t\t\t<\/div>\n\t\t<\/section>\n\t\t\t\t<section class=\"elementor-section elementor-top-section elementor-element elementor-element-48e0932 elementor-hidden-desktop elementor-hidden-tablet elementor-section-boxed elementor-section-height-default elementor-section-height-default\" data-id=\"48e0932\" data-element_type=\"section\" data-e-type=\"section\">\n\t\t\t\t\t\t<div class=\"elementor-container elementor-column-gap-default\">\n\t\t\t\t\t<div class=\"elementor-column elementor-col-50 elementor-top-column elementor-element elementor-element-0ad1444\" data-id=\"0ad1444\" data-element_type=\"column\" data-e-type=\"column\">\n\t\t\t<div class=\"elementor-widget-wrap elementor-element-populated\">\n\t\t\t\t\t\t<div class=\"elementor-element elementor-element-e451c86 elementor-widget-mobile__width-initial elementor-widget elementor-widget-heading\" data-id=\"e451c86\" data-element_type=\"widget\" data-e-type=\"widget\" data-settings=\"{&quot;_animation&quot;:&quot;none&quot;}\" data-widget_type=\"heading.default\">\n\t\t\t\t<div class=\"elementor-widget-container\">\n\t\t\t\t\t<h1 class=\"elementor-heading-title elementor-size-medium\">ABOUT US<\/h1>\t\t\t\t<\/div>\n\t\t\t\t<\/div>\n\t\t\t\t\t<\/div>\n\t\t<\/div>\n\t\t\t\t<div class=\"elementor-column elementor-col-50 elementor-top-column elementor-element elementor-element-0e96fb5\" data-id=\"0e96fb5\" data-element_type=\"column\" data-e-type=\"column\">\n\t\t\t<div class=\"elementor-widget-wrap elementor-element-populated\">\n\t\t\t\t\t\t<div class=\"elementor-element elementor-element-745ccbe elementor-widget__width-initial elementor-widget-mobile__width-initial elementor-widget elementor-widget-image\" data-id=\"745ccbe\" data-element_type=\"widget\" data-e-type=\"widget\" data-widget_type=\"image.default\">\n\t\t\t\t<div class=\"elementor-widget-container\">\n\t\t\t\t\t\t\t\t\t\t\t\t\t\t\t<img fetchpriority=\"high\" decoding=\"async\" width=\"1024\" height=\"427\" src=\"https:\/\/ucge.com\/wp-content\/uploads\/hakkimizda-banner.webp\" class=\"attachment-full size-full wp-image-36055\" alt=\"hakk\u0131m\u0131zda-banner\" srcset=\"https:\/\/ucge.com\/wp-content\/uploads\/hakkimizda-banner.webp 1024w, https:\/\/ucge.com\/wp-content\/uploads\/hakkimizda-banner-300x125.webp 300w, https:\/\/ucge.com\/wp-content\/uploads\/hakkimizda-banner-768x320.webp 768w, https:\/\/ucge.com\/wp-content\/uploads\/hakkimizda-banner-18x8.webp 18w\" sizes=\"(max-width: 709px) 85vw, (max-width: 909px) 67vw, (max-width: 1362px) 62vw, 840px\" \/>\t\t\t\t\t\t\t\t\t\t\t\t\t\t\t<\/div>\n\t\t\t\t<\/div>\n\t\t\t\t\t<\/div>\n\t\t<\/div>\n\t\t\t\t\t<\/div>\n\t\t<\/section>\n\t\t\t\t<section class=\"elementor-section elementor-top-section elementor-element elementor-element-ed8a4df elementor-section-boxed elementor-section-height-default elementor-section-height-default\" data-id=\"ed8a4df\" data-element_type=\"section\" data-e-type=\"section\">\n\t\t\t\t\t\t<div class=\"elementor-container elementor-column-gap-default\">\n\t\t\t\t\t<div class=\"elementor-column elementor-col-100 elementor-top-column elementor-element elementor-element-011beb5\" data-id=\"011beb5\" data-element_type=\"column\" data-e-type=\"column\">\n\t\t\t<div class=\"elementor-widget-wrap elementor-element-populated\">\n\t\t\t\t\t\t<div class=\"elementor-element elementor-element-990cecd elementor-widget-mobile__width-initial elementor-widget elementor-widget-heading\" data-id=\"990cecd\" data-element_type=\"widget\" data-e-type=\"widget\" data-widget_type=\"heading.default\">\n\t\t\t\t<div class=\"elementor-widget-container\">\n\t\t\t\t\t<h2 class=\"elementor-heading-title elementor-size-default\">Your Retail Journey Starts Here<\/h2>\t\t\t\t<\/div>\n\t\t\t\t<\/div>\n\t\t\t\t<div class=\"elementor-element elementor-element-026d140 elementor-widget elementor-widget-text-editor\" data-id=\"026d140\" data-element_type=\"widget\" data-e-type=\"widget\" data-widget_type=\"text-editor.default\">\n\t\t\t\t<div class=\"elementor-widget-container\">\n\t\t\t\t\t\t\t\t\t\u00dc\u00c7GE has been established in 1976 and produces\nstore equipments since then for all sales points\nsuch as hypermarkets, DIY stores, pharmacies\nand electronic stores.\nR&amp;D Center continues to fulfill its mission as an\ninnovative solution partner in the industry with\nits new generation smart products and systems\nfocused on innovation and technology.\t\t\t\t\t\t\t\t<\/div>\n\t\t\t\t<\/div>\n\t\t\t\t<div class=\"elementor-element elementor-element-8a03461 elementor-widget elementor-widget-image\" data-id=\"8a03461\" data-element_type=\"widget\" data-e-type=\"widget\" data-widget_type=\"image.default\">\n\t\t\t\t<div class=\"elementor-widget-container\">\n\t\t\t\t\t\t\t\t\t\t\t\t\t\t\t<img decoding=\"async\" src=\"https:\/\/https:\/\/ucge.com\/wp-content\/uploads\/2023\/02\/alt_cizgi-2.png\" title=\"\" alt=\"\" loading=\"lazy\" \/>\t\t\t\t\t\t\t\t\t\t\t\t\t\t\t<\/div>\n\t\t\t\t<\/div>\n\t\t\t\t\t<\/div>\n\t\t<\/div>\n\t\t\t\t\t<\/div>\n\t\t<\/section>\n\t\t\t\t<\/div>","protected":false},"excerpt":{"rendered":"<p>HAKKIMIZDA HAKKIMIZDA Perakende Ser\u00fcveniniz Burada Ba\u015fl\u0131yor 1976 y\u0131l\u0131nda kurulan \u00dc\u00c7GE Ma\u011faza Ekipmanlar\u0131; d\u00fcnya devlerinin de aralar\u0131nda bulundu\u011fu hipermarketlerden s\u00fcpermarketlere, yap\u0131 marketlerden eczanelere, z\u00fcccaciyeden elektronik marketlere uzanan geni\u015f bir yelpazede ma\u011faza ekipmanlar\u0131 ve raf sistemleri \u00fcretiyor. AR-GE merkezinde geli\u015ftirdi\u011fi inovasyon ve teknoloji odakl\u0131 yeni nesil ak\u0131ll\u0131 \u00fcr\u00fcn ve sistemlerle, sekt\u00f6r\u00fcn yenilik\u00e7i \u00e7\u00f6z\u00fcm orta\u011f\u0131 misyonunu s\u00fcrd\u00fcrmeye devam &hellip; <a href=\"https:\/\/ucge.com\/en\/hakkimizda\/\" class=\"more-link\">Continue reading<span class=\"screen-reader-text\"> &#8220;Hakk\u0131m\u0131zda&#8221;<\/span><\/a><\/p>","protected":false},"author":2,"featured_media":36055,"parent":0,"menu_order":0,"comment_status":"closed","ping_status":"closed","template":"elementor_header_footer","meta":{"footnotes":""},"class_list":["post-33998","page","type-page","status-publish","has-post-thumbnail","hentry"],"_links":{"self":[{"href":"https:\/\/ucge.com\/en\/wp-json\/wp\/v2\/pages\/33998","targetHints":{"allow":["GET"]}}],"collection":[{"href":"https:\/\/ucge.com\/en\/wp-json\/wp\/v2\/pages"}],"about":[{"href":"https:\/\/ucge.com\/en\/wp-json\/wp\/v2\/types\/page"}],"author":[{"embeddable":true,"href":"https:\/\/ucge.com\/en\/wp-json\/wp\/v2\/users\/2"}],"replies":[{"embeddable":true,"href":"https:\/\/ucge.com\/en\/wp-json\/wp\/v2\/comments?post=33998"}],"version-history":[{"count":0,"href":"https:\/\/ucge.com\/en\/wp-json\/wp\/v2\/pages\/33998\/revisions"}],"wp:featuredmedia":[{"embeddable":true,"href":"https:\/\/ucge.com\/en\/wp-json\/wp\/v2\/media\/36055"}],"wp:attachment":[{"href":"https:\/\/ucge.com\/en\/wp-json\/wp\/v2\/media?parent=33998"}],"curies":[{"name":"wp","href":"https:\/\/api.w.org\/{rel}","templated":true}]}}