{"id":34103,"date":"2024-09-23T16:27:11","date_gmt":"2024-09-23T13:27:11","guid":{"rendered":"https:\/\/ucge.com\/?page_id=34103"},"modified":"2025-01-28T08:42:43","modified_gmt":"2025-01-28T05:42:43","slug":"blog","status":"publish","type":"page","link":"https:\/\/ucge.com\/en\/medya-merkezi\/blog\/","title":{"rendered":"Blog"},"content":{"rendered":"<div data-elementor-type=\"wp-page\" data-elementor-id=\"34103\" class=\"elementor elementor-34103\" data-elementor-post-type=\"page\">\n\t\t\t\t\t\t<section class=\"elementor-section elementor-top-section elementor-element elementor-element-d3c2f94 elementor-section-full_width elementor-section-height-default elementor-section-height-default\" data-id=\"d3c2f94\" data-element_type=\"section\" data-e-type=\"section\">\n\t\t\t\t\t\t<div class=\"elementor-container elementor-column-gap-default\">\n\t\t\t\t\t<div class=\"elementor-column elementor-col-33 elementor-top-column elementor-element elementor-element-04859b3\" data-id=\"04859b3\" data-element_type=\"column\" data-e-type=\"column\">\n\t\t\t<div class=\"elementor-widget-wrap elementor-element-populated\">\n\t\t\t\t\t\t<div class=\"elementor-element elementor-element-37b8b9c elementor-absolute elementor-widget elementor-widget-heading\" data-id=\"37b8b9c\" data-element_type=\"widget\" data-e-type=\"widget\" data-settings=\"{&quot;_position&quot;:&quot;absolute&quot;}\" data-widget_type=\"heading.default\">\n\t\t\t\t<div class=\"elementor-widget-container\">\n\t\t\t\t\t<h1 class=\"elementor-heading-title elementor-size-medium\">BLOG<\/h1>\t\t\t\t<\/div>\n\t\t\t\t<\/div>\n\t\t\t\t\t<\/div>\n\t\t<\/div>\n\t\t\t\t<div class=\"elementor-column elementor-col-66 elementor-top-column elementor-element elementor-element-3ce7c61\" data-id=\"3ce7c61\" data-element_type=\"column\" data-e-type=\"column\">\n\t\t\t<div class=\"elementor-widget-wrap elementor-element-populated\">\n\t\t\t\t\t\t<div class=\"elementor-element elementor-element-3e9a906 elementor-widget__width-initial elementor-widget elementor-widget-image\" data-id=\"3e9a906\" data-element_type=\"widget\" data-e-type=\"widget\" data-widget_type=\"image.default\">\n\t\t\t\t<div class=\"elementor-widget-container\">\n\t\t\t\t\t\t\t\t\t\t\t\t\t\t\t<img fetchpriority=\"high\" decoding=\"async\" width=\"1200\" height=\"500\" src=\"https:\/\/ucge.com\/wp-content\/uploads\/blog-banner.jpg\" class=\"attachment-full size-full wp-image-34105\" alt=\"blog banner\" srcset=\"https:\/\/ucge.com\/wp-content\/uploads\/blog-banner.jpg 1200w, https:\/\/ucge.com\/wp-content\/uploads\/blog-banner-300x125.jpg 300w, https:\/\/ucge.com\/wp-content\/uploads\/blog-banner-1024x427.jpg 1024w, https:\/\/ucge.com\/wp-content\/uploads\/blog-banner-768x320.jpg 768w, https:\/\/ucge.com\/wp-content\/uploads\/blog-banner-18x8.jpg 18w\" sizes=\"(max-width: 709px) 85vw, (max-width: 909px) 67vw, (max-width: 1362px) 62vw, 840px\" \/>\t\t\t\t\t\t\t\t\t\t\t\t\t\t\t<\/div>\n\t\t\t\t<\/div>\n\t\t\t\t\t<\/div>\n\t\t<\/div>\n\t\t\t\t\t<\/div>\n\t\t<\/section>\n\t\t\t\t<section class=\"elementor-section elementor-top-section elementor-element elementor-element-7b8949e elementor-section-boxed elementor-section-height-default elementor-section-height-default\" data-id=\"7b8949e\" data-element_type=\"section\" data-e-type=\"section\">\n\t\t\t\t\t\t<div class=\"elementor-container elementor-column-gap-default\">\n\t\t\t\t\t<div class=\"elementor-column elementor-col-100 elementor-top-column elementor-element elementor-element-f835791\" data-id=\"f835791\" data-element_type=\"column\" data-e-type=\"column\">\n\t\t\t<div class=\"elementor-widget-wrap elementor-element-populated\">\n\t\t\t\t\t\t<div class=\"elementor-element elementor-element-d0a1c2a elementor-grid-3 elementor-grid-tablet-2 elementor-grid-mobile-1 elementor-posts--thumbnail-top elementor-widget elementor-widget-posts\" data-id=\"d0a1c2a\" data-element_type=\"widget\" data-e-type=\"widget\" data-settings=\"{&quot;classic_columns&quot;:&quot;3&quot;,&quot;classic_columns_tablet&quot;:&quot;2&quot;,&quot;classic_columns_mobile&quot;:&quot;1&quot;,&quot;classic_row_gap&quot;:{&quot;unit&quot;:&quot;px&quot;,&quot;size&quot;:35,&quot;sizes&quot;:[]},&quot;classic_row_gap_tablet&quot;:{&quot;unit&quot;:&quot;px&quot;,&quot;size&quot;:&quot;&quot;,&quot;sizes&quot;:[]},&quot;classic_row_gap_mobile&quot;:{&quot;unit&quot;:&quot;px&quot;,&quot;size&quot;:&quot;&quot;,&quot;sizes&quot;:[]}}\" data-widget_type=\"posts.classic\">\n\t\t\t\t<div class=\"elementor-widget-container\">\n\t\t\t\t\t\t\t<div class=\"elementor-posts-container elementor-posts elementor-posts--skin-classic elementor-grid\" role=\"list\">\n\t\t\t\t<article class=\"elementor-post elementor-grid-item post-36763 post type-post status-publish format-standard has-post-thumbnail hentry category-blog\" role=\"listitem\">\n\t\t\t\t<a class=\"elementor-post__thumbnail__link\" href=\"https:\/\/ucge.com\/en\/kasa-altligi-sistemi-nedir-ve-magazalar-icin-neden-onemlidir\/\" tabindex=\"-1\" >\n\t\t\t<div class=\"elementor-post__thumbnail\"><img decoding=\"async\" width=\"1024\" height=\"512\" src=\"https:\/\/ucge.com\/wp-content\/uploads\/yeni-kasa-altligi-1024x512.webp\" class=\"attachment-large size-large wp-image-36765\" alt=\"\" srcset=\"https:\/\/ucge.com\/wp-content\/uploads\/yeni-kasa-altligi-1024x512.webp 1024w, https:\/\/ucge.com\/wp-content\/uploads\/yeni-kasa-altligi-300x150.webp 300w, https:\/\/ucge.com\/wp-content\/uploads\/yeni-kasa-altligi-768x384.webp 768w, https:\/\/ucge.com\/wp-content\/uploads\/yeni-kasa-altligi-18x9.webp 18w, https:\/\/ucge.com\/wp-content\/uploads\/yeni-kasa-altligi.webp 1200w\" sizes=\"(max-width: 709px) 85vw, (max-width: 909px) 67vw, (max-width: 1362px) 62vw, 840px\" \/><\/div>\n\t\t<\/a>\n\t\t\t\t<div class=\"elementor-post__text\">\n\t\t\t\t<h3 class=\"elementor-post__title\">\n\t\t\t<a href=\"https:\/\/ucge.com\/en\/kasa-altligi-sistemi-nedir-ve-magazalar-icin-neden-onemlidir\/\" >\n\t\t\t\tWhat is a Cash Register System and Why is it Important for Stores?\t\t\t<\/a>\n\t\t<\/h3>\n\t\t\t\t<\/div>\n\t\t\t\t<\/article>\n\t\t\t\t<article class=\"elementor-post elementor-grid-item post-36687 post type-post status-publish format-standard has-post-thumbnail hentry category-blog\" role=\"listitem\">\n\t\t\t\t<a class=\"elementor-post__thumbnail__link\" href=\"https:\/\/ucge.com\/en\/modern-perakendede-kasa-tasariminin-stratejik-onemi\/\" tabindex=\"-1\" >\n\t\t\t<div class=\"elementor-post__thumbnail\"><img decoding=\"async\" width=\"800\" height=\"533\" src=\"https:\/\/ucge.com\/wp-content\/uploads\/Modern-Perakendede-Kasa-Tasariminin-Stratejik-Onemi_001.webp\" class=\"attachment-large size-large wp-image-36694\" alt=\"\" srcset=\"https:\/\/ucge.com\/wp-content\/uploads\/Modern-Perakendede-Kasa-Tasariminin-Stratejik-Onemi_001.webp 800w, https:\/\/ucge.com\/wp-content\/uploads\/Modern-Perakendede-Kasa-Tasariminin-Stratejik-Onemi_001-300x200.webp 300w, https:\/\/ucge.com\/wp-content\/uploads\/Modern-Perakendede-Kasa-Tasariminin-Stratejik-Onemi_001-768x512.webp 768w, https:\/\/ucge.com\/wp-content\/uploads\/Modern-Perakendede-Kasa-Tasariminin-Stratejik-Onemi_001-18x12.webp 18w\" sizes=\"(max-width: 709px) 85vw, (max-width: 909px) 67vw, (max-width: 984px) 61vw, (max-width: 1362px) 45vw, 600px\" \/><\/div>\n\t\t<\/a>\n\t\t\t\t<div class=\"elementor-post__text\">\n\t\t\t\t<h3 class=\"elementor-post__title\">\n\t\t\t<a href=\"https:\/\/ucge.com\/en\/modern-perakendede-kasa-tasariminin-stratejik-onemi\/\" >\n\t\t\t\tThe Strategic Importance of Checkout Design in Modern Retail\t\t\t<\/a>\n\t\t<\/h3>\n\t\t\t\t<\/div>\n\t\t\t\t<\/article>\n\t\t\t\t<article class=\"elementor-post elementor-grid-item post-36623 post type-post status-publish format-standard has-post-thumbnail hentry category-blog tag-magaza tag-market tag-perakende\" role=\"listitem\">\n\t\t\t\t<a class=\"elementor-post__thumbnail__link\" href=\"https:\/\/ucge.com\/en\/perakende-ekipmanlari-ile-verimlilik\/\" tabindex=\"-1\" >\n\t\t\t<div class=\"elementor-post__thumbnail\"><img loading=\"lazy\" decoding=\"async\" width=\"1024\" height=\"446\" src=\"https:\/\/ucge.com\/wp-content\/uploads\/perakende-ekipmanlari_001-1024x446.webp\" class=\"attachment-large size-large wp-image-36629\" alt=\"\" srcset=\"https:\/\/ucge.com\/wp-content\/uploads\/perakende-ekipmanlari_001-1024x446.webp 1024w, https:\/\/ucge.com\/wp-content\/uploads\/perakende-ekipmanlari_001-300x131.webp 300w, https:\/\/ucge.com\/wp-content\/uploads\/perakende-ekipmanlari_001-768x335.webp 768w, https:\/\/ucge.com\/wp-content\/uploads\/perakende-ekipmanlari_001-18x8.webp 18w, https:\/\/ucge.com\/wp-content\/uploads\/perakende-ekipmanlari_001.webp 1147w\" sizes=\"(max-width: 709px) 85vw, (max-width: 909px) 67vw, (max-width: 1362px) 62vw, 840px\" \/><\/div>\n\t\t<\/a>\n\t\t\t\t<div class=\"elementor-post__text\">\n\t\t\t\t<h3 class=\"elementor-post__title\">\n\t\t\t<a href=\"https:\/\/ucge.com\/en\/perakende-ekipmanlari-ile-verimlilik\/\" >\n\t\t\t\tModern Approaches to Increasing Efficiency with Retail Equipment\t\t\t<\/a>\n\t\t<\/h3>\n\t\t\t\t<\/div>\n\t\t\t\t<\/article>\n\t\t\t\t<article class=\"elementor-post elementor-grid-item post-36577 post type-post status-publish format-standard has-post-thumbnail hentry category-blog\" role=\"listitem\">\n\t\t\t\t<a class=\"elementor-post__thumbnail__link\" href=\"https:\/\/ucge.com\/en\/magaza-reyon-sistemleri-ile-urun-gorunurlugunu-artirma\/\" tabindex=\"-1\" >\n\t\t\t<div class=\"elementor-post__thumbnail\"><img loading=\"lazy\" decoding=\"async\" width=\"1024\" height=\"737\" src=\"https:\/\/ucge.com\/wp-content\/uploads\/magaza-reyon-sistemleri_002-1024x737.webp\" class=\"attachment-large size-large wp-image-36587\" alt=\"\" srcset=\"https:\/\/ucge.com\/wp-content\/uploads\/magaza-reyon-sistemleri_002-1024x737.webp 1024w, https:\/\/ucge.com\/wp-content\/uploads\/magaza-reyon-sistemleri_002-300x216.webp 300w, https:\/\/ucge.com\/wp-content\/uploads\/magaza-reyon-sistemleri_002-768x553.webp 768w, https:\/\/ucge.com\/wp-content\/uploads\/magaza-reyon-sistemleri_002-1536x1106.webp 1536w\" sizes=\"(max-width: 709px) 85vw, (max-width: 909px) 67vw, (max-width: 1362px) 62vw, 840px\" \/><\/div>\n\t\t<\/a>\n\t\t\t\t<div class=\"elementor-post__text\">\n\t\t\t\t<h3 class=\"elementor-post__title\">\n\t\t\t<a href=\"https:\/\/ucge.com\/en\/magaza-reyon-sistemleri-ile-urun-gorunurlugunu-artirma\/\" >\n\t\t\t\tEnhancing Product Visibility with Store Aisle Systems\t\t\t<\/a>\n\t\t<\/h3>\n\t\t\t\t<\/div>\n\t\t\t\t<\/article>\n\t\t\t\t<article class=\"elementor-post elementor-grid-item post-36533 post type-post status-publish format-standard has-post-thumbnail hentry category-blog\" role=\"listitem\">\n\t\t\t\t<a class=\"elementor-post__thumbnail__link\" href=\"https:\/\/ucge.com\/en\/gida-market-raf-sistemleri\/\" tabindex=\"-1\" >\n\t\t\t<div class=\"elementor-post__thumbnail\"><img loading=\"lazy\" decoding=\"async\" width=\"1024\" height=\"512\" src=\"https:\/\/ucge.com\/wp-content\/uploads\/gida-market-raf-sistemleri_01-1024x512.webp\" class=\"attachment-large size-large wp-image-36538\" alt=\"\" srcset=\"https:\/\/ucge.com\/wp-content\/uploads\/gida-market-raf-sistemleri_01-1024x512.webp 1024w, https:\/\/ucge.com\/wp-content\/uploads\/gida-market-raf-sistemleri_01-300x150.webp 300w, https:\/\/ucge.com\/wp-content\/uploads\/gida-market-raf-sistemleri_01-768x384.webp 768w, https:\/\/ucge.com\/wp-content\/uploads\/gida-market-raf-sistemleri_01-18x9.webp 18w, https:\/\/ucge.com\/wp-content\/uploads\/gida-market-raf-sistemleri_01.webp 1200w\" sizes=\"(max-width: 709px) 85vw, (max-width: 909px) 67vw, (max-width: 1362px) 62vw, 840px\" \/><\/div>\n\t\t<\/a>\n\t\t\t\t<div class=\"elementor-post__text\">\n\t\t\t\t<h3 class=\"elementor-post__title\">\n\t\t\t<a href=\"https:\/\/ucge.com\/en\/gida-market-raf-sistemleri\/\" >\n\t\t\t\tEfficient and Functional Store Areas with Food Market Shelving Systems\t\t\t<\/a>\n\t\t<\/h3>\n\t\t\t\t<\/div>\n\t\t\t\t<\/article>\n\t\t\t\t<article class=\"elementor-post elementor-grid-item post-36461 post type-post status-publish format-standard has-post-thumbnail hentry category-blog\" role=\"listitem\">\n\t\t\t\t<a class=\"elementor-post__thumbnail__link\" href=\"https:\/\/ucge.com\/en\/yenilikci-raf-sistemleri-ile-magaza-duzeni\/\" tabindex=\"-1\" >\n\t\t\t<div class=\"elementor-post__thumbnail\"><img loading=\"lazy\" decoding=\"async\" width=\"1024\" height=\"512\" src=\"https:\/\/ucge.com\/wp-content\/uploads\/Yenilikci-raf-sistemleri_01-1024x512.webp\" class=\"attachment-large size-large wp-image-36463\" alt=\"Yenilik\u00e7i raf sistemleri_01\" srcset=\"https:\/\/ucge.com\/wp-content\/uploads\/Yenilikci-raf-sistemleri_01-1024x512.webp 1024w, https:\/\/ucge.com\/wp-content\/uploads\/Yenilikci-raf-sistemleri_01-300x150.webp 300w, https:\/\/ucge.com\/wp-content\/uploads\/Yenilikci-raf-sistemleri_01-768x384.webp 768w, https:\/\/ucge.com\/wp-content\/uploads\/Yenilikci-raf-sistemleri_01-18x9.webp 18w, https:\/\/ucge.com\/wp-content\/uploads\/Yenilikci-raf-sistemleri_01.webp 1200w\" sizes=\"(max-width: 709px) 85vw, (max-width: 909px) 67vw, (max-width: 1362px) 62vw, 840px\" \/><\/div>\n\t\t<\/a>\n\t\t\t\t<div class=\"elementor-post__text\">\n\t\t\t\t<h3 class=\"elementor-post__title\">\n\t\t\t<a href=\"https:\/\/ucge.com\/en\/yenilikci-raf-sistemleri-ile-magaza-duzeni\/\" >\n\t\t\t\tMake a Difference in Your Shop Layout with Innovative Shelving Systems\t\t\t<\/a>\n\t\t<\/h3>\n\t\t\t\t<\/div>\n\t\t\t\t<\/article>\n\t\t\t\t<article class=\"elementor-post elementor-grid-item post-36413 post type-post status-publish format-standard has-post-thumbnail hentry category-blog\" role=\"listitem\">\n\t\t\t\t<a class=\"elementor-post__thumbnail__link\" href=\"https:\/\/ucge.com\/en\/moduler-raf-ile-magaza-performansini-yukseltin\/\" tabindex=\"-1\" >\n\t\t\t<div class=\"elementor-post__thumbnail\"><img loading=\"lazy\" decoding=\"async\" width=\"1024\" height=\"512\" src=\"https:\/\/ucge.com\/wp-content\/uploads\/moduler-raf_01-1024x512.webp\" class=\"attachment-large size-large wp-image-36415\" alt=\"mod\u00fcler raf_01\" srcset=\"https:\/\/ucge.com\/wp-content\/uploads\/moduler-raf_01-1024x512.webp 1024w, https:\/\/ucge.com\/wp-content\/uploads\/moduler-raf_01-300x150.webp 300w, https:\/\/ucge.com\/wp-content\/uploads\/moduler-raf_01-768x384.webp 768w, https:\/\/ucge.com\/wp-content\/uploads\/moduler-raf_01-18x9.webp 18w, https:\/\/ucge.com\/wp-content\/uploads\/moduler-raf_01.webp 1200w\" sizes=\"(max-width: 709px) 85vw, (max-width: 909px) 67vw, (max-width: 1362px) 62vw, 840px\" \/><\/div>\n\t\t<\/a>\n\t\t\t\t<div class=\"elementor-post__text\">\n\t\t\t\t<h3 class=\"elementor-post__title\">\n\t\t\t<a href=\"https:\/\/ucge.com\/en\/moduler-raf-ile-magaza-performansini-yukseltin\/\" >\n\t\t\t\tBoost Store Performance with Modular Shelving\t\t\t<\/a>\n\t\t<\/h3>\n\t\t\t\t<\/div>\n\t\t\t\t<\/article>\n\t\t\t\t<article class=\"elementor-post elementor-grid-item post-36318 post type-post status-publish format-standard has-post-thumbnail hentry category-blog\" role=\"listitem\">\n\t\t\t\t<a class=\"elementor-post__thumbnail__link\" href=\"https:\/\/ucge.com\/en\/market-raflari-secerken-dikkat-edilmesi-gerekenler\/\" tabindex=\"-1\" >\n\t\t\t<div class=\"elementor-post__thumbnail\"><img loading=\"lazy\" decoding=\"async\" width=\"1024\" height=\"512\" src=\"https:\/\/ucge.com\/wp-content\/uploads\/Market-Raflari-Secerken-Dikkat-Edilmesi-Gerekenler_001-1024x512.webp\" class=\"attachment-large size-large wp-image-36321\" alt=\"Market Raflar\u0131 Se\u00e7erken Dikkat Edilmesi Gerekenler_001\" srcset=\"https:\/\/ucge.com\/wp-content\/uploads\/Market-Raflari-Secerken-Dikkat-Edilmesi-Gerekenler_001-1024x512.webp 1024w, https:\/\/ucge.com\/wp-content\/uploads\/Market-Raflari-Secerken-Dikkat-Edilmesi-Gerekenler_001-300x150.webp 300w, https:\/\/ucge.com\/wp-content\/uploads\/Market-Raflari-Secerken-Dikkat-Edilmesi-Gerekenler_001-768x384.webp 768w, https:\/\/ucge.com\/wp-content\/uploads\/Market-Raflari-Secerken-Dikkat-Edilmesi-Gerekenler_001-18x9.webp 18w, https:\/\/ucge.com\/wp-content\/uploads\/Market-Raflari-Secerken-Dikkat-Edilmesi-Gerekenler_001.webp 1200w\" sizes=\"(max-width: 709px) 85vw, (max-width: 909px) 67vw, (max-width: 1362px) 62vw, 840px\" \/><\/div>\n\t\t<\/a>\n\t\t\t\t<div class=\"elementor-post__text\">\n\t\t\t\t<h3 class=\"elementor-post__title\">\n\t\t\t<a href=\"https:\/\/ucge.com\/en\/market-raflari-secerken-dikkat-edilmesi-gerekenler\/\" >\n\t\t\t\tThings to Consider When Choosing Market Shelving\t\t\t<\/a>\n\t\t<\/h3>\n\t\t\t\t<\/div>\n\t\t\t\t<\/article>\n\t\t\t\t<article class=\"elementor-post elementor-grid-item post-36305 post type-post status-publish format-standard has-post-thumbnail hentry category-blog\" role=\"listitem\">\n\t\t\t\t<a class=\"elementor-post__thumbnail__link\" href=\"https:\/\/ucge.com\/en\/yapi-market-raflari-ile-magazanizda-fark-yaratin\/\" tabindex=\"-1\" >\n\t\t\t<div class=\"elementor-post__thumbnail\"><img loading=\"lazy\" decoding=\"async\" width=\"1024\" height=\"683\" src=\"https:\/\/ucge.com\/wp-content\/uploads\/yapi-marketle-raflari_01-1024x683.webp\" class=\"attachment-large size-large wp-image-36307\" alt=\"yap\u0131 marketle raflar\u0131_01\" srcset=\"https:\/\/ucge.com\/wp-content\/uploads\/yapi-marketle-raflari_01-1024x683.webp 1024w, https:\/\/ucge.com\/wp-content\/uploads\/yapi-marketle-raflari_01-300x200.webp 300w, https:\/\/ucge.com\/wp-content\/uploads\/yapi-marketle-raflari_01-768x512.webp 768w, https:\/\/ucge.com\/wp-content\/uploads\/yapi-marketle-raflari_01-18x12.webp 18w, https:\/\/ucge.com\/wp-content\/uploads\/yapi-marketle-raflari_01.webp 1200w\" sizes=\"(max-width: 709px) 85vw, (max-width: 909px) 67vw, (max-width: 1362px) 62vw, 840px\" \/><\/div>\n\t\t<\/a>\n\t\t\t\t<div class=\"elementor-post__text\">\n\t\t\t\t<h3 class=\"elementor-post__title\">\n\t\t\t<a href=\"https:\/\/ucge.com\/en\/yapi-market-raflari-ile-magazanizda-fark-yaratin\/\" >\n\t\t\t\tYap\u0131 Market Raflar\u0131 ile Ma\u011fazan\u0131zda Fark Yarat\u0131n\t\t\t<\/a>\n\t\t<\/h3>\n\t\t\t\t<\/div>\n\t\t\t\t<\/article>\n\t\t\t\t<\/div>\n\t\t\n\t\t\t\t\t\t<\/div>\n\t\t\t\t<\/div>\n\t\t\t\t\t<\/div>\n\t\t<\/div>\n\t\t\t\t\t<\/div>\n\t\t<\/section>\n\t\t\t\t<\/div>","protected":false},"excerpt":{"rendered":"<p>BLOG<\/p>","protected":false},"author":2,"featured_media":0,"parent":34057,"menu_order":0,"comment_status":"closed","ping_status":"closed","template":"elementor_header_footer","meta":{"footnotes":""},"class_list":["post-34103","page","type-page","status-publish","hentry"],"_links":{"self":[{"href":"https:\/\/ucge.com\/en\/wp-json\/wp\/v2\/pages\/34103","targetHints":{"allow":["GET"]}}],"collection":[{"href":"https:\/\/ucge.com\/en\/wp-json\/wp\/v2\/pages"}],"about":[{"href":"https:\/\/ucge.com\/en\/wp-json\/wp\/v2\/types\/page"}],"author":[{"embeddable":true,"href":"https:\/\/ucge.com\/en\/wp-json\/wp\/v2\/users\/2"}],"replies":[{"embeddable":true,"href":"https:\/\/ucge.com\/en\/wp-json\/wp\/v2\/comments?post=34103"}],"version-history":[{"count":0,"href":"https:\/\/ucge.com\/en\/wp-json\/wp\/v2\/pages\/34103\/revisions"}],"up":[{"embeddable":true,"href":"https:\/\/ucge.com\/en\/wp-json\/wp\/v2\/pages\/34057"}],"wp:attachment":[{"href":"https:\/\/ucge.com\/en\/wp-json\/wp\/v2\/media?parent=34103"}],"curies":[{"name":"wp","href":"https:\/\/api.w.org\/{rel}","templated":true}]}}