{"id":34308,"date":"2024-09-24T11:52:42","date_gmt":"2024-09-24T08:52:42","guid":{"rendered":"https:\/\/ucge.com\/?page_id=34308"},"modified":"2024-12-30T15:29:00","modified_gmt":"2024-12-30T12:29:00","slug":"shelf-systems","status":"publish","type":"page","link":"https:\/\/ucge.com\/en\/projeler\/gida-marketler\/raf-sistemleri\/","title":{"rendered":"Shelf Systems"},"content":{"rendered":"<div data-elementor-type=\"wp-page\" data-elementor-id=\"34308\" class=\"elementor elementor-34308\" data-elementor-post-type=\"page\">\n\t\t\t\t\t\t<section class=\"elementor-section elementor-top-section elementor-element elementor-element-8c01686 elementor-hidden-desktop elementor-hidden-tablet elementor-section-boxed elementor-section-height-default elementor-section-height-default\" data-id=\"8c01686\" data-element_type=\"section\" data-e-type=\"section\">\n\t\t\t\t\t\t<div class=\"elementor-container elementor-column-gap-default\">\n\t\t\t\t\t<div class=\"elementor-column elementor-col-50 elementor-top-column elementor-element elementor-element-6bbf216\" data-id=\"6bbf216\" data-element_type=\"column\" data-e-type=\"column\">\n\t\t\t<div class=\"elementor-widget-wrap elementor-element-populated\">\n\t\t\t\t\t\t<div class=\"elementor-element elementor-element-12dce1e elementor-widget-mobile__width-initial elementor-widget elementor-widget-heading\" data-id=\"12dce1e\" data-element_type=\"widget\" data-e-type=\"widget\" data-settings=\"{&quot;_animation&quot;:&quot;none&quot;}\" data-widget_type=\"heading.default\">\n\t\t\t\t<div class=\"elementor-widget-container\">\n\t\t\t\t\t<h1 class=\"elementor-heading-title elementor-size-medium\">SHELF SYSTEMS<\/h1>\t\t\t\t<\/div>\n\t\t\t\t<\/div>\n\t\t\t\t\t<\/div>\n\t\t<\/div>\n\t\t\t\t<div class=\"elementor-column elementor-col-50 elementor-top-column elementor-element elementor-element-30bdfe9\" data-id=\"30bdfe9\" data-element_type=\"column\" data-e-type=\"column\">\n\t\t\t<div class=\"elementor-widget-wrap elementor-element-populated\">\n\t\t\t\t\t\t<div class=\"elementor-element elementor-element-25bdc4bd elementor-widget__width-initial elementor-widget elementor-widget-image\" data-id=\"25bdc4bd\" data-element_type=\"widget\" data-e-type=\"widget\" data-widget_type=\"image.default\">\n\t\t\t\t<div class=\"elementor-widget-container\">\n\t\t\t\t\t\t\t\t\t\t\t\t\t\t\t<img fetchpriority=\"high\" decoding=\"async\" width=\"1200\" height=\"500\" src=\"https:\/\/ucge.com\/wp-content\/uploads\/raf-sistemleri-banner.jpg\" class=\"attachment-full size-full wp-image-34310\" alt=\"raf-sistemleri-banner.jpg\" srcset=\"https:\/\/ucge.com\/wp-content\/uploads\/raf-sistemleri-banner.jpg 1200w, https:\/\/ucge.com\/wp-content\/uploads\/raf-sistemleri-banner-300x125.jpg 300w, https:\/\/ucge.com\/wp-content\/uploads\/raf-sistemleri-banner-1024x427.jpg 1024w, https:\/\/ucge.com\/wp-content\/uploads\/raf-sistemleri-banner-768x320.jpg 768w, https:\/\/ucge.com\/wp-content\/uploads\/raf-sistemleri-banner-18x8.jpg 18w\" sizes=\"(max-width: 709px) 85vw, (max-width: 909px) 67vw, (max-width: 1362px) 62vw, 840px\" \/>\t\t\t\t\t\t\t\t\t\t\t\t\t\t\t<\/div>\n\t\t\t\t<\/div>\n\t\t\t\t\t<\/div>\n\t\t<\/div>\n\t\t\t\t\t<\/div>\n\t\t<\/section>\n\t\t\t\t<section class=\"elementor-section elementor-top-section elementor-element elementor-element-660c3574 elementor-section-full_width elementor-hidden-mobile elementor-section-height-default elementor-section-height-default\" data-id=\"660c3574\" data-element_type=\"section\" data-e-type=\"section\">\n\t\t\t\t\t\t<div class=\"elementor-container elementor-column-gap-default\">\n\t\t\t\t\t<div class=\"elementor-column elementor-col-33 elementor-top-column elementor-element elementor-element-300da154\" data-id=\"300da154\" data-element_type=\"column\" data-e-type=\"column\">\n\t\t\t<div class=\"elementor-widget-wrap elementor-element-populated\">\n\t\t\t\t\t\t<div class=\"elementor-element elementor-element-78414520 elementor-absolute elementor-widget elementor-widget-heading\" data-id=\"78414520\" data-element_type=\"widget\" data-e-type=\"widget\" data-settings=\"{&quot;_animation&quot;:&quot;none&quot;,&quot;_position&quot;:&quot;absolute&quot;}\" data-widget_type=\"heading.default\">\n\t\t\t\t<div class=\"elementor-widget-container\">\n\t\t\t\t\t<h1 class=\"elementor-heading-title elementor-size-medium\">SHELF SYSTEMS<\/h1>\t\t\t\t<\/div>\n\t\t\t\t<\/div>\n\t\t\t\t\t<\/div>\n\t\t<\/div>\n\t\t\t\t<div class=\"elementor-column elementor-col-66 elementor-top-column elementor-element elementor-element-26e1473c\" data-id=\"26e1473c\" data-element_type=\"column\" data-e-type=\"column\">\n\t\t\t<div class=\"elementor-widget-wrap elementor-element-populated\">\n\t\t\t\t\t\t<div class=\"elementor-element elementor-element-c2a308d elementor-widget__width-initial elementor-widget elementor-widget-image\" data-id=\"c2a308d\" data-element_type=\"widget\" data-e-type=\"widget\" data-widget_type=\"image.default\">\n\t\t\t\t<div class=\"elementor-widget-container\">\n\t\t\t\t\t\t\t\t\t\t\t\t\t\t\t<img fetchpriority=\"high\" decoding=\"async\" width=\"1200\" height=\"500\" src=\"https:\/\/ucge.com\/wp-content\/uploads\/raf-sistemleri-banner.jpg\" class=\"attachment-full size-full wp-image-34310\" alt=\"raf-sistemleri-banner.jpg\" srcset=\"https:\/\/ucge.com\/wp-content\/uploads\/raf-sistemleri-banner.jpg 1200w, https:\/\/ucge.com\/wp-content\/uploads\/raf-sistemleri-banner-300x125.jpg 300w, https:\/\/ucge.com\/wp-content\/uploads\/raf-sistemleri-banner-1024x427.jpg 1024w, https:\/\/ucge.com\/wp-content\/uploads\/raf-sistemleri-banner-768x320.jpg 768w, https:\/\/ucge.com\/wp-content\/uploads\/raf-sistemleri-banner-18x8.jpg 18w\" sizes=\"(max-width: 709px) 85vw, (max-width: 909px) 67vw, (max-width: 1362px) 62vw, 840px\" \/>\t\t\t\t\t\t\t\t\t\t\t\t\t\t\t<\/div>\n\t\t\t\t<\/div>\n\t\t\t\t\t<\/div>\n\t\t<\/div>\n\t\t\t\t\t<\/div>\n\t\t<\/section>\n\t\t\t\t<section class=\"elementor-section elementor-top-section elementor-element elementor-element-8ceea43 elementor-section-boxed elementor-section-height-default elementor-section-height-default\" data-id=\"8ceea43\" data-element_type=\"section\" data-e-type=\"section\">\n\t\t\t\t\t\t<div class=\"elementor-container elementor-column-gap-default\">\n\t\t\t\t\t<div class=\"elementor-column elementor-col-100 elementor-top-column elementor-element elementor-element-bafa26d\" data-id=\"bafa26d\" data-element_type=\"column\" data-e-type=\"column\">\n\t\t\t<div class=\"elementor-widget-wrap elementor-element-populated\">\n\t\t\t\t\t\t<div class=\"elementor-element elementor-element-a6bf230 elementor-widget elementor-widget-text-editor\" data-id=\"a6bf230\" data-element_type=\"widget\" data-e-type=\"widget\" data-widget_type=\"text-editor.default\">\n\t\t\t\t<div class=\"elementor-widget-container\">\n\t\t\t\t\t\t\t\t\tWith our shelving systems designed for food markets, we ensure your products are displayed in the most efficient and aesthetic way. Our modular shelving solutions, adaptable to any concept, combine high capacity, durability, and elegant design. Specifically developed for sections like produce, deli, bakery, and others, these systems enhance product visibility while optimizing the overall organization of your store. By allowing you to present a wide range of products effectively, these shelving systems improve customer experience and boost your operational efficiency.\t\t\t\t\t\t\t\t<\/div>\n\t\t\t\t<\/div>\n\t\t\t\t\t<\/div>\n\t\t<\/div>\n\t\t\t\t\t<\/div>\n\t\t<\/section>\n\t\t\t\t<section class=\"elementor-section elementor-top-section elementor-element elementor-element-3f7b7d8c envato-kit-141 elementor-section-boxed elementor-section-height-default elementor-section-height-default\" data-id=\"3f7b7d8c\" data-element_type=\"section\" data-e-type=\"section\" data-settings=\"{&quot;background_background&quot;:&quot;classic&quot;}\">\n\t\t\t\t\t\t\t<div class=\"elementor-background-overlay\"><\/div>\n\t\t\t\t\t\t\t<div class=\"elementor-container elementor-column-gap-no\">\n\t\t\t\t\t<div class=\"elementor-column elementor-col-50 elementor-top-column elementor-element elementor-element-7066e1a8\" data-id=\"7066e1a8\" data-element_type=\"column\" data-e-type=\"column\">\n\t\t\t<div class=\"elementor-widget-wrap elementor-element-populated\">\n\t\t\t\t\t\t<div class=\"elementor-element elementor-element-4b19c1fb elementor-invisible elementor-widget elementor-widget-image\" data-id=\"4b19c1fb\" data-element_type=\"widget\" data-e-type=\"widget\" data-settings=\"{&quot;_animation&quot;:&quot;fadeIn&quot;,&quot;_animation_delay&quot;:100}\" data-widget_type=\"image.default\">\n\t\t\t\t<div class=\"elementor-widget-container\">\n\t\t\t\t\t\t\t\t\t\t\t\t\t\t\t\t<a href=\"https:\/\/ucge.com\/wp-content\/uploads\/rafistemleri004.jpg\" data-elementor-open-lightbox=\"yes\" data-elementor-lightbox-title=\"rafistemleri004.jpg\" data-e-action-hash=\"#elementor-action%3Aaction%3Dlightbox%26settings%3DeyJpZCI6IjM0MjU4IiwidXJsIjoiaHR0cHM6XC9cL3VjZ2UuY29tXC93cC1jb250ZW50XC91cGxvYWRzXC9yYWZpc3RlbWxlcmkwMDQuanBnIn0%3D\">\n\t\t\t\t\t\t\t<img decoding=\"async\" src=\"https:\/\/ucge.com\/wp-content\/uploads\/elementor\/thumbs\/rafistemleri004-qukkfkvnaxx0qj0j9ycgssoehslwx0v9av6w59t7b4.jpg\" title=\"rafistemleri004.jpg\" alt=\"rafistemleri004.jpg\" loading=\"lazy\" \/>\t\t\t\t\t\t\t\t<\/a>\n\t\t\t\t\t\t\t\t\t\t\t\t\t\t\t<\/div>\n\t\t\t\t<\/div>\n\t\t\t\t\t<\/div>\n\t\t<\/div>\n\t\t\t\t<div class=\"elementor-column elementor-col-50 elementor-top-column elementor-element elementor-element-1920584f\" data-id=\"1920584f\" data-element_type=\"column\" data-e-type=\"column\">\n\t\t\t<div class=\"elementor-widget-wrap elementor-element-populated\">\n\t\t\t\t\t\t<div class=\"elementor-element elementor-element-5eedd12c elementor-invisible elementor-widget elementor-widget-image\" data-id=\"5eedd12c\" data-element_type=\"widget\" data-e-type=\"widget\" data-settings=\"{&quot;_animation&quot;:&quot;fadeIn&quot;,&quot;_animation_delay&quot;:200}\" data-widget_type=\"image.default\">\n\t\t\t\t<div class=\"elementor-widget-container\">\n\t\t\t\t\t\t\t\t\t\t\t\t\t\t\t\t<a href=\"https:\/\/ucge.com\/wp-content\/uploads\/gida-market-04.webp\" data-elementor-open-lightbox=\"yes\" data-elementor-lightbox-title=\"gida-market-04\" data-e-action-hash=\"#elementor-action%3Aaction%3Dlightbox%26settings%3DeyJpZCI6MzUyNzMsInVybCI6Imh0dHBzOlwvXC91Y2dlLmNvbVwvd3AtY29udGVudFwvdXBsb2Fkc1wvZ2lkYS1tYXJrZXQtMDQud2VicCJ9\">\n\t\t\t\t\t\t\t<img decoding=\"async\" src=\"https:\/\/ucge.com\/wp-content\/uploads\/elementor\/thumbs\/gida-market-04-quv0goz1r1534v728l0kip86o9e2os1kh071jowbqc.webp\" title=\"gida-market-04\" alt=\"gida-market-04\" loading=\"lazy\" \/>\t\t\t\t\t\t\t\t<\/a>\n\t\t\t\t\t\t\t\t\t\t\t\t\t\t\t<\/div>\n\t\t\t\t<\/div>\n\t\t\t\t<section class=\"elementor-section elementor-inner-section elementor-element elementor-element-2822ab73 elementor-section-boxed elementor-section-height-default elementor-section-height-default\" data-id=\"2822ab73\" data-element_type=\"section\" data-e-type=\"section\">\n\t\t\t\t\t\t<div class=\"elementor-container elementor-column-gap-no\">\n\t\t\t\t\t<div class=\"elementor-column elementor-col-50 elementor-inner-column elementor-element elementor-element-1a27c29a\" data-id=\"1a27c29a\" data-element_type=\"column\" data-e-type=\"column\">\n\t\t\t<div class=\"elementor-widget-wrap elementor-element-populated\">\n\t\t\t\t\t\t<div class=\"elementor-element elementor-element-4488bd44 elementor-invisible elementor-widget elementor-widget-image\" data-id=\"4488bd44\" data-element_type=\"widget\" data-e-type=\"widget\" data-settings=\"{&quot;_animation&quot;:&quot;fadeIn&quot;,&quot;_animation_delay&quot;:300}\" data-widget_type=\"image.default\">\n\t\t\t\t<div class=\"elementor-widget-container\">\n\t\t\t\t\t\t\t\t\t\t\t\t\t\t\t\t<a href=\"https:\/\/ucge.com\/wp-content\/uploads\/rafsistemleri05.jpg\" data-elementor-open-lightbox=\"yes\" data-elementor-lightbox-title=\"rafsistemleri05.jpg\" data-e-action-hash=\"#elementor-action%3Aaction%3Dlightbox%26settings%3DeyJpZCI6IjM0MjYwIiwidXJsIjoiaHR0cHM6XC9cL3VjZ2UuY29tXC93cC1jb250ZW50XC91cGxvYWRzXC9yYWZzaXN0ZW1sZXJpMDUuanBnIn0%3D\">\n\t\t\t\t\t\t\t<img decoding=\"async\" src=\"https:\/\/ucge.com\/wp-content\/uploads\/elementor\/thumbs\/rafsistemleri05-qukkfmr6t6tuxqavbbp1hgtvj7i4pe7ufy56i7tiu8.jpg\" title=\"rafsistemleri05.jpg\" alt=\"rafsistemleri05.jpg\" loading=\"lazy\" \/>\t\t\t\t\t\t\t\t<\/a>\n\t\t\t\t\t\t\t\t\t\t\t\t\t\t\t<\/div>\n\t\t\t\t<\/div>\n\t\t\t\t\t<\/div>\n\t\t<\/div>\n\t\t\t\t<div class=\"elementor-column elementor-col-50 elementor-inner-column elementor-element elementor-element-e29906f\" data-id=\"e29906f\" data-element_type=\"column\" data-e-type=\"column\">\n\t\t\t<div class=\"elementor-widget-wrap elementor-element-populated\">\n\t\t\t\t\t\t<div class=\"elementor-element elementor-element-39084014 elementor-invisible elementor-widget elementor-widget-image\" data-id=\"39084014\" data-element_type=\"widget\" data-e-type=\"widget\" data-settings=\"{&quot;_animation&quot;:&quot;fadeIn&quot;,&quot;_animation_delay&quot;:400}\" data-widget_type=\"image.default\">\n\t\t\t\t<div class=\"elementor-widget-container\">\n\t\t\t\t\t\t\t\t\t\t\t\t\t\t\t\t<a href=\"https:\/\/ucge.com\/wp-content\/uploads\/rafsistemleri06.jpg\" data-elementor-open-lightbox=\"yes\" data-elementor-lightbox-title=\"rafsistemleri06.jpg\" data-e-action-hash=\"#elementor-action%3Aaction%3Dlightbox%26settings%3DeyJpZCI6IjM0MjYxIiwidXJsIjoiaHR0cHM6XC9cL3VjZ2UuY29tXC93cC1jb250ZW50XC91cGxvYWRzXC9yYWZzaXN0ZW1sZXJpMDYuanBnIn0%3D\">\n\t\t\t\t\t\t\t<img decoding=\"async\" src=\"https:\/\/ucge.com\/wp-content\/uploads\/elementor\/thumbs\/rafsistemleri06-qukkfmr6t6tuxqavbbp1hgtvj7i4pe7ufy56i7tiu8.jpg\" title=\"rafsistemleri06.jpg\" alt=\"rafsistemleri06.jpg\" loading=\"lazy\" \/>\t\t\t\t\t\t\t\t<\/a>\n\t\t\t\t\t\t\t\t\t\t\t\t\t\t\t<\/div>\n\t\t\t\t<\/div>\n\t\t\t\t\t<\/div>\n\t\t<\/div>\n\t\t\t\t\t<\/div>\n\t\t<\/section>\n\t\t\t\t\t<\/div>\n\t\t<\/div>\n\t\t\t\t\t<\/div>\n\t\t<\/section>\n\t\t\t\t<section class=\"elementor-section elementor-top-section elementor-element elementor-element-3bb6b9b4 envato-kit-141 elementor-section-boxed elementor-section-height-default elementor-section-height-default\" data-id=\"3bb6b9b4\" data-element_type=\"section\" data-e-type=\"section\" data-settings=\"{&quot;background_background&quot;:&quot;classic&quot;}\">\n\t\t\t\t\t\t\t<div class=\"elementor-background-overlay\"><\/div>\n\t\t\t\t\t\t\t<div class=\"elementor-container elementor-column-gap-no\">\n\t\t\t\t\t<div class=\"elementor-column elementor-col-50 elementor-top-column elementor-element elementor-element-3edc884d\" data-id=\"3edc884d\" data-element_type=\"column\" data-e-type=\"column\">\n\t\t\t<div class=\"elementor-widget-wrap elementor-element-populated\">\n\t\t\t\t\t\t<section class=\"elementor-section elementor-inner-section elementor-element elementor-element-24ca00e2 elementor-section-boxed elementor-section-height-default elementor-section-height-default\" data-id=\"24ca00e2\" data-element_type=\"section\" data-e-type=\"section\">\n\t\t\t\t\t\t<div class=\"elementor-container elementor-column-gap-no\">\n\t\t\t\t\t<div class=\"elementor-column elementor-col-50 elementor-inner-column elementor-element elementor-element-7aa207db\" data-id=\"7aa207db\" data-element_type=\"column\" data-e-type=\"column\">\n\t\t\t<div class=\"elementor-widget-wrap elementor-element-populated\">\n\t\t\t\t\t\t<div class=\"elementor-element elementor-element-1205845 elementor-invisible elementor-widget elementor-widget-image\" data-id=\"1205845\" data-element_type=\"widget\" data-e-type=\"widget\" data-settings=\"{&quot;_animation&quot;:&quot;fadeIn&quot;,&quot;_animation_delay&quot;:100}\" data-widget_type=\"image.default\">\n\t\t\t\t<div class=\"elementor-widget-container\">\n\t\t\t\t\t\t\t\t\t\t\t\t\t\t\t\t<a href=\"https:\/\/ucge.com\/wp-content\/uploads\/rafsistemleri03.jpg\" data-elementor-open-lightbox=\"yes\" data-elementor-lightbox-title=\"rafsistemleri03.jpg\" data-e-action-hash=\"#elementor-action%3Aaction%3Dlightbox%26settings%3DeyJpZCI6IjM0MjYyIiwidXJsIjoiaHR0cHM6XC9cL3VjZ2UuY29tXC93cC1jb250ZW50XC91cGxvYWRzXC9yYWZzaXN0ZW1sZXJpMDMuanBnIn0%3D\">\n\t\t\t\t\t\t\t<img decoding=\"async\" src=\"https:\/\/ucge.com\/wp-content\/uploads\/elementor\/thumbs\/rafsistemleri03-qukkfmr6t6tuxqavbbp1hgtvj7i4pe7ufy56i7tiu8.jpg\" title=\"rafsistemleri03.jpg\" alt=\"rafsistemleri03.jpg\" loading=\"lazy\" \/>\t\t\t\t\t\t\t\t<\/a>\n\t\t\t\t\t\t\t\t\t\t\t\t\t\t\t<\/div>\n\t\t\t\t<\/div>\n\t\t\t\t\t<\/div>\n\t\t<\/div>\n\t\t\t\t<div class=\"elementor-column elementor-col-50 elementor-inner-column elementor-element elementor-element-5ee6f92\" data-id=\"5ee6f92\" data-element_type=\"column\" data-e-type=\"column\">\n\t\t\t<div class=\"elementor-widget-wrap elementor-element-populated\">\n\t\t\t\t\t\t<div class=\"elementor-element elementor-element-57cd1e2b elementor-invisible elementor-widget elementor-widget-image\" data-id=\"57cd1e2b\" data-element_type=\"widget\" data-e-type=\"widget\" data-settings=\"{&quot;_animation&quot;:&quot;fadeIn&quot;,&quot;_animation_delay&quot;:200}\" data-widget_type=\"image.default\">\n\t\t\t\t<div class=\"elementor-widget-container\">\n\t\t\t\t\t\t\t\t\t\t\t\t\t\t\t\t<a href=\"https:\/\/ucge.com\/wp-content\/uploads\/rafsistemleri02.jpg\" data-elementor-open-lightbox=\"yes\" data-elementor-lightbox-title=\"rafsistemleri02.jpg\" data-e-action-hash=\"#elementor-action%3Aaction%3Dlightbox%26settings%3DeyJpZCI6IjM0MjYzIiwidXJsIjoiaHR0cHM6XC9cL3VjZ2UuY29tXC93cC1jb250ZW50XC91cGxvYWRzXC9yYWZzaXN0ZW1sZXJpMDIuanBnIn0%3D\">\n\t\t\t\t\t\t\t<img decoding=\"async\" src=\"https:\/\/ucge.com\/wp-content\/uploads\/elementor\/thumbs\/rafsistemleri02-qukkfnp100v59c9i5u3o1ylc4ldhx3bks2snzhs4o0.jpg\" title=\"rafsistemleri02.jpg\" alt=\"rafsistemleri02.jpg\" loading=\"lazy\" \/>\t\t\t\t\t\t\t\t<\/a>\n\t\t\t\t\t\t\t\t\t\t\t\t\t\t\t<\/div>\n\t\t\t\t<\/div>\n\t\t\t\t\t<\/div>\n\t\t<\/div>\n\t\t\t\t\t<\/div>\n\t\t<\/section>\n\t\t\t\t\t<\/div>\n\t\t<\/div>\n\t\t\t\t<div class=\"elementor-column elementor-col-50 elementor-top-column elementor-element elementor-element-e2c5862\" data-id=\"e2c5862\" data-element_type=\"column\" data-e-type=\"column\">\n\t\t\t<div class=\"elementor-widget-wrap elementor-element-populated\">\n\t\t\t\t\t\t<div class=\"elementor-element elementor-element-7bdc44a3 elementor-invisible elementor-widget elementor-widget-image\" data-id=\"7bdc44a3\" data-element_type=\"widget\" data-e-type=\"widget\" data-settings=\"{&quot;_animation&quot;:&quot;fadeIn&quot;,&quot;_animation_delay&quot;:300}\" data-widget_type=\"image.default\">\n\t\t\t\t<div class=\"elementor-widget-container\">\n\t\t\t\t\t\t\t\t\t\t\t\t\t\t\t\t<a href=\"https:\/\/ucge.com\/wp-content\/uploads\/market_raf_27-scaled-1.jpg\" data-elementor-open-lightbox=\"yes\" data-elementor-lightbox-title=\"market_raf_27-scaled-1.jpg\" data-e-action-hash=\"#elementor-action%3Aaction%3Dlightbox%26settings%3DeyJpZCI6IjM0MjY0IiwidXJsIjoiaHR0cHM6XC9cL3VjZ2UuY29tXC93cC1jb250ZW50XC91cGxvYWRzXC9tYXJrZXRfcmFmXzI3LXNjYWxlZC0xLmpwZyJ9\">\n\t\t\t\t\t\t\t<img decoding=\"async\" src=\"https:\/\/ucge.com\/wp-content\/uploads\/elementor\/thumbs\/market_raf_27-scaled-1-qukkfnp5vfykmshu0miyo82xwxpr6ly8ywfqrae89w.jpg\" title=\"market_raf_27-scaled-1.jpg\" alt=\"market_raf_27-scaled-1.jpg\" loading=\"lazy\" \/>\t\t\t\t\t\t\t\t<\/a>\n\t\t\t\t\t\t\t\t\t\t\t\t\t\t\t<\/div>\n\t\t\t\t<\/div>\n\t\t\t\t\t<\/div>\n\t\t<\/div>\n\t\t\t\t\t<\/div>\n\t\t<\/section>\n\t\t\t\t<\/div>","protected":false},"excerpt":{"rendered":"<p>RAF S\u0130STEMLER\u0130 RAF S\u0130STEMLER\u0130 G\u0131da marketleri i\u00e7in tasarlad\u0131\u011f\u0131m\u0131z raf sistemleriyle \u00fcr\u00fcnlerinizi en verimli ve estetik \u015fekilde sergilemenizi sa\u011fl\u0131yoruz. Her konsepte uyum sa\u011flayan, mod\u00fcler yap\u0131s\u0131yla esneklik sunan raf \u00e7\u00f6z\u00fcmlerimiz; y\u00fcksek kapasite, sa\u011flaml\u0131k ve \u015f\u0131k tasar\u0131m\u0131 bir araya getiriyor. Manav, \u015fark\u00fcteri, f\u0131r\u0131n ve di\u011fer reyonlar i\u00e7in \u00f6zel olarak geli\u015ftirdi\u011fimiz raf sistemleri, \u00fcr\u00fcnlerinizi daha g\u00f6r\u00fcn\u00fcr hale getirirken, ma\u011fazan\u0131z\u0131n &hellip; <a href=\"https:\/\/ucge.com\/en\/projeler\/gida-marketler\/raf-sistemleri\/\" class=\"more-link\">Continue reading<span class=\"screen-reader-text\"> &#8220;Raf Sistemleri&#8221;<\/span><\/a><\/p>","protected":false},"author":2,"featured_media":0,"parent":34254,"menu_order":0,"comment_status":"closed","ping_status":"closed","template":"elementor_header_footer","meta":{"footnotes":""},"class_list":["post-34308","page","type-page","status-publish","hentry"],"_links":{"self":[{"href":"https:\/\/ucge.com\/en\/wp-json\/wp\/v2\/pages\/34308","targetHints":{"allow":["GET"]}}],"collection":[{"href":"https:\/\/ucge.com\/en\/wp-json\/wp\/v2\/pages"}],"about":[{"href":"https:\/\/ucge.com\/en\/wp-json\/wp\/v2\/types\/page"}],"author":[{"embeddable":true,"href":"https:\/\/ucge.com\/en\/wp-json\/wp\/v2\/users\/2"}],"replies":[{"embeddable":true,"href":"https:\/\/ucge.com\/en\/wp-json\/wp\/v2\/comments?post=34308"}],"version-history":[{"count":0,"href":"https:\/\/ucge.com\/en\/wp-json\/wp\/v2\/pages\/34308\/revisions"}],"up":[{"embeddable":true,"href":"https:\/\/ucge.com\/en\/wp-json\/wp\/v2\/pages\/34254"}],"wp:attachment":[{"href":"https:\/\/ucge.com\/en\/wp-json\/wp\/v2\/media?parent=34308"}],"curies":[{"name":"wp","href":"https:\/\/api.w.org\/{rel}","templated":true}]}}