{"id":34319,"date":"2024-09-24T11:59:47","date_gmt":"2024-09-24T08:59:47","guid":{"rendered":"https:\/\/ucge.com\/?page_id=34319"},"modified":"2024-12-10T09:42:02","modified_gmt":"2024-12-10T06:42:02","slug":"fruit-vegetable-sections","status":"publish","type":"page","link":"https:\/\/ucge.com\/en\/projeler\/gida-marketler\/meyve-sebze-reyonlari\/","title":{"rendered":"Fruit &amp; Vegetable Sections"},"content":{"rendered":"<div data-elementor-type=\"wp-page\" data-elementor-id=\"34319\" class=\"elementor elementor-34319\" data-elementor-post-type=\"page\">\n\t\t\t\t\t\t<section class=\"elementor-section elementor-top-section elementor-element elementor-element-1fcd25c elementor-hidden-desktop elementor-hidden-tablet elementor-section-boxed elementor-section-height-default elementor-section-height-default\" data-id=\"1fcd25c\" data-element_type=\"section\" data-e-type=\"section\">\n\t\t\t\t\t\t<div class=\"elementor-container elementor-column-gap-default\">\n\t\t\t\t\t<div class=\"elementor-column elementor-col-50 elementor-top-column elementor-element elementor-element-e10c0e6\" data-id=\"e10c0e6\" data-element_type=\"column\" data-e-type=\"column\">\n\t\t\t<div class=\"elementor-widget-wrap elementor-element-populated\">\n\t\t\t\t\t\t<div class=\"elementor-element elementor-element-c4f1227 elementor-widget-mobile__width-initial elementor-widget elementor-widget-heading\" data-id=\"c4f1227\" data-element_type=\"widget\" data-e-type=\"widget\" data-settings=\"{&quot;_animation&quot;:&quot;none&quot;}\" data-widget_type=\"heading.default\">\n\t\t\t\t<div class=\"elementor-widget-container\">\n\t\t\t\t\t<h1 class=\"elementor-heading-title elementor-size-medium\">FRUIT &amp; VEGETABLE SECTIONS<\/h1>\t\t\t\t<\/div>\n\t\t\t\t<\/div>\n\t\t\t\t\t<\/div>\n\t\t<\/div>\n\t\t\t\t<div class=\"elementor-column elementor-col-50 elementor-top-column elementor-element elementor-element-8328914\" data-id=\"8328914\" data-element_type=\"column\" data-e-type=\"column\">\n\t\t\t<div class=\"elementor-widget-wrap elementor-element-populated\">\n\t\t\t\t\t\t<div class=\"elementor-element elementor-element-4432cfc2 elementor-widget__width-initial elementor-widget elementor-widget-image\" data-id=\"4432cfc2\" data-element_type=\"widget\" data-e-type=\"widget\" data-widget_type=\"image.default\">\n\t\t\t\t<div class=\"elementor-widget-container\">\n\t\t\t\t\t\t\t\t\t\t\t\t\t\t\t<img fetchpriority=\"high\" decoding=\"async\" width=\"1200\" height=\"500\" src=\"https:\/\/ucge.com\/wp-content\/uploads\/meyvesebze-banner.jpg\" class=\"attachment-full size-full wp-image-34321\" alt=\"meyvesebze-banner.jpg\" srcset=\"https:\/\/ucge.com\/wp-content\/uploads\/meyvesebze-banner.jpg 1200w, https:\/\/ucge.com\/wp-content\/uploads\/meyvesebze-banner-300x125.jpg 300w, https:\/\/ucge.com\/wp-content\/uploads\/meyvesebze-banner-1024x427.jpg 1024w, https:\/\/ucge.com\/wp-content\/uploads\/meyvesebze-banner-768x320.jpg 768w, https:\/\/ucge.com\/wp-content\/uploads\/meyvesebze-banner-18x8.jpg 18w\" sizes=\"(max-width: 709px) 85vw, (max-width: 909px) 67vw, (max-width: 1362px) 62vw, 840px\" \/>\t\t\t\t\t\t\t\t\t\t\t\t\t\t\t<\/div>\n\t\t\t\t<\/div>\n\t\t\t\t\t<\/div>\n\t\t<\/div>\n\t\t\t\t\t<\/div>\n\t\t<\/section>\n\t\t\t\t<section class=\"elementor-section elementor-top-section elementor-element elementor-element-2cba3ac8 elementor-section-full_width elementor-hidden-mobile elementor-section-height-default elementor-section-height-default\" data-id=\"2cba3ac8\" data-element_type=\"section\" data-e-type=\"section\">\n\t\t\t\t\t\t<div class=\"elementor-container elementor-column-gap-default\">\n\t\t\t\t\t<div class=\"elementor-column elementor-col-33 elementor-top-column elementor-element elementor-element-77563ff8\" data-id=\"77563ff8\" data-element_type=\"column\" data-e-type=\"column\">\n\t\t\t<div class=\"elementor-widget-wrap elementor-element-populated\">\n\t\t\t\t\t\t<div class=\"elementor-element elementor-element-662fa174 elementor-absolute elementor-widget elementor-widget-heading\" data-id=\"662fa174\" data-element_type=\"widget\" data-e-type=\"widget\" data-settings=\"{&quot;_animation&quot;:&quot;none&quot;,&quot;_position&quot;:&quot;absolute&quot;}\" data-widget_type=\"heading.default\">\n\t\t\t\t<div class=\"elementor-widget-container\">\n\t\t\t\t\t<h1 class=\"elementor-heading-title elementor-size-medium\">FRUIT &amp; VEGETABLE SECTIONS<\/h1>\t\t\t\t<\/div>\n\t\t\t\t<\/div>\n\t\t\t\t\t<\/div>\n\t\t<\/div>\n\t\t\t\t<div class=\"elementor-column elementor-col-66 elementor-top-column elementor-element elementor-element-5630c01e\" data-id=\"5630c01e\" data-element_type=\"column\" data-e-type=\"column\">\n\t\t\t<div class=\"elementor-widget-wrap elementor-element-populated\">\n\t\t\t\t\t\t<div class=\"elementor-element elementor-element-5c96f93 elementor-widget__width-initial elementor-widget elementor-widget-image\" data-id=\"5c96f93\" data-element_type=\"widget\" data-e-type=\"widget\" data-widget_type=\"image.default\">\n\t\t\t\t<div class=\"elementor-widget-container\">\n\t\t\t\t\t\t\t\t\t\t\t\t\t\t\t<img fetchpriority=\"high\" decoding=\"async\" width=\"1200\" height=\"500\" src=\"https:\/\/ucge.com\/wp-content\/uploads\/meyvesebze-banner.jpg\" class=\"attachment-full size-full wp-image-34321\" alt=\"meyvesebze-banner.jpg\" srcset=\"https:\/\/ucge.com\/wp-content\/uploads\/meyvesebze-banner.jpg 1200w, https:\/\/ucge.com\/wp-content\/uploads\/meyvesebze-banner-300x125.jpg 300w, https:\/\/ucge.com\/wp-content\/uploads\/meyvesebze-banner-1024x427.jpg 1024w, https:\/\/ucge.com\/wp-content\/uploads\/meyvesebze-banner-768x320.jpg 768w, https:\/\/ucge.com\/wp-content\/uploads\/meyvesebze-banner-18x8.jpg 18w\" sizes=\"(max-width: 709px) 85vw, (max-width: 909px) 67vw, (max-width: 1362px) 62vw, 840px\" \/>\t\t\t\t\t\t\t\t\t\t\t\t\t\t\t<\/div>\n\t\t\t\t<\/div>\n\t\t\t\t\t<\/div>\n\t\t<\/div>\n\t\t\t\t\t<\/div>\n\t\t<\/section>\n\t\t\t\t<section class=\"elementor-section elementor-top-section elementor-element elementor-element-aa3b645 elementor-section-boxed elementor-section-height-default elementor-section-height-default\" data-id=\"aa3b645\" data-element_type=\"section\" data-e-type=\"section\">\n\t\t\t\t\t\t<div class=\"elementor-container elementor-column-gap-default\">\n\t\t\t\t\t<div class=\"elementor-column elementor-col-100 elementor-top-column elementor-element elementor-element-dc75b1f\" data-id=\"dc75b1f\" data-element_type=\"column\" data-e-type=\"column\">\n\t\t\t<div class=\"elementor-widget-wrap elementor-element-populated\">\n\t\t\t\t\t\t<div class=\"elementor-element elementor-element-edd20e9 elementor-widget elementor-widget-text-editor\" data-id=\"edd20e9\" data-element_type=\"widget\" data-e-type=\"widget\" data-widget_type=\"text-editor.default\">\n\t\t\t\t<div class=\"elementor-widget-container\">\n\t\t\t\t\t\t\t\t\tWe offer shelving systems tailored to the needs of your fruit and vegetable sections, providing solutions that prioritize freshness. These shelving systems, adaptable to any market concept, allow you to display your products in their most natural state while adding aesthetic value to your store with their durable structure and stylish design. They ensure that fruits and vegetables are organized, accessible, and presented in the most eye-catching way, while also offering easy placement and flexible usage. With our solutions that preserve freshness and enhance the customer experience, we make your sections more efficient.\t\t\t\t\t\t\t\t<\/div>\n\t\t\t\t<\/div>\n\t\t\t\t\t<\/div>\n\t\t<\/div>\n\t\t\t\t\t<\/div>\n\t\t<\/section>\n\t\t\t\t<section class=\"elementor-section elementor-top-section elementor-element elementor-element-5cc10462 envato-kit-141 elementor-section-boxed elementor-section-height-default elementor-section-height-default\" data-id=\"5cc10462\" data-element_type=\"section\" data-e-type=\"section\" data-settings=\"{&quot;background_background&quot;:&quot;classic&quot;}\">\n\t\t\t\t\t\t\t<div class=\"elementor-background-overlay\"><\/div>\n\t\t\t\t\t\t\t<div class=\"elementor-container elementor-column-gap-no\">\n\t\t\t\t\t<div class=\"elementor-column elementor-col-50 elementor-top-column elementor-element elementor-element-210ed6c4\" data-id=\"210ed6c4\" data-element_type=\"column\" data-e-type=\"column\">\n\t\t\t<div class=\"elementor-widget-wrap elementor-element-populated\">\n\t\t\t\t\t\t<div class=\"elementor-element elementor-element-53674f06 elementor-invisible elementor-widget elementor-widget-image\" data-id=\"53674f06\" data-element_type=\"widget\" data-e-type=\"widget\" data-settings=\"{&quot;_animation&quot;:&quot;fadeIn&quot;,&quot;_animation_delay&quot;:100}\" data-widget_type=\"image.default\">\n\t\t\t\t<div class=\"elementor-widget-container\">\n\t\t\t\t\t\t\t\t\t\t\t\t\t\t\t\t<a href=\"https:\/\/ucge.com\/wp-content\/uploads\/meyve-sebze-07.jpg\" data-elementor-open-lightbox=\"yes\" data-elementor-lightbox-title=\"meyve-sebze-07.jpg\" data-e-action-hash=\"#elementor-action%3Aaction%3Dlightbox%26settings%3DeyJpZCI6IjM0MjcxIiwidXJsIjoiaHR0cHM6XC9cL3VjZ2UuY29tXC93cC1jb250ZW50XC91cGxvYWRzXC9tZXl2ZS1zZWJ6ZS0wNy5qcGcifQ%3D%3D\">\n\t\t\t\t\t\t\t<img decoding=\"async\" src=\"https:\/\/ucge.com\/wp-content\/uploads\/elementor\/thumbs\/meyve-sebze-07-qukkfrgims60zsqz7j6us90mnhphewldnrrai7jg3k.jpg\" title=\"meyve-sebze-07.jpg\" alt=\"meyve-sebze-07.jpg\" loading=\"lazy\" \/>\t\t\t\t\t\t\t\t<\/a>\n\t\t\t\t\t\t\t\t\t\t\t\t\t\t\t<\/div>\n\t\t\t\t<\/div>\n\t\t\t\t\t<\/div>\n\t\t<\/div>\n\t\t\t\t<div class=\"elementor-column elementor-col-50 elementor-top-column elementor-element elementor-element-729e93cf\" data-id=\"729e93cf\" data-element_type=\"column\" data-e-type=\"column\">\n\t\t\t<div class=\"elementor-widget-wrap elementor-element-populated\">\n\t\t\t\t\t\t<div class=\"elementor-element elementor-element-7cdb617f elementor-invisible elementor-widget elementor-widget-image\" data-id=\"7cdb617f\" data-element_type=\"widget\" data-e-type=\"widget\" data-settings=\"{&quot;_animation&quot;:&quot;fadeIn&quot;,&quot;_animation_delay&quot;:200}\" data-widget_type=\"image.default\">\n\t\t\t\t<div class=\"elementor-widget-container\">\n\t\t\t\t\t\t\t\t\t\t\t\t\t\t\t\t<a href=\"https:\/\/ucge.com\/wp-content\/uploads\/meyve-sebze-02.jpg\" data-elementor-open-lightbox=\"yes\" data-elementor-lightbox-title=\"meyve-sebze-02.jpg\" data-e-action-hash=\"#elementor-action%3Aaction%3Dlightbox%26settings%3DeyJpZCI6IjM0MjcyIiwidXJsIjoiaHR0cHM6XC9cL3VjZ2UuY29tXC93cC1jb250ZW50XC91cGxvYWRzXC9tZXl2ZS1zZWJ6ZS0wMi5qcGcifQ%3D%3D\">\n\t\t\t\t\t\t\t<img decoding=\"async\" src=\"https:\/\/ucge.com\/wp-content\/uploads\/elementor\/thumbs\/meyve-sebze-02-qukkfrgims3px8cdeo5gy74sah781ed6bf1ooe8nl0.jpg\" title=\"meyve-sebze-02.jpg\" alt=\"meyve-sebze-02.jpg\" loading=\"lazy\" \/>\t\t\t\t\t\t\t\t<\/a>\n\t\t\t\t\t\t\t\t\t\t\t\t\t\t\t<\/div>\n\t\t\t\t<\/div>\n\t\t\t\t<section class=\"elementor-section elementor-inner-section elementor-element elementor-element-a505612 elementor-section-boxed elementor-section-height-default elementor-section-height-default\" data-id=\"a505612\" data-element_type=\"section\" data-e-type=\"section\">\n\t\t\t\t\t\t<div class=\"elementor-container elementor-column-gap-no\">\n\t\t\t\t\t<div class=\"elementor-column elementor-col-50 elementor-inner-column elementor-element elementor-element-7572072f\" data-id=\"7572072f\" data-element_type=\"column\" data-e-type=\"column\">\n\t\t\t<div class=\"elementor-widget-wrap elementor-element-populated\">\n\t\t\t\t\t\t<div class=\"elementor-element elementor-element-15723358 elementor-invisible elementor-widget elementor-widget-image\" data-id=\"15723358\" data-element_type=\"widget\" data-e-type=\"widget\" data-settings=\"{&quot;_animation&quot;:&quot;fadeIn&quot;,&quot;_animation_delay&quot;:300}\" data-widget_type=\"image.default\">\n\t\t\t\t<div class=\"elementor-widget-container\">\n\t\t\t\t\t\t\t\t\t\t\t\t\t\t\t\t<a href=\"https:\/\/ucge.com\/wp-content\/uploads\/meyve-sebze-01.jpg\" data-elementor-open-lightbox=\"yes\" data-elementor-lightbox-title=\"meyve-sebze-01.jpg\" data-e-action-hash=\"#elementor-action%3Aaction%3Dlightbox%26settings%3DeyJpZCI6IjM0MjczIiwidXJsIjoiaHR0cHM6XC9cL3VjZ2UuY29tXC93cC1jb250ZW50XC91cGxvYWRzXC9tZXl2ZS1zZWJ6ZS0wMS5qcGcifQ%3D%3D\">\n\t\t\t\t\t\t\t<img decoding=\"async\" src=\"https:\/\/ucge.com\/wp-content\/uploads\/elementor\/thumbs\/meyve-sebze-01-qukkfse7y71kve2oee4swfen3iqbzku8gq23dvl5sw.jpg\" title=\"meyve-sebze-01.jpg\" alt=\"meyve-sebze-01.jpg\" loading=\"lazy\" \/>\t\t\t\t\t\t\t\t<\/a>\n\t\t\t\t\t\t\t\t\t\t\t\t\t\t\t<\/div>\n\t\t\t\t<\/div>\n\t\t\t\t\t<\/div>\n\t\t<\/div>\n\t\t\t\t<div class=\"elementor-column elementor-col-50 elementor-inner-column elementor-element elementor-element-3eeb25d6\" data-id=\"3eeb25d6\" data-element_type=\"column\" data-e-type=\"column\">\n\t\t\t<div class=\"elementor-widget-wrap elementor-element-populated\">\n\t\t\t\t\t\t<div class=\"elementor-element elementor-element-79c06ef6 elementor-invisible elementor-widget elementor-widget-image\" data-id=\"79c06ef6\" data-element_type=\"widget\" data-e-type=\"widget\" data-settings=\"{&quot;_animation&quot;:&quot;fadeIn&quot;,&quot;_animation_delay&quot;:400}\" data-widget_type=\"image.default\">\n\t\t\t\t<div class=\"elementor-widget-container\">\n\t\t\t\t\t\t\t\t\t\t\t\t\t\t\t\t<a href=\"https:\/\/ucge.com\/wp-content\/uploads\/meyve-sebze-03.jpg\" data-elementor-open-lightbox=\"yes\" data-elementor-lightbox-title=\"meyve-sebze-03.jpg\" data-e-action-hash=\"#elementor-action%3Aaction%3Dlightbox%26settings%3DeyJpZCI6IjM0Mjc0IiwidXJsIjoiaHR0cHM6XC9cL3VjZ2UuY29tXC93cC1jb250ZW50XC91cGxvYWRzXC9tZXl2ZS1zZWJ6ZS0wMy5qcGcifQ%3D%3D\">\n\t\t\t\t\t\t\t<img decoding=\"async\" src=\"https:\/\/ucge.com\/wp-content\/uploads\/elementor\/thumbs\/meyve-sebze-03-qukkfse7y71kve2oee4swfen3iqbzku8gq23dvl5sw.jpg\" title=\"meyve-sebze-03.jpg\" alt=\"meyve-sebze-03.jpg\" loading=\"lazy\" \/>\t\t\t\t\t\t\t\t<\/a>\n\t\t\t\t\t\t\t\t\t\t\t\t\t\t\t<\/div>\n\t\t\t\t<\/div>\n\t\t\t\t\t<\/div>\n\t\t<\/div>\n\t\t\t\t\t<\/div>\n\t\t<\/section>\n\t\t\t\t\t<\/div>\n\t\t<\/div>\n\t\t\t\t\t<\/div>\n\t\t<\/section>\n\t\t\t\t<section class=\"elementor-section elementor-top-section elementor-element elementor-element-6a6be14d envato-kit-141 elementor-section-boxed elementor-section-height-default elementor-section-height-default\" data-id=\"6a6be14d\" data-element_type=\"section\" data-e-type=\"section\" data-settings=\"{&quot;background_background&quot;:&quot;classic&quot;}\">\n\t\t\t\t\t\t\t<div class=\"elementor-background-overlay\"><\/div>\n\t\t\t\t\t\t\t<div class=\"elementor-container elementor-column-gap-no\">\n\t\t\t\t\t<div class=\"elementor-column elementor-col-50 elementor-top-column elementor-element elementor-element-37bb68c5\" data-id=\"37bb68c5\" data-element_type=\"column\" data-e-type=\"column\">\n\t\t\t<div class=\"elementor-widget-wrap elementor-element-populated\">\n\t\t\t\t\t\t<section class=\"elementor-section elementor-inner-section elementor-element elementor-element-539a420b elementor-section-boxed elementor-section-height-default elementor-section-height-default\" data-id=\"539a420b\" data-element_type=\"section\" data-e-type=\"section\">\n\t\t\t\t\t\t<div class=\"elementor-container elementor-column-gap-no\">\n\t\t\t\t\t<div class=\"elementor-column elementor-col-50 elementor-inner-column elementor-element elementor-element-72c13c88\" data-id=\"72c13c88\" data-element_type=\"column\" data-e-type=\"column\">\n\t\t\t<div class=\"elementor-widget-wrap elementor-element-populated\">\n\t\t\t\t\t\t<div class=\"elementor-element elementor-element-45e4c575 elementor-invisible elementor-widget elementor-widget-image\" data-id=\"45e4c575\" data-element_type=\"widget\" data-e-type=\"widget\" data-settings=\"{&quot;_animation&quot;:&quot;fadeIn&quot;,&quot;_animation_delay&quot;:100}\" data-widget_type=\"image.default\">\n\t\t\t\t<div class=\"elementor-widget-container\">\n\t\t\t\t\t\t\t\t\t\t\t\t\t\t\t\t<a href=\"https:\/\/ucge.com\/wp-content\/uploads\/meyve-sebze-05.jpg\" data-elementor-open-lightbox=\"yes\" data-elementor-lightbox-title=\"meyve-sebze-05.jpg\" data-e-action-hash=\"#elementor-action%3Aaction%3Dlightbox%26settings%3DeyJpZCI6IjM0Mjc1IiwidXJsIjoiaHR0cHM6XC9cL3VjZ2UuY29tXC93cC1jb250ZW50XC91cGxvYWRzXC9tZXl2ZS1zZWJ6ZS0wNS5qcGcifQ%3D%3D\">\n\t\t\t\t\t\t\t<img decoding=\"async\" src=\"https:\/\/ucge.com\/wp-content\/uploads\/elementor\/thumbs\/meyve-sebze-05-qukkftc2512v701b8wjfgx63owlp79xysupkv5jrmo.jpg\" title=\"meyve-sebze-05.jpg\" alt=\"meyve-sebze-05.jpg\" loading=\"lazy\" \/>\t\t\t\t\t\t\t\t<\/a>\n\t\t\t\t\t\t\t\t\t\t\t\t\t\t\t<\/div>\n\t\t\t\t<\/div>\n\t\t\t\t\t<\/div>\n\t\t<\/div>\n\t\t\t\t<div class=\"elementor-column elementor-col-50 elementor-inner-column elementor-element elementor-element-6db45a10\" data-id=\"6db45a10\" data-element_type=\"column\" data-e-type=\"column\">\n\t\t\t<div class=\"elementor-widget-wrap elementor-element-populated\">\n\t\t\t\t\t\t<div class=\"elementor-element elementor-element-46920375 elementor-invisible elementor-widget elementor-widget-image\" data-id=\"46920375\" data-element_type=\"widget\" data-e-type=\"widget\" data-settings=\"{&quot;_animation&quot;:&quot;fadeIn&quot;,&quot;_animation_delay&quot;:200}\" data-widget_type=\"image.default\">\n\t\t\t\t<div class=\"elementor-widget-container\">\n\t\t\t\t\t\t\t\t\t\t\t\t\t\t\t\t<a href=\"https:\/\/ucge.com\/wp-content\/uploads\/Meyve-Sebze-06-e1726918488420.jpg\" data-elementor-open-lightbox=\"yes\" data-elementor-lightbox-title=\"Meyve-Sebze-06-e1726918488420.jpg\" data-e-action-hash=\"#elementor-action%3Aaction%3Dlightbox%26settings%3DeyJpZCI6MzQzMjIsInVybCI6Imh0dHBzOlwvXC91Y2dlLmNvbVwvd3AtY29udGVudFwvdXBsb2Fkc1wvTWV5dmUtU2ViemUtMDYtZTE3MjY5MTg0ODg0MjAuanBnIn0%3D\">\n\t\t\t\t\t\t\t<img decoding=\"async\" src=\"https:\/\/ucge.com\/wp-content\/uploads\/elementor\/thumbs\/Meyve-Sebze-06-e1726918488420-qukmluvnktwx5goaj4zazq6v9lxtakrnv4nwb7u10g.jpg\" title=\"Meyve-Sebze-06-e1726918488420.jpg\" alt=\"Meyve-Sebze-06-e1726918488420.jpg\" loading=\"lazy\" \/>\t\t\t\t\t\t\t\t<\/a>\n\t\t\t\t\t\t\t\t\t\t\t\t\t\t\t<\/div>\n\t\t\t\t<\/div>\n\t\t\t\t\t<\/div>\n\t\t<\/div>\n\t\t\t\t\t<\/div>\n\t\t<\/section>\n\t\t\t\t\t<\/div>\n\t\t<\/div>\n\t\t\t\t<div class=\"elementor-column elementor-col-50 elementor-top-column elementor-element elementor-element-1ba5aa73\" data-id=\"1ba5aa73\" data-element_type=\"column\" data-e-type=\"column\">\n\t\t\t<div class=\"elementor-widget-wrap elementor-element-populated\">\n\t\t\t\t\t\t<div class=\"elementor-element elementor-element-7514e961 elementor-invisible elementor-widget elementor-widget-image\" data-id=\"7514e961\" data-element_type=\"widget\" data-e-type=\"widget\" data-settings=\"{&quot;_animation&quot;:&quot;fadeIn&quot;,&quot;_animation_delay&quot;:300}\" data-widget_type=\"image.default\">\n\t\t\t\t<div class=\"elementor-widget-container\">\n\t\t\t\t\t\t\t\t\t\t\t\t\t\t\t\t<a href=\"https:\/\/ucge.com\/wp-content\/uploads\/meyvesebze-004.jpg\" data-elementor-open-lightbox=\"yes\" data-elementor-lightbox-title=\"meyvesebze-004.jpg\" data-e-action-hash=\"#elementor-action%3Aaction%3Dlightbox%26settings%3DeyJpZCI6MzQzMjMsInVybCI6Imh0dHBzOlwvXC91Y2dlLmNvbVwvd3AtY29udGVudFwvdXBsb2Fkc1wvbWV5dmVzZWJ6ZS0wMDQuanBnIn0%3D\">\n\t\t\t\t\t\t\t<img decoding=\"async\" src=\"https:\/\/ucge.com\/wp-content\/uploads\/elementor\/thumbs\/meyvesebze-004-qukmluvsg90ciwwmdxellzoh1ya2k3ec1yaz30g4mc.jpg\" title=\"meyvesebze-004.jpg\" alt=\"meyvesebze-004.jpg\" loading=\"lazy\" \/>\t\t\t\t\t\t\t\t<\/a>\n\t\t\t\t\t\t\t\t\t\t\t\t\t\t\t<\/div>\n\t\t\t\t<\/div>\n\t\t\t\t\t<\/div>\n\t\t<\/div>\n\t\t\t\t\t<\/div>\n\t\t<\/section>\n\t\t\t\t<\/div>","protected":false},"excerpt":{"rendered":"<p>MEYVE &amp; SEBZE REYONLARI MEYVE &amp; SEBZE REYONLARI Meyve ve sebze reyonlar\u0131n\u0131z\u0131n ihtiya\u00e7lar\u0131na uygun raf sistemleriyle tazeli\u011fi \u00f6n planda tutan \u00e7\u00f6z\u00fcmler sunuyoruz. Her market konseptine uyum sa\u011flayan bu raf sistemleri, \u00fcr\u00fcnlerinizin en do\u011fal haliyle sergilenmesine olanak tan\u0131rken, dayan\u0131kl\u0131 yap\u0131s\u0131 ve \u015f\u0131k tasar\u0131m\u0131yla da ma\u011fazan\u0131za estetik kat\u0131yor. Meyve ve sebzelerin d\u00fczenli, ula\u015f\u0131labilir ve en dikkat \u00e7ekici &hellip; <a href=\"https:\/\/ucge.com\/en\/projeler\/gida-marketler\/meyve-sebze-reyonlari\/\" class=\"more-link\">Continue reading<span class=\"screen-reader-text\"> &#8220;Meyve &#038; Sebze Reyonlar\u0131&#8221;<\/span><\/a><\/p>","protected":false},"author":2,"featured_media":0,"parent":34254,"menu_order":0,"comment_status":"closed","ping_status":"closed","template":"elementor_header_footer","meta":{"footnotes":""},"class_list":["post-34319","page","type-page","status-publish","hentry"],"_links":{"self":[{"href":"https:\/\/ucge.com\/en\/wp-json\/wp\/v2\/pages\/34319","targetHints":{"allow":["GET"]}}],"collection":[{"href":"https:\/\/ucge.com\/en\/wp-json\/wp\/v2\/pages"}],"about":[{"href":"https:\/\/ucge.com\/en\/wp-json\/wp\/v2\/types\/page"}],"author":[{"embeddable":true,"href":"https:\/\/ucge.com\/en\/wp-json\/wp\/v2\/users\/2"}],"replies":[{"embeddable":true,"href":"https:\/\/ucge.com\/en\/wp-json\/wp\/v2\/comments?post=34319"}],"version-history":[{"count":0,"href":"https:\/\/ucge.com\/en\/wp-json\/wp\/v2\/pages\/34319\/revisions"}],"up":[{"embeddable":true,"href":"https:\/\/ucge.com\/en\/wp-json\/wp\/v2\/pages\/34254"}],"wp:attachment":[{"href":"https:\/\/ucge.com\/en\/wp-json\/wp\/v2\/media?parent=34319"}],"curies":[{"name":"wp","href":"https:\/\/api.w.org\/{rel}","templated":true}]}}