{"id":34332,"date":"2024-09-24T12:04:34","date_gmt":"2024-09-24T09:04:34","guid":{"rendered":"https:\/\/ucge.com\/?page_id=34332"},"modified":"2026-04-01T10:36:08","modified_gmt":"2026-04-01T07:36:08","slug":"bakery-sections","status":"publish","type":"page","link":"https:\/\/ucge.com\/en\/projeler\/gida-marketler\/unlu-mamul-reyonlari\/","title":{"rendered":"Bakery Sections"},"content":{"rendered":"<div data-elementor-type=\"wp-page\" data-elementor-id=\"34332\" class=\"elementor elementor-34332\" data-elementor-post-type=\"page\">\n\t\t\t\t\t\t<section class=\"elementor-section elementor-top-section elementor-element elementor-element-01e7ffd elementor-hidden-desktop elementor-hidden-tablet elementor-section-boxed elementor-section-height-default elementor-section-height-default\" data-id=\"01e7ffd\" data-element_type=\"section\" data-e-type=\"section\">\n\t\t\t\t\t\t<div class=\"elementor-container elementor-column-gap-default\">\n\t\t\t\t\t<div class=\"elementor-column elementor-col-50 elementor-top-column elementor-element elementor-element-25a7ca6\" data-id=\"25a7ca6\" data-element_type=\"column\" data-e-type=\"column\">\n\t\t\t<div class=\"elementor-widget-wrap elementor-element-populated\">\n\t\t\t\t\t\t<div class=\"elementor-element elementor-element-ced9d5d elementor-widget-mobile__width-initial elementor-widget elementor-widget-heading\" data-id=\"ced9d5d\" data-element_type=\"widget\" data-e-type=\"widget\" data-settings=\"{&quot;_animation&quot;:&quot;none&quot;}\" data-widget_type=\"heading.default\">\n\t\t\t\t<div class=\"elementor-widget-container\">\n\t\t\t\t\t<h1 class=\"elementor-heading-title elementor-size-medium\">BAKERY SECTIONS<\/h1>\t\t\t\t<\/div>\n\t\t\t\t<\/div>\n\t\t\t\t\t<\/div>\n\t\t<\/div>\n\t\t\t\t<div class=\"elementor-column elementor-col-50 elementor-top-column elementor-element elementor-element-8060a8d\" data-id=\"8060a8d\" data-element_type=\"column\" data-e-type=\"column\">\n\t\t\t<div class=\"elementor-widget-wrap elementor-element-populated\">\n\t\t\t\t\t\t<div class=\"elementor-element elementor-element-5b51a453 elementor-widget__width-initial elementor-widget elementor-widget-image\" data-id=\"5b51a453\" data-element_type=\"widget\" data-e-type=\"widget\" data-widget_type=\"image.default\">\n\t\t\t\t<div class=\"elementor-widget-container\">\n\t\t\t\t\t\t\t\t\t\t\t\t\t\t\t<img fetchpriority=\"high\" decoding=\"async\" width=\"1200\" height=\"500\" src=\"https:\/\/ucge.com\/wp-content\/uploads\/unlumamul-banner.webp\" class=\"attachment-full size-full wp-image-35973\" alt=\"unlumamul-banner\" srcset=\"https:\/\/ucge.com\/wp-content\/uploads\/unlumamul-banner.webp 1200w, https:\/\/ucge.com\/wp-content\/uploads\/unlumamul-banner-300x125.webp 300w, https:\/\/ucge.com\/wp-content\/uploads\/unlumamul-banner-1024x427.webp 1024w, https:\/\/ucge.com\/wp-content\/uploads\/unlumamul-banner-768x320.webp 768w, https:\/\/ucge.com\/wp-content\/uploads\/unlumamul-banner-18x8.webp 18w\" sizes=\"(max-width: 709px) 85vw, (max-width: 909px) 67vw, (max-width: 1362px) 62vw, 840px\" \/>\t\t\t\t\t\t\t\t\t\t\t\t\t\t\t<\/div>\n\t\t\t\t<\/div>\n\t\t\t\t\t<\/div>\n\t\t<\/div>\n\t\t\t\t\t<\/div>\n\t\t<\/section>\n\t\t\t\t<section class=\"elementor-section elementor-top-section elementor-element elementor-element-68bb0493 elementor-section-full_width elementor-hidden-mobile elementor-section-height-default elementor-section-height-default\" data-id=\"68bb0493\" data-element_type=\"section\" data-e-type=\"section\">\n\t\t\t\t\t\t<div class=\"elementor-container elementor-column-gap-default\">\n\t\t\t\t\t<div class=\"elementor-column elementor-col-33 elementor-top-column elementor-element elementor-element-5a2e1ee6\" data-id=\"5a2e1ee6\" data-element_type=\"column\" data-e-type=\"column\">\n\t\t\t<div class=\"elementor-widget-wrap elementor-element-populated\">\n\t\t\t\t\t\t<div class=\"elementor-element elementor-element-7e4966d0 elementor-absolute elementor-widget elementor-widget-heading\" data-id=\"7e4966d0\" data-element_type=\"widget\" data-e-type=\"widget\" data-settings=\"{&quot;_animation&quot;:&quot;none&quot;,&quot;_position&quot;:&quot;absolute&quot;}\" data-widget_type=\"heading.default\">\n\t\t\t\t<div class=\"elementor-widget-container\">\n\t\t\t\t\t<h1 class=\"elementor-heading-title elementor-size-medium\">BAKERY SECTIONS<\/h1>\t\t\t\t<\/div>\n\t\t\t\t<\/div>\n\t\t\t\t\t<\/div>\n\t\t<\/div>\n\t\t\t\t<div class=\"elementor-column elementor-col-66 elementor-top-column elementor-element elementor-element-7b521ba0\" data-id=\"7b521ba0\" data-element_type=\"column\" data-e-type=\"column\">\n\t\t\t<div class=\"elementor-widget-wrap elementor-element-populated\">\n\t\t\t\t\t\t<div class=\"elementor-element elementor-element-b104d73 elementor-widget__width-initial elementor-widget elementor-widget-image\" data-id=\"b104d73\" data-element_type=\"widget\" data-e-type=\"widget\" data-widget_type=\"image.default\">\n\t\t\t\t<div class=\"elementor-widget-container\">\n\t\t\t\t\t\t\t\t\t\t\t\t\t\t\t<img fetchpriority=\"high\" decoding=\"async\" width=\"1200\" height=\"500\" src=\"https:\/\/ucge.com\/wp-content\/uploads\/unlumamul-banner.webp\" class=\"attachment-full size-full wp-image-35973\" alt=\"unlumamul-banner\" srcset=\"https:\/\/ucge.com\/wp-content\/uploads\/unlumamul-banner.webp 1200w, https:\/\/ucge.com\/wp-content\/uploads\/unlumamul-banner-300x125.webp 300w, https:\/\/ucge.com\/wp-content\/uploads\/unlumamul-banner-1024x427.webp 1024w, https:\/\/ucge.com\/wp-content\/uploads\/unlumamul-banner-768x320.webp 768w, https:\/\/ucge.com\/wp-content\/uploads\/unlumamul-banner-18x8.webp 18w\" sizes=\"(max-width: 709px) 85vw, (max-width: 909px) 67vw, (max-width: 1362px) 62vw, 840px\" \/>\t\t\t\t\t\t\t\t\t\t\t\t\t\t\t<\/div>\n\t\t\t\t<\/div>\n\t\t\t\t\t<\/div>\n\t\t<\/div>\n\t\t\t\t\t<\/div>\n\t\t<\/section>\n\t\t\t\t<section class=\"elementor-section elementor-top-section elementor-element elementor-element-3c2b3bb elementor-section-boxed elementor-section-height-default elementor-section-height-default\" data-id=\"3c2b3bb\" data-element_type=\"section\" data-e-type=\"section\">\n\t\t\t\t\t\t<div class=\"elementor-container elementor-column-gap-default\">\n\t\t\t\t\t<div class=\"elementor-column elementor-col-100 elementor-top-column elementor-element elementor-element-d3fcc0c\" data-id=\"d3fcc0c\" data-element_type=\"column\" data-e-type=\"column\">\n\t\t\t<div class=\"elementor-widget-wrap elementor-element-populated\">\n\t\t\t\t\t\t<div class=\"elementor-element elementor-element-8e3e2dc elementor-widget elementor-widget-text-editor\" data-id=\"8e3e2dc\" data-element_type=\"widget\" data-e-type=\"widget\" data-widget_type=\"text-editor.default\">\n\t\t\t\t<div class=\"elementor-widget-container\">\n\t\t\t\t\t\t\t\t\t<p>We help you display your products in the freshest and most attractive way with the shelving systems we specially design for bakery departments. Our shelving solutions, which combine aesthetics and functionality for your bakery section, will attract the attention of your customers and provide maximum visibility to your products. These shelving systems, which offer flexible use thanks to their modular structure and adapt to your store concept, allow you to present your baked goods in the most hygienic and orderly way. With our superior material quality and modern designs, we both add elegance to your store and increase customer satisfaction.<\/p>\t\t\t\t\t\t\t\t<\/div>\n\t\t\t\t<\/div>\n\t\t\t\t\t<\/div>\n\t\t<\/div>\n\t\t\t\t\t<\/div>\n\t\t<\/section>\n\t\t\t\t<section class=\"elementor-section elementor-top-section elementor-element elementor-element-1bf4ceec envato-kit-141 elementor-section-boxed elementor-section-height-default elementor-section-height-default\" data-id=\"1bf4ceec\" data-element_type=\"section\" data-e-type=\"section\" data-settings=\"{&quot;background_background&quot;:&quot;classic&quot;}\">\n\t\t\t\t\t\t\t<div class=\"elementor-background-overlay\"><\/div>\n\t\t\t\t\t\t\t<div class=\"elementor-container elementor-column-gap-no\">\n\t\t\t\t\t<div class=\"elementor-column elementor-col-50 elementor-top-column elementor-element elementor-element-389955b4\" data-id=\"389955b4\" data-element_type=\"column\" data-e-type=\"column\">\n\t\t\t<div class=\"elementor-widget-wrap elementor-element-populated\">\n\t\t\t\t\t\t<div class=\"elementor-element elementor-element-7a557148 elementor-invisible elementor-widget elementor-widget-image\" data-id=\"7a557148\" data-element_type=\"widget\" data-e-type=\"widget\" data-settings=\"{&quot;_animation&quot;:&quot;fadeIn&quot;,&quot;_animation_delay&quot;:100}\" data-widget_type=\"image.default\">\n\t\t\t\t<div class=\"elementor-widget-container\">\n\t\t\t\t\t\t\t\t\t\t\t\t\t\t\t\t<a href=\"https:\/\/ucge.com\/wp-content\/uploads\/unlu-mamuller005.jpg\" data-elementor-open-lightbox=\"yes\" data-elementor-lightbox-title=\"unlu-mamuller005.jpg\" data-e-action-hash=\"#elementor-action%3Aaction%3Dlightbox%26settings%3DeyJpZCI6IjM0MjY1IiwidXJsIjoiaHR0cHM6XC9cL3VjZ2UuY29tXC93cC1jb250ZW50XC91cGxvYWRzXC91bmx1LW1hbXVsbGVyMDA1LmpwZyJ9\">\n\t\t\t\t\t\t\t<img decoding=\"async\" src=\"https:\/\/ucge.com\/wp-content\/uploads\/elementor\/thumbs\/unlu-mamuller005-qukkfnp5vg0vpcwfthkci9ys9y80k46gb95cl3p0sg.jpg\" title=\"unlu-mamuller005.jpg\" alt=\"unlu-mamuller005.jpg\" loading=\"lazy\" \/>\t\t\t\t\t\t\t\t<\/a>\n\t\t\t\t\t\t\t\t\t\t\t\t\t\t\t<\/div>\n\t\t\t\t<\/div>\n\t\t\t\t\t<\/div>\n\t\t<\/div>\n\t\t\t\t<div class=\"elementor-column elementor-col-50 elementor-top-column elementor-element elementor-element-729452bb\" data-id=\"729452bb\" data-element_type=\"column\" data-e-type=\"column\">\n\t\t\t<div class=\"elementor-widget-wrap elementor-element-populated\">\n\t\t\t\t\t\t<div class=\"elementor-element elementor-element-7919759 elementor-invisible elementor-widget elementor-widget-image\" data-id=\"7919759\" data-element_type=\"widget\" data-e-type=\"widget\" data-settings=\"{&quot;_animation&quot;:&quot;fadeIn&quot;,&quot;_animation_delay&quot;:200}\" data-widget_type=\"image.default\">\n\t\t\t\t<div class=\"elementor-widget-container\">\n\t\t\t\t\t\t\t\t\t\t\t\t\t\t\t\t<a href=\"https:\/\/ucge.com\/wp-content\/uploads\/Adsiz-tasarim-1-e1775028955628.webp\" data-elementor-open-lightbox=\"yes\" data-elementor-lightbox-title=\"Ads\u0131z tasar\u0131m (1)\" data-e-action-hash=\"#elementor-action%3Aaction%3Dlightbox%26settings%3DeyJpZCI6MzY3ODUsInVybCI6Imh0dHBzOlwvXC91Y2dlLmNvbVwvd3AtY29udGVudFwvdXBsb2Fkc1wvQWRzaXotdGFzYXJpbS0xLWUxNzc1MDI4OTU1NjI4LndlYnAifQ%3D%3D\">\n\t\t\t\t\t\t\t<img decoding=\"async\" src=\"https:\/\/ucge.com\/wp-content\/uploads\/elementor\/thumbs\/Adsiz-tasarim-1-e1775028955628-rlcuu0si1o6q14ufiri30ncew4yy6e87mi1fgiiq90.webp\" title=\"Ads\u0131z tasar\u0131m (1)\" alt=\"Ads\u0131z tasar\u0131m (1)\" loading=\"lazy\" \/>\t\t\t\t\t\t\t\t<\/a>\n\t\t\t\t\t\t\t\t\t\t\t\t\t\t\t<\/div>\n\t\t\t\t<\/div>\n\t\t\t\t<section class=\"elementor-section elementor-inner-section elementor-element elementor-element-4cc2c740 elementor-section-boxed elementor-section-height-default elementor-section-height-default\" data-id=\"4cc2c740\" data-element_type=\"section\" data-e-type=\"section\">\n\t\t\t\t\t\t<div class=\"elementor-container elementor-column-gap-no\">\n\t\t\t\t\t<div class=\"elementor-column elementor-col-50 elementor-inner-column elementor-element elementor-element-67aded76\" data-id=\"67aded76\" data-element_type=\"column\" data-e-type=\"column\">\n\t\t\t<div class=\"elementor-widget-wrap elementor-element-populated\">\n\t\t\t\t\t\t<div class=\"elementor-element elementor-element-39052800 elementor-invisible elementor-widget elementor-widget-image\" data-id=\"39052800\" data-element_type=\"widget\" data-e-type=\"widget\" data-settings=\"{&quot;_animation&quot;:&quot;fadeIn&quot;,&quot;_animation_delay&quot;:300}\" data-widget_type=\"image.default\">\n\t\t\t\t<div class=\"elementor-widget-container\">\n\t\t\t\t\t\t\t\t\t\t\t\t\t\t\t\t<a href=\"https:\/\/ucge.com\/wp-content\/uploads\/unlu-mamuller004.jpg\" data-elementor-open-lightbox=\"yes\" data-elementor-lightbox-title=\"unlu-mamuller004.jpg\" data-e-action-hash=\"#elementor-action%3Aaction%3Dlightbox%26settings%3DeyJpZCI6IjM0MjY2IiwidXJsIjoiaHR0cHM6XC9cL3VjZ2UuY29tXC93cC1jb250ZW50XC91cGxvYWRzXC91bmx1LW1hbXVsbGVyMDA0LmpwZyJ9\">\n\t\t\t\t\t\t\t<img decoding=\"async\" src=\"https:\/\/ucge.com\/wp-content\/uploads\/elementor\/thumbs\/unlu-mamuller004-qukkfpkpdoxpwk6ruuwx6y49bd48chj1gc3my1pcbk.jpg\" title=\"unlu-mamuller004.jpg\" alt=\"unlu-mamuller004.jpg\" loading=\"lazy\" \/>\t\t\t\t\t\t\t\t<\/a>\n\t\t\t\t\t\t\t\t\t\t\t\t\t\t\t<\/div>\n\t\t\t\t<\/div>\n\t\t\t\t\t<\/div>\n\t\t<\/div>\n\t\t\t\t<div class=\"elementor-column elementor-col-50 elementor-inner-column elementor-element elementor-element-6a674d0c\" data-id=\"6a674d0c\" data-element_type=\"column\" data-e-type=\"column\">\n\t\t\t<div class=\"elementor-widget-wrap elementor-element-populated\">\n\t\t\t\t\t\t<div class=\"elementor-element elementor-element-679ea71d elementor-invisible elementor-widget elementor-widget-image\" data-id=\"679ea71d\" data-element_type=\"widget\" data-e-type=\"widget\" data-settings=\"{&quot;_animation&quot;:&quot;fadeIn&quot;,&quot;_animation_delay&quot;:400}\" data-widget_type=\"image.default\">\n\t\t\t\t<div class=\"elementor-widget-container\">\n\t\t\t\t\t\t\t\t\t\t\t\t\t\t\t\t<a href=\"https:\/\/ucge.com\/wp-content\/uploads\/unlu-mamuller002.jpg\" data-elementor-open-lightbox=\"yes\" data-elementor-lightbox-title=\"unlu-mamuller002.jpg\" data-e-action-hash=\"#elementor-action%3Aaction%3Dlightbox%26settings%3DeyJpZCI6IjM0MjY3IiwidXJsIjoiaHR0cHM6XC9cL3VjZ2UuY29tXC93cC1jb250ZW50XC91cGxvYWRzXC91bmx1LW1hbXVsbGVyMDAyLmpwZyJ9\">\n\t\t\t\t\t\t\t<img decoding=\"async\" src=\"https:\/\/ucge.com\/wp-content\/uploads\/elementor\/thumbs\/unlu-mamuller002-qukkfpkpdoxpwk6ruuwx6y49bd48chj1gc3my1pcbk.jpg\" title=\"unlu-mamuller002.jpg\" alt=\"unlu-mamuller002.jpg\" loading=\"lazy\" \/>\t\t\t\t\t\t\t\t<\/a>\n\t\t\t\t\t\t\t\t\t\t\t\t\t\t\t<\/div>\n\t\t\t\t<\/div>\n\t\t\t\t\t<\/div>\n\t\t<\/div>\n\t\t\t\t\t<\/div>\n\t\t<\/section>\n\t\t\t\t\t<\/div>\n\t\t<\/div>\n\t\t\t\t\t<\/div>\n\t\t<\/section>\n\t\t\t\t<section class=\"elementor-section elementor-top-section elementor-element elementor-element-6d8aed68 envato-kit-141 elementor-section-boxed elementor-section-height-default elementor-section-height-default\" data-id=\"6d8aed68\" data-element_type=\"section\" data-e-type=\"section\" data-settings=\"{&quot;background_background&quot;:&quot;classic&quot;}\">\n\t\t\t\t\t\t\t<div class=\"elementor-background-overlay\"><\/div>\n\t\t\t\t\t\t\t<div class=\"elementor-container elementor-column-gap-no\">\n\t\t\t\t\t<div class=\"elementor-column elementor-col-50 elementor-top-column elementor-element elementor-element-1c0179e8\" data-id=\"1c0179e8\" data-element_type=\"column\" data-e-type=\"column\">\n\t\t\t<div class=\"elementor-widget-wrap elementor-element-populated\">\n\t\t\t\t\t\t<section class=\"elementor-section elementor-inner-section elementor-element elementor-element-2c065bc8 elementor-section-boxed elementor-section-height-default elementor-section-height-default\" data-id=\"2c065bc8\" data-element_type=\"section\" data-e-type=\"section\">\n\t\t\t\t\t\t<div class=\"elementor-container elementor-column-gap-no\">\n\t\t\t\t\t<div class=\"elementor-column elementor-col-50 elementor-inner-column elementor-element elementor-element-3637e8e\" data-id=\"3637e8e\" data-element_type=\"column\" data-e-type=\"column\">\n\t\t\t<div class=\"elementor-widget-wrap elementor-element-populated\">\n\t\t\t\t\t\t<div class=\"elementor-element elementor-element-54a940c1 elementor-invisible elementor-widget elementor-widget-image\" data-id=\"54a940c1\" data-element_type=\"widget\" data-e-type=\"widget\" data-settings=\"{&quot;_animation&quot;:&quot;fadeIn&quot;,&quot;_animation_delay&quot;:100}\" data-widget_type=\"image.default\">\n\t\t\t\t<div class=\"elementor-widget-container\">\n\t\t\t\t\t\t\t\t\t\t\t\t\t\t\t\t<a href=\"https:\/\/ucge.com\/wp-content\/uploads\/unlu-mamuller007.jpg\" data-elementor-open-lightbox=\"yes\" data-elementor-lightbox-title=\"unlu-mamuller007.jpg\" data-e-action-hash=\"#elementor-action%3Aaction%3Dlightbox%26settings%3DeyJpZCI6IjM0MjY4IiwidXJsIjoiaHR0cHM6XC9cL3VjZ2UuY29tXC93cC1jb250ZW50XC91cGxvYWRzXC91bmx1LW1hbXVsbGVyMDA3LmpwZyJ9\">\n\t\t\t\t\t\t\t<img decoding=\"async\" src=\"https:\/\/ucge.com\/wp-content\/uploads\/elementor\/thumbs\/unlu-mamuller007-qukkfqijkiz0865epdbjrfvpwqzlk6mrsgr4fbny5c.jpg\" title=\"unlu-mamuller007.jpg\" alt=\"unlu-mamuller007.jpg\" loading=\"lazy\" \/>\t\t\t\t\t\t\t\t<\/a>\n\t\t\t\t\t\t\t\t\t\t\t\t\t\t\t<\/div>\n\t\t\t\t<\/div>\n\t\t\t\t\t<\/div>\n\t\t<\/div>\n\t\t\t\t<div class=\"elementor-column elementor-col-50 elementor-inner-column elementor-element elementor-element-4b5e033e\" data-id=\"4b5e033e\" data-element_type=\"column\" data-e-type=\"column\">\n\t\t\t<div class=\"elementor-widget-wrap elementor-element-populated\">\n\t\t\t\t\t\t<div class=\"elementor-element elementor-element-6709f80c elementor-invisible elementor-widget elementor-widget-image\" data-id=\"6709f80c\" data-element_type=\"widget\" data-e-type=\"widget\" data-settings=\"{&quot;_animation&quot;:&quot;fadeIn&quot;,&quot;_animation_delay&quot;:200}\" data-widget_type=\"image.default\">\n\t\t\t\t<div class=\"elementor-widget-container\">\n\t\t\t\t\t\t\t\t\t\t\t\t\t\t\t\t<a href=\"https:\/\/ucge.com\/wp-content\/uploads\/unlu-mamuller006.jpg\" data-elementor-open-lightbox=\"yes\" data-elementor-lightbox-title=\"unlu-mamuller006.jpg\" data-e-action-hash=\"#elementor-action%3Aaction%3Dlightbox%26settings%3DeyJpZCI6IjM0MjY5IiwidXJsIjoiaHR0cHM6XC9cL3VjZ2UuY29tXC93cC1jb250ZW50XC91cGxvYWRzXC91bmx1LW1hbXVsbGVyMDA2LmpwZyJ9\">\n\t\t\t\t\t\t\t<img decoding=\"async\" src=\"https:\/\/ucge.com\/wp-content\/uploads\/elementor\/thumbs\/unlu-mamuller006-qukkfqijkiz0865epdbjrfvpwqzlk6mrsgr4fbny5c.jpg\" title=\"unlu-mamuller006.jpg\" alt=\"unlu-mamuller006.jpg\" loading=\"lazy\" \/>\t\t\t\t\t\t\t\t<\/a>\n\t\t\t\t\t\t\t\t\t\t\t\t\t\t\t<\/div>\n\t\t\t\t<\/div>\n\t\t\t\t\t<\/div>\n\t\t<\/div>\n\t\t\t\t\t<\/div>\n\t\t<\/section>\n\t\t\t\t\t<\/div>\n\t\t<\/div>\n\t\t\t\t<div class=\"elementor-column elementor-col-50 elementor-top-column elementor-element elementor-element-3ce9d2dc\" data-id=\"3ce9d2dc\" data-element_type=\"column\" data-e-type=\"column\">\n\t\t\t<div class=\"elementor-widget-wrap elementor-element-populated\">\n\t\t\t\t\t\t<div class=\"elementor-element elementor-element-7c93cd71 elementor-invisible elementor-widget elementor-widget-image\" data-id=\"7c93cd71\" data-element_type=\"widget\" data-e-type=\"widget\" data-settings=\"{&quot;_animation&quot;:&quot;fadeIn&quot;,&quot;_animation_delay&quot;:300}\" data-widget_type=\"image.default\">\n\t\t\t\t<div class=\"elementor-widget-container\">\n\t\t\t\t\t\t\t\t\t\t\t\t\t\t\t\t<a href=\"https:\/\/ucge.com\/wp-content\/uploads\/unlu-mamuller001.jpg\" data-elementor-open-lightbox=\"yes\" data-elementor-lightbox-title=\"unlu-mamuller001.jpg\" data-e-action-hash=\"#elementor-action%3Aaction%3Dlightbox%26settings%3DeyJpZCI6IjM0MjcwIiwidXJsIjoiaHR0cHM6XC9cL3VjZ2UuY29tXC93cC1jb250ZW50XC91cGxvYWRzXC91bmx1LW1hbXVsbGVyMDAxLmpwZyJ9\">\n\t\t\t\t\t\t\t<img decoding=\"async\" src=\"https:\/\/ucge.com\/wp-content\/uploads\/elementor\/thumbs\/unlu-mamuller001-qukkfqiofy2flmdqk5qudpdbp3butp9fzae774a1r8.jpg\" title=\"unlu-mamuller001.jpg\" alt=\"unlu-mamuller001.jpg\" loading=\"lazy\" \/>\t\t\t\t\t\t\t\t<\/a>\n\t\t\t\t\t\t\t\t\t\t\t\t\t\t\t<\/div>\n\t\t\t\t<\/div>\n\t\t\t\t\t<\/div>\n\t\t<\/div>\n\t\t\t\t\t<\/div>\n\t\t<\/section>\n\t\t\t\t<\/div>","protected":false},"excerpt":{"rendered":"<p>UNLU MAMUL REYONLARI UNLU MAMUL REYONLARI Unlu mamul reyonlar\u0131na \u00f6zel tasarlad\u0131\u011f\u0131m\u0131z raf sistemleriyle \u00fcr\u00fcnlerinizi en taze ve \u00e7ekici \u015fekilde sergilemenize yard\u0131mc\u0131 oluyoruz. F\u0131r\u0131n b\u00f6l\u00fcm\u00fcn\u00fcz i\u00e7in estetik ve i\u015flevselli\u011fi bir araya getiren raf \u00e7\u00f6z\u00fcmlerimiz, hem m\u00fc\u015fterilerinizin ilgisini \u00e7ekecek hem de \u00fcr\u00fcnlerinize maksimum g\u00f6r\u00fcn\u00fcrl\u00fck kazand\u0131racakt\u0131r. Mod\u00fcler yap\u0131s\u0131 sayesinde esnek kullan\u0131m sunan ve ma\u011faza konseptinize uyum sa\u011flayan bu &hellip; <a href=\"https:\/\/ucge.com\/en\/projeler\/gida-marketler\/unlu-mamul-reyonlari\/\" class=\"more-link\">Continue reading<span class=\"screen-reader-text\"> &#8220;Unlu Mamul Reyonlar\u0131&#8221;<\/span><\/a><\/p>","protected":false},"author":2,"featured_media":0,"parent":34254,"menu_order":0,"comment_status":"closed","ping_status":"closed","template":"elementor_header_footer","meta":{"footnotes":""},"class_list":["post-34332","page","type-page","status-publish","hentry"],"_links":{"self":[{"href":"https:\/\/ucge.com\/en\/wp-json\/wp\/v2\/pages\/34332","targetHints":{"allow":["GET"]}}],"collection":[{"href":"https:\/\/ucge.com\/en\/wp-json\/wp\/v2\/pages"}],"about":[{"href":"https:\/\/ucge.com\/en\/wp-json\/wp\/v2\/types\/page"}],"author":[{"embeddable":true,"href":"https:\/\/ucge.com\/en\/wp-json\/wp\/v2\/users\/2"}],"replies":[{"embeddable":true,"href":"https:\/\/ucge.com\/en\/wp-json\/wp\/v2\/comments?post=34332"}],"version-history":[{"count":0,"href":"https:\/\/ucge.com\/en\/wp-json\/wp\/v2\/pages\/34332\/revisions"}],"up":[{"embeddable":true,"href":"https:\/\/ucge.com\/en\/wp-json\/wp\/v2\/pages\/34254"}],"wp:attachment":[{"href":"https:\/\/ucge.com\/en\/wp-json\/wp\/v2\/media?parent=34332"}],"curies":[{"name":"wp","href":"https:\/\/api.w.org\/{rel}","templated":true}]}}