{"id":34353,"date":"2024-09-24T12:11:39","date_gmt":"2024-09-24T09:11:39","guid":{"rendered":"https:\/\/ucge.com\/?page_id=34353"},"modified":"2024-12-10T09:43:37","modified_gmt":"2024-12-10T06:43:37","slug":"beverage-aisles","status":"publish","type":"page","link":"https:\/\/ucge.com\/en\/projeler\/gida-marketler\/icecek-reyonlari\/","title":{"rendered":"Beverage Aisles"},"content":{"rendered":"<div data-elementor-type=\"wp-page\" data-elementor-id=\"34353\" class=\"elementor elementor-34353\" data-elementor-post-type=\"page\">\n\t\t\t\t\t\t<section class=\"elementor-section elementor-top-section elementor-element elementor-element-b5a578b elementor-hidden-desktop elementor-hidden-tablet elementor-section-boxed elementor-section-height-default elementor-section-height-default\" data-id=\"b5a578b\" data-element_type=\"section\" data-e-type=\"section\">\n\t\t\t\t\t\t<div class=\"elementor-container elementor-column-gap-default\">\n\t\t\t\t\t<div class=\"elementor-column elementor-col-50 elementor-top-column elementor-element elementor-element-c37884f\" data-id=\"c37884f\" data-element_type=\"column\" data-e-type=\"column\">\n\t\t\t<div class=\"elementor-widget-wrap elementor-element-populated\">\n\t\t\t\t\t\t<div class=\"elementor-element elementor-element-f7154d0 elementor-widget-mobile__width-initial elementor-widget elementor-widget-heading\" data-id=\"f7154d0\" data-element_type=\"widget\" data-e-type=\"widget\" data-settings=\"{&quot;_animation&quot;:&quot;none&quot;}\" data-widget_type=\"heading.default\">\n\t\t\t\t<div class=\"elementor-widget-container\">\n\t\t\t\t\t<h1 class=\"elementor-heading-title elementor-size-medium\">BEVERAGE AISLES<\/h1>\t\t\t\t<\/div>\n\t\t\t\t<\/div>\n\t\t\t\t\t<\/div>\n\t\t<\/div>\n\t\t\t\t<div class=\"elementor-column elementor-col-50 elementor-top-column elementor-element elementor-element-598a36d\" data-id=\"598a36d\" data-element_type=\"column\" data-e-type=\"column\">\n\t\t\t<div class=\"elementor-widget-wrap elementor-element-populated\">\n\t\t\t\t\t\t<div class=\"elementor-element elementor-element-68792df elementor-widget__width-initial elementor-widget elementor-widget-image\" data-id=\"68792df\" data-element_type=\"widget\" data-e-type=\"widget\" data-widget_type=\"image.default\">\n\t\t\t\t<div class=\"elementor-widget-container\">\n\t\t\t\t\t\t\t\t\t\t\t\t\t\t\t<img fetchpriority=\"high\" decoding=\"async\" width=\"1200\" height=\"500\" src=\"https:\/\/ucge.com\/wp-content\/uploads\/icecek-reyonlari-banner.jpg\" class=\"attachment-full size-full wp-image-34355\" alt=\"icecek-reyonlari-banner.jpg\" srcset=\"https:\/\/ucge.com\/wp-content\/uploads\/icecek-reyonlari-banner.jpg 1200w, https:\/\/ucge.com\/wp-content\/uploads\/icecek-reyonlari-banner-300x125.jpg 300w, https:\/\/ucge.com\/wp-content\/uploads\/icecek-reyonlari-banner-1024x427.jpg 1024w, https:\/\/ucge.com\/wp-content\/uploads\/icecek-reyonlari-banner-768x320.jpg 768w, https:\/\/ucge.com\/wp-content\/uploads\/icecek-reyonlari-banner-18x8.jpg 18w\" sizes=\"(max-width: 709px) 85vw, (max-width: 909px) 67vw, (max-width: 1362px) 62vw, 840px\" \/>\t\t\t\t\t\t\t\t\t\t\t\t\t\t\t<\/div>\n\t\t\t\t<\/div>\n\t\t\t\t\t<\/div>\n\t\t<\/div>\n\t\t\t\t\t<\/div>\n\t\t<\/section>\n\t\t\t\t<section class=\"elementor-section elementor-top-section elementor-element elementor-element-388437a3 elementor-section-full_width elementor-hidden-mobile elementor-section-height-default elementor-section-height-default\" data-id=\"388437a3\" data-element_type=\"section\" data-e-type=\"section\">\n\t\t\t\t\t\t<div class=\"elementor-container elementor-column-gap-default\">\n\t\t\t\t\t<div class=\"elementor-column elementor-col-33 elementor-top-column elementor-element elementor-element-a3b85c5\" data-id=\"a3b85c5\" data-element_type=\"column\" data-e-type=\"column\">\n\t\t\t<div class=\"elementor-widget-wrap elementor-element-populated\">\n\t\t\t\t\t\t<div class=\"elementor-element elementor-element-3df62f1a elementor-absolute elementor-widget elementor-widget-heading\" data-id=\"3df62f1a\" data-element_type=\"widget\" data-e-type=\"widget\" data-settings=\"{&quot;_animation&quot;:&quot;none&quot;,&quot;_position&quot;:&quot;absolute&quot;}\" data-widget_type=\"heading.default\">\n\t\t\t\t<div class=\"elementor-widget-container\">\n\t\t\t\t\t<h1 class=\"elementor-heading-title elementor-size-medium\">BEVERAGE AISLES<\/h1>\t\t\t\t<\/div>\n\t\t\t\t<\/div>\n\t\t\t\t\t<\/div>\n\t\t<\/div>\n\t\t\t\t<div class=\"elementor-column elementor-col-66 elementor-top-column elementor-element elementor-element-36dbf1a6\" data-id=\"36dbf1a6\" data-element_type=\"column\" data-e-type=\"column\">\n\t\t\t<div class=\"elementor-widget-wrap elementor-element-populated\">\n\t\t\t\t\t\t<div class=\"elementor-element elementor-element-9d877ee elementor-widget__width-initial elementor-widget elementor-widget-image\" data-id=\"9d877ee\" data-element_type=\"widget\" data-e-type=\"widget\" data-widget_type=\"image.default\">\n\t\t\t\t<div class=\"elementor-widget-container\">\n\t\t\t\t\t\t\t\t\t\t\t\t\t\t\t<img fetchpriority=\"high\" decoding=\"async\" width=\"1200\" height=\"500\" src=\"https:\/\/ucge.com\/wp-content\/uploads\/icecek-reyonlari-banner.jpg\" class=\"attachment-full size-full wp-image-34355\" alt=\"icecek-reyonlari-banner.jpg\" srcset=\"https:\/\/ucge.com\/wp-content\/uploads\/icecek-reyonlari-banner.jpg 1200w, https:\/\/ucge.com\/wp-content\/uploads\/icecek-reyonlari-banner-300x125.jpg 300w, https:\/\/ucge.com\/wp-content\/uploads\/icecek-reyonlari-banner-1024x427.jpg 1024w, https:\/\/ucge.com\/wp-content\/uploads\/icecek-reyonlari-banner-768x320.jpg 768w, https:\/\/ucge.com\/wp-content\/uploads\/icecek-reyonlari-banner-18x8.jpg 18w\" sizes=\"(max-width: 709px) 85vw, (max-width: 909px) 67vw, (max-width: 1362px) 62vw, 840px\" \/>\t\t\t\t\t\t\t\t\t\t\t\t\t\t\t<\/div>\n\t\t\t\t<\/div>\n\t\t\t\t\t<\/div>\n\t\t<\/div>\n\t\t\t\t\t<\/div>\n\t\t<\/section>\n\t\t\t\t<section class=\"elementor-section elementor-top-section elementor-element elementor-element-c2b46b4 elementor-section-boxed elementor-section-height-default elementor-section-height-default\" data-id=\"c2b46b4\" data-element_type=\"section\" data-e-type=\"section\">\n\t\t\t\t\t\t<div class=\"elementor-container elementor-column-gap-default\">\n\t\t\t\t\t<div class=\"elementor-column elementor-col-100 elementor-top-column elementor-element elementor-element-05d4a99\" data-id=\"05d4a99\" data-element_type=\"column\" data-e-type=\"column\">\n\t\t\t<div class=\"elementor-widget-wrap elementor-element-populated\">\n\t\t\t\t\t\t<div class=\"elementor-element elementor-element-a52cd0d elementor-widget elementor-widget-text-editor\" data-id=\"a52cd0d\" data-element_type=\"widget\" data-e-type=\"widget\" data-widget_type=\"text-editor.default\">\n\t\t\t\t<div class=\"elementor-widget-container\">\n\t\t\t\t\t\t\t\t\tWith shelving systems specifically designed for your beverage sections, we ensure that your products are displayed in the most efficient and organized manner. Developed to accommodate bottles, cans, and other types of beverages, these shelving systems combine durability and aesthetics. Our solutions, which make your beverages easily accessible and optimize aisle organization with their high-load capacity and modular structure, also give your store a modern look. These shelving systems save space while enhancing the customer experience, making your beverage sections more efficient and appealing.\t\t\t\t\t\t\t\t<\/div>\n\t\t\t\t<\/div>\n\t\t\t\t\t<\/div>\n\t\t<\/div>\n\t\t\t\t\t<\/div>\n\t\t<\/section>\n\t\t\t\t<section class=\"elementor-section elementor-top-section elementor-element elementor-element-69bb1def envato-kit-141 elementor-section-boxed elementor-section-height-default elementor-section-height-default\" data-id=\"69bb1def\" data-element_type=\"section\" data-e-type=\"section\" data-settings=\"{&quot;background_background&quot;:&quot;classic&quot;}\">\n\t\t\t\t\t\t\t<div class=\"elementor-background-overlay\"><\/div>\n\t\t\t\t\t\t\t<div class=\"elementor-container elementor-column-gap-no\">\n\t\t\t\t\t<div class=\"elementor-column elementor-col-50 elementor-top-column elementor-element elementor-element-7a9c6343\" data-id=\"7a9c6343\" data-element_type=\"column\" data-e-type=\"column\">\n\t\t\t<div class=\"elementor-widget-wrap elementor-element-populated\">\n\t\t\t\t\t\t<div class=\"elementor-element elementor-element-578d0c39 elementor-invisible elementor-widget elementor-widget-image\" data-id=\"578d0c39\" data-element_type=\"widget\" data-e-type=\"widget\" data-settings=\"{&quot;_animation&quot;:&quot;fadeIn&quot;,&quot;_animation_delay&quot;:100}\" data-widget_type=\"image.default\">\n\t\t\t\t<div class=\"elementor-widget-container\">\n\t\t\t\t\t\t\t\t\t\t\t\t\t\t\t\t<a href=\"https:\/\/ucge.com\/wp-content\/uploads\/Elegant-and-versatile-solutions.jpg\" data-elementor-open-lightbox=\"yes\" data-elementor-lightbox-title=\"Elegant-and-versatile-solutions.jpg\" data-e-action-hash=\"#elementor-action%3Aaction%3Dlightbox%26settings%3DeyJpZCI6IjM0Mjc3IiwidXJsIjoiaHR0cHM6XC9cL3VjZ2UuY29tXC93cC1jb250ZW50XC91cGxvYWRzXC9FbGVnYW50LWFuZC12ZXJzYXRpbGUtc29sdXRpb25zLmpwZyJ9\">\n\t\t\t\t\t\t\t<img decoding=\"async\" src=\"https:\/\/ucge.com\/wp-content\/uploads\/elementor\/thumbs\/Elegant-and-versatile-solutions-qukkfv7ve4b6a8lilktd282h116y9p0b0ad8fbdveo.jpg\" title=\"Elegant-and-versatile-solutions.jpg\" alt=\"Elegant-and-versatile-solutions.jpg\" loading=\"lazy\" \/>\t\t\t\t\t\t\t\t<\/a>\n\t\t\t\t\t\t\t\t\t\t\t\t\t\t\t<\/div>\n\t\t\t\t<\/div>\n\t\t\t\t\t<\/div>\n\t\t<\/div>\n\t\t\t\t<div class=\"elementor-column elementor-col-50 elementor-top-column elementor-element elementor-element-12b504dc\" data-id=\"12b504dc\" data-element_type=\"column\" data-e-type=\"column\">\n\t\t\t<div class=\"elementor-widget-wrap elementor-element-populated\">\n\t\t\t\t\t\t<div class=\"elementor-element elementor-element-108b9c98 elementor-invisible elementor-widget elementor-widget-image\" data-id=\"108b9c98\" data-element_type=\"widget\" data-e-type=\"widget\" data-settings=\"{&quot;_animation&quot;:&quot;fadeIn&quot;,&quot;_animation_delay&quot;:200}\" data-widget_type=\"image.default\">\n\t\t\t\t<div class=\"elementor-widget-container\">\n\t\t\t\t\t\t\t\t\t\t\t\t\t\t\t\t<a href=\"https:\/\/ucge.com\/wp-content\/uploads\/icecek-reyonlari-02.jpg\" data-elementor-open-lightbox=\"yes\" data-elementor-lightbox-title=\"icecek-reyonlari-02.jpg\" data-e-action-hash=\"#elementor-action%3Aaction%3Dlightbox%26settings%3DeyJpZCI6IjM0Mjc4IiwidXJsIjoiaHR0cHM6XC9cL3VjZ2UuY29tXC93cC1jb250ZW50XC91cGxvYWRzXC9pY2VjZWstcmV5b25sYXJpLTAyLmpwZyJ9\">\n\t\t\t\t\t\t\t<img decoding=\"async\" src=\"https:\/\/ucge.com\/wp-content\/uploads\/elementor\/thumbs\/icecek-reyonlari-02-qukkfv7ve48v7o6wsprz866mo0oow6s3nxnmli32w4.jpg\" title=\"icecek-reyonlari-02.jpg\" alt=\"icecek-reyonlari-02.jpg\" loading=\"lazy\" \/>\t\t\t\t\t\t\t\t<\/a>\n\t\t\t\t\t\t\t\t\t\t\t\t\t\t\t<\/div>\n\t\t\t\t<\/div>\n\t\t\t\t<section class=\"elementor-section elementor-inner-section elementor-element elementor-element-3d3c75c2 elementor-section-boxed elementor-section-height-default elementor-section-height-default\" data-id=\"3d3c75c2\" data-element_type=\"section\" data-e-type=\"section\">\n\t\t\t\t\t\t<div class=\"elementor-container elementor-column-gap-no\">\n\t\t\t\t\t<div class=\"elementor-column elementor-col-50 elementor-inner-column elementor-element elementor-element-3cdcade8\" data-id=\"3cdcade8\" data-element_type=\"column\" data-e-type=\"column\">\n\t\t\t<div class=\"elementor-widget-wrap elementor-element-populated\">\n\t\t\t\t\t\t<div class=\"elementor-element elementor-element-1f2b659c elementor-invisible elementor-widget elementor-widget-image\" data-id=\"1f2b659c\" data-element_type=\"widget\" data-e-type=\"widget\" data-settings=\"{&quot;_animation&quot;:&quot;fadeIn&quot;,&quot;_animation_delay&quot;:300}\" data-widget_type=\"image.default\">\n\t\t\t\t<div class=\"elementor-widget-container\">\n\t\t\t\t\t\t\t\t\t\t\t\t\t\t\t\t<a href=\"https:\/\/ucge.com\/wp-content\/uploads\/icecek-reyonlari-06.jpg\" data-elementor-open-lightbox=\"yes\" data-elementor-lightbox-title=\"icecek-reyonlari-06.jpg\" data-e-action-hash=\"#elementor-action%3Aaction%3Dlightbox%26settings%3DeyJpZCI6IjM0Mjc5IiwidXJsIjoiaHR0cHM6XC9cL3VjZ2UuY29tXC93cC1jb250ZW50XC91cGxvYWRzXC9pY2VjZWstcmV5b25sYXJpLTA2LmpwZyJ9\">\n\t\t\t\t\t\t\t<img decoding=\"async\" src=\"https:\/\/ucge.com\/wp-content\/uploads\/elementor\/thumbs\/icecek-reyonlari-06-qukkfw5kpj6q5tx7sfrb6eghh27sud95t8o1azfl40.jpg\" title=\"icecek-reyonlari-06.jpg\" alt=\"icecek-reyonlari-06.jpg\" loading=\"lazy\" \/>\t\t\t\t\t\t\t\t<\/a>\n\t\t\t\t\t\t\t\t\t\t\t\t\t\t\t<\/div>\n\t\t\t\t<\/div>\n\t\t\t\t\t<\/div>\n\t\t<\/div>\n\t\t\t\t<div class=\"elementor-column elementor-col-50 elementor-inner-column elementor-element elementor-element-230b92f4\" data-id=\"230b92f4\" data-element_type=\"column\" data-e-type=\"column\">\n\t\t\t<div class=\"elementor-widget-wrap elementor-element-populated\">\n\t\t\t\t\t\t<div class=\"elementor-element elementor-element-64b2fbc9 elementor-invisible elementor-widget elementor-widget-image\" data-id=\"64b2fbc9\" data-element_type=\"widget\" data-e-type=\"widget\" data-settings=\"{&quot;_animation&quot;:&quot;fadeIn&quot;,&quot;_animation_delay&quot;:400}\" data-widget_type=\"image.default\">\n\t\t\t\t<div class=\"elementor-widget-container\">\n\t\t\t\t\t\t\t\t\t\t\t\t\t\t\t\t<a href=\"https:\/\/ucge.com\/wp-content\/uploads\/icecek-reyonlari-05.jpg\" data-elementor-open-lightbox=\"yes\" data-elementor-lightbox-title=\"icecek-reyonlari-05.jpg\" data-e-action-hash=\"#elementor-action%3Aaction%3Dlightbox%26settings%3DeyJpZCI6IjM0MjgwIiwidXJsIjoiaHR0cHM6XC9cL3VjZ2UuY29tXC93cC1jb250ZW50XC91cGxvYWRzXC9pY2VjZWstcmV5b25sYXJpLTA1LmpwZyJ9\">\n\t\t\t\t\t\t\t<img decoding=\"async\" src=\"https:\/\/ucge.com\/wp-content\/uploads\/elementor\/thumbs\/icecek-reyonlari-05-qukkfw5kpj6q5tx7sfrb6eghh27sud95t8o1azfl40.jpg\" title=\"icecek-reyonlari-05.jpg\" alt=\"icecek-reyonlari-05.jpg\" loading=\"lazy\" \/>\t\t\t\t\t\t\t\t<\/a>\n\t\t\t\t\t\t\t\t\t\t\t\t\t\t\t<\/div>\n\t\t\t\t<\/div>\n\t\t\t\t\t<\/div>\n\t\t<\/div>\n\t\t\t\t\t<\/div>\n\t\t<\/section>\n\t\t\t\t\t<\/div>\n\t\t<\/div>\n\t\t\t\t\t<\/div>\n\t\t<\/section>\n\t\t\t\t<section class=\"elementor-section elementor-top-section elementor-element elementor-element-37b5fe86 envato-kit-141 elementor-section-boxed elementor-section-height-default elementor-section-height-default\" data-id=\"37b5fe86\" data-element_type=\"section\" data-e-type=\"section\" data-settings=\"{&quot;background_background&quot;:&quot;classic&quot;}\">\n\t\t\t\t\t\t\t<div class=\"elementor-background-overlay\"><\/div>\n\t\t\t\t\t\t\t<div class=\"elementor-container elementor-column-gap-no\">\n\t\t\t\t\t<div class=\"elementor-column elementor-col-50 elementor-top-column elementor-element elementor-element-64c6f369\" data-id=\"64c6f369\" data-element_type=\"column\" data-e-type=\"column\">\n\t\t\t<div class=\"elementor-widget-wrap elementor-element-populated\">\n\t\t\t\t\t\t<section class=\"elementor-section elementor-inner-section elementor-element elementor-element-5ec665b3 elementor-section-boxed elementor-section-height-default elementor-section-height-default\" data-id=\"5ec665b3\" data-element_type=\"section\" data-e-type=\"section\">\n\t\t\t\t\t\t<div class=\"elementor-container elementor-column-gap-no\">\n\t\t\t\t\t<div class=\"elementor-column elementor-col-50 elementor-inner-column elementor-element elementor-element-35c32029\" data-id=\"35c32029\" data-element_type=\"column\" data-e-type=\"column\">\n\t\t\t<div class=\"elementor-widget-wrap elementor-element-populated\">\n\t\t\t\t\t\t<div class=\"elementor-element elementor-element-3d6e4548 elementor-invisible elementor-widget elementor-widget-image\" data-id=\"3d6e4548\" data-element_type=\"widget\" data-e-type=\"widget\" data-settings=\"{&quot;_animation&quot;:&quot;fadeIn&quot;,&quot;_animation_delay&quot;:100}\" data-widget_type=\"image.default\">\n\t\t\t\t<div class=\"elementor-widget-container\">\n\t\t\t\t\t\t\t\t\t\t\t\t\t\t\t\t<a href=\"https:\/\/ucge.com\/wp-content\/uploads\/icecek-reyonlari-04.jpg\" data-elementor-open-lightbox=\"yes\" data-elementor-lightbox-title=\"icecek-reyonlari-04.jpg\" data-e-action-hash=\"#elementor-action%3Aaction%3Dlightbox%26settings%3DeyJpZCI6IjM0MjgxIiwidXJsIjoiaHR0cHM6XC9cL3VjZ2UuY29tXC93cC1jb250ZW50XC91cGxvYWRzXC9pY2VjZWstcmV5b25sYXJpLTA0LmpwZyJ9\">\n\t\t\t\t\t\t\t<img decoding=\"async\" src=\"https:\/\/ucge.com\/wp-content\/uploads\/elementor\/thumbs\/icecek-reyonlari-04-qukkfx3ewd80hfvumy5xqw7y2g3622cw5dbis9e6xs.jpg\" title=\"icecek-reyonlari-04.jpg\" alt=\"icecek-reyonlari-04.jpg\" loading=\"lazy\" \/>\t\t\t\t\t\t\t\t<\/a>\n\t\t\t\t\t\t\t\t\t\t\t\t\t\t\t<\/div>\n\t\t\t\t<\/div>\n\t\t\t\t\t<\/div>\n\t\t<\/div>\n\t\t\t\t<div class=\"elementor-column elementor-col-50 elementor-inner-column elementor-element elementor-element-5b1921af\" data-id=\"5b1921af\" data-element_type=\"column\" data-e-type=\"column\">\n\t\t\t<div class=\"elementor-widget-wrap elementor-element-populated\">\n\t\t\t\t\t\t<div class=\"elementor-element elementor-element-14bb1f07 elementor-invisible elementor-widget elementor-widget-image\" data-id=\"14bb1f07\" data-element_type=\"widget\" data-e-type=\"widget\" data-settings=\"{&quot;_animation&quot;:&quot;fadeIn&quot;,&quot;_animation_delay&quot;:200}\" data-widget_type=\"image.default\">\n\t\t\t\t<div class=\"elementor-widget-container\">\n\t\t\t\t\t\t\t\t\t\t\t\t\t\t\t\t<a href=\"https:\/\/ucge.com\/wp-content\/uploads\/icecek-reyonlari-01.jpg\" data-elementor-open-lightbox=\"yes\" data-elementor-lightbox-title=\"icecek-reyonlari-01.jpg\" data-e-action-hash=\"#elementor-action%3Aaction%3Dlightbox%26settings%3DeyJpZCI6IjM0MjgyIiwidXJsIjoiaHR0cHM6XC9cL3VjZ2UuY29tXC93cC1jb250ZW50XC91cGxvYWRzXC9pY2VjZWstcmV5b25sYXJpLTAxLmpwZyJ9\">\n\t\t\t\t\t\t\t<img decoding=\"async\" src=\"https:\/\/ucge.com\/wp-content\/uploads\/elementor\/thumbs\/icecek-reyonlari-01-qukkfx3ewd80hfvumy5xqw7y2g3622cw5dbis9e6xs.jpg\" title=\"icecek-reyonlari-01.jpg\" alt=\"icecek-reyonlari-01.jpg\" loading=\"lazy\" \/>\t\t\t\t\t\t\t\t<\/a>\n\t\t\t\t\t\t\t\t\t\t\t\t\t\t\t<\/div>\n\t\t\t\t<\/div>\n\t\t\t\t\t<\/div>\n\t\t<\/div>\n\t\t\t\t\t<\/div>\n\t\t<\/section>\n\t\t\t\t\t<\/div>\n\t\t<\/div>\n\t\t\t\t<div class=\"elementor-column elementor-col-50 elementor-top-column elementor-element elementor-element-5539132f\" data-id=\"5539132f\" data-element_type=\"column\" data-e-type=\"column\">\n\t\t\t<div class=\"elementor-widget-wrap elementor-element-populated\">\n\t\t\t\t\t\t<div class=\"elementor-element elementor-element-97128ca elementor-invisible elementor-widget elementor-widget-image\" data-id=\"97128ca\" data-element_type=\"widget\" data-e-type=\"widget\" data-settings=\"{&quot;_animation&quot;:&quot;fadeIn&quot;,&quot;_animation_delay&quot;:300}\" data-widget_type=\"image.default\">\n\t\t\t\t<div class=\"elementor-widget-container\">\n\t\t\t\t\t\t\t\t\t\t\t\t\t\t\t\t<a href=\"https:\/\/ucge.com\/wp-content\/uploads\/icecek-reyonlari-03.jpg\" data-elementor-open-lightbox=\"yes\" data-elementor-lightbox-title=\"icecek-reyonlari-03.jpg\" data-e-action-hash=\"#elementor-action%3Aaction%3Dlightbox%26settings%3DeyJpZCI6IjM0MjgzIiwidXJsIjoiaHR0cHM6XC9cL3VjZ2UuY29tXC93cC1jb250ZW50XC91cGxvYWRzXC9pY2VjZWstcmV5b25sYXJpLTAzLmpwZyJ9\">\n\t\t\t\t\t\t\t<img decoding=\"async\" src=\"https:\/\/ucge.com\/wp-content\/uploads\/elementor\/thumbs\/icecek-reyonlari-03-qukkfy1dymcq6i2tc8zuxnh0g6asja3aobm31bywdg.jpg\" title=\"icecek-reyonlari-03.jpg\" alt=\"icecek-reyonlari-03.jpg\" loading=\"lazy\" \/>\t\t\t\t\t\t\t\t<\/a>\n\t\t\t\t\t\t\t\t\t\t\t\t\t\t\t<\/div>\n\t\t\t\t<\/div>\n\t\t\t\t\t<\/div>\n\t\t<\/div>\n\t\t\t\t\t<\/div>\n\t\t<\/section>\n\t\t\t\t<\/div>","protected":false},"excerpt":{"rendered":"<p>\u0130\u00c7ECEK REYONLARI \u0130\u00c7ECEK REYONLARI \u0130\u00e7ecek reyonlar\u0131n\u0131za \u00f6zel olarak tasarlanm\u0131\u015f raf sistemleriyle \u00fcr\u00fcnlerinizi en etkili ve d\u00fczenli \u015fekilde sergilemenizi sa\u011fl\u0131yoruz. \u015ei\u015fe, kutu ve di\u011fer i\u00e7ecek \u00e7e\u015fitlerine uygun olarak geli\u015ftirilen bu raf sistemleri, dayan\u0131kl\u0131l\u0131k ve esteti\u011fi bir araya getiriyor. \u0130\u00e7eceklerinizi kolay eri\u015filebilir k\u0131lan, y\u00fcksek ta\u015f\u0131ma kapasitesine sahip mod\u00fcler yap\u0131s\u0131yla reyon d\u00fczenlemelerinizi optimize eden \u00e7\u00f6z\u00fcmlerimiz, ayn\u0131 zamanda ma\u011fazan\u0131za &hellip; <a href=\"https:\/\/ucge.com\/en\/projeler\/gida-marketler\/icecek-reyonlari\/\" class=\"more-link\">Continue reading<span class=\"screen-reader-text\"> &#8220;\u0130\u00e7ecek Reyonlar\u0131&#8221;<\/span><\/a><\/p>","protected":false},"author":2,"featured_media":0,"parent":34254,"menu_order":0,"comment_status":"closed","ping_status":"closed","template":"elementor_header_footer","meta":{"footnotes":""},"class_list":["post-34353","page","type-page","status-publish","hentry"],"_links":{"self":[{"href":"https:\/\/ucge.com\/en\/wp-json\/wp\/v2\/pages\/34353","targetHints":{"allow":["GET"]}}],"collection":[{"href":"https:\/\/ucge.com\/en\/wp-json\/wp\/v2\/pages"}],"about":[{"href":"https:\/\/ucge.com\/en\/wp-json\/wp\/v2\/types\/page"}],"author":[{"embeddable":true,"href":"https:\/\/ucge.com\/en\/wp-json\/wp\/v2\/users\/2"}],"replies":[{"embeddable":true,"href":"https:\/\/ucge.com\/en\/wp-json\/wp\/v2\/comments?post=34353"}],"version-history":[{"count":0,"href":"https:\/\/ucge.com\/en\/wp-json\/wp\/v2\/pages\/34353\/revisions"}],"up":[{"embeddable":true,"href":"https:\/\/ucge.com\/en\/wp-json\/wp\/v2\/pages\/34254"}],"wp:attachment":[{"href":"https:\/\/ucge.com\/en\/wp-json\/wp\/v2\/media?parent=34353"}],"curies":[{"name":"wp","href":"https:\/\/api.w.org\/{rel}","templated":true}]}}