{"id":34364,"date":"2024-09-24T12:24:10","date_gmt":"2024-09-24T09:24:10","guid":{"rendered":"https:\/\/ucge.com\/?page_id=34364"},"modified":"2025-01-16T18:28:29","modified_gmt":"2025-01-16T15:28:29","slug":"check-out","status":"publish","type":"page","link":"https:\/\/ucge.com\/en\/projeler\/gida-marketler\/kasa-altligi\/","title":{"rendered":"Check Out"},"content":{"rendered":"<div data-elementor-type=\"wp-page\" data-elementor-id=\"34364\" class=\"elementor elementor-34364\" data-elementor-post-type=\"page\">\n\t\t\t\t\t\t<section class=\"elementor-section elementor-top-section elementor-element elementor-element-ec26cc0 elementor-hidden-desktop elementor-hidden-tablet elementor-section-boxed elementor-section-height-default elementor-section-height-default\" data-id=\"ec26cc0\" data-element_type=\"section\" data-e-type=\"section\">\n\t\t\t\t\t\t<div class=\"elementor-container elementor-column-gap-default\">\n\t\t\t\t\t<div class=\"elementor-column elementor-col-50 elementor-top-column elementor-element elementor-element-9b2e757\" data-id=\"9b2e757\" data-element_type=\"column\" data-e-type=\"column\">\n\t\t\t<div class=\"elementor-widget-wrap elementor-element-populated\">\n\t\t\t\t\t\t<div class=\"elementor-element elementor-element-e8fae93 elementor-widget-mobile__width-initial elementor-widget elementor-widget-heading\" data-id=\"e8fae93\" data-element_type=\"widget\" data-e-type=\"widget\" data-settings=\"{&quot;_animation&quot;:&quot;none&quot;}\" data-widget_type=\"heading.default\">\n\t\t\t\t<div class=\"elementor-widget-container\">\n\t\t\t\t\t<h1 class=\"elementor-heading-title elementor-size-medium\">CHECK OUT<\/h1>\t\t\t\t<\/div>\n\t\t\t\t<\/div>\n\t\t\t\t\t<\/div>\n\t\t<\/div>\n\t\t\t\t<div class=\"elementor-column elementor-col-50 elementor-top-column elementor-element elementor-element-013d36e\" data-id=\"013d36e\" data-element_type=\"column\" data-e-type=\"column\">\n\t\t\t<div class=\"elementor-widget-wrap elementor-element-populated\">\n\t\t\t\t\t\t<div class=\"elementor-element elementor-element-385773ce elementor-widget__width-initial elementor-widget elementor-widget-image\" data-id=\"385773ce\" data-element_type=\"widget\" data-e-type=\"widget\" data-widget_type=\"image.default\">\n\t\t\t\t<div class=\"elementor-widget-container\">\n\t\t\t\t\t\t\t\t\t\t\t\t\t\t\t<img fetchpriority=\"high\" decoding=\"async\" width=\"1200\" height=\"500\" src=\"https:\/\/ucge.com\/wp-content\/uploads\/kasa-altligi-banner.jpg\" class=\"attachment-full size-full wp-image-34370\" alt=\"kasa-altligi-banner.jpg\" srcset=\"https:\/\/ucge.com\/wp-content\/uploads\/kasa-altligi-banner.jpg 1200w, https:\/\/ucge.com\/wp-content\/uploads\/kasa-altligi-banner-300x125.jpg 300w, https:\/\/ucge.com\/wp-content\/uploads\/kasa-altligi-banner-1024x427.jpg 1024w, https:\/\/ucge.com\/wp-content\/uploads\/kasa-altligi-banner-768x320.jpg 768w, https:\/\/ucge.com\/wp-content\/uploads\/kasa-altligi-banner-18x8.jpg 18w\" sizes=\"(max-width: 709px) 85vw, (max-width: 909px) 67vw, (max-width: 1362px) 62vw, 840px\" \/>\t\t\t\t\t\t\t\t\t\t\t\t\t\t\t<\/div>\n\t\t\t\t<\/div>\n\t\t\t\t\t<\/div>\n\t\t<\/div>\n\t\t\t\t\t<\/div>\n\t\t<\/section>\n\t\t\t\t<section class=\"elementor-section elementor-top-section elementor-element elementor-element-5b82474e elementor-section-full_width elementor-hidden-mobile elementor-section-height-default elementor-section-height-default\" data-id=\"5b82474e\" data-element_type=\"section\" data-e-type=\"section\">\n\t\t\t\t\t\t<div class=\"elementor-container elementor-column-gap-default\">\n\t\t\t\t\t<div class=\"elementor-column elementor-col-33 elementor-top-column elementor-element elementor-element-13f787ab\" data-id=\"13f787ab\" data-element_type=\"column\" data-e-type=\"column\">\n\t\t\t<div class=\"elementor-widget-wrap elementor-element-populated\">\n\t\t\t\t\t\t<div class=\"elementor-element elementor-element-694926b5 elementor-absolute elementor-widget elementor-widget-heading\" data-id=\"694926b5\" data-element_type=\"widget\" data-e-type=\"widget\" data-settings=\"{&quot;_animation&quot;:&quot;none&quot;,&quot;_position&quot;:&quot;absolute&quot;}\" data-widget_type=\"heading.default\">\n\t\t\t\t<div class=\"elementor-widget-container\">\n\t\t\t\t\t<h1 class=\"elementor-heading-title elementor-size-medium\">CHECK OUT<\/h1>\t\t\t\t<\/div>\n\t\t\t\t<\/div>\n\t\t\t\t\t<\/div>\n\t\t<\/div>\n\t\t\t\t<div class=\"elementor-column elementor-col-66 elementor-top-column elementor-element elementor-element-2c39364a\" data-id=\"2c39364a\" data-element_type=\"column\" data-e-type=\"column\">\n\t\t\t<div class=\"elementor-widget-wrap elementor-element-populated\">\n\t\t\t\t\t\t<div class=\"elementor-element elementor-element-28ea23b elementor-widget__width-initial elementor-widget elementor-widget-image\" data-id=\"28ea23b\" data-element_type=\"widget\" data-e-type=\"widget\" data-widget_type=\"image.default\">\n\t\t\t\t<div class=\"elementor-widget-container\">\n\t\t\t\t\t\t\t\t\t\t\t\t\t\t\t<img fetchpriority=\"high\" decoding=\"async\" width=\"1200\" height=\"500\" src=\"https:\/\/ucge.com\/wp-content\/uploads\/kasa-altligi-banner.jpg\" class=\"attachment-full size-full wp-image-34370\" alt=\"kasa-altligi-banner.jpg\" srcset=\"https:\/\/ucge.com\/wp-content\/uploads\/kasa-altligi-banner.jpg 1200w, https:\/\/ucge.com\/wp-content\/uploads\/kasa-altligi-banner-300x125.jpg 300w, https:\/\/ucge.com\/wp-content\/uploads\/kasa-altligi-banner-1024x427.jpg 1024w, https:\/\/ucge.com\/wp-content\/uploads\/kasa-altligi-banner-768x320.jpg 768w, https:\/\/ucge.com\/wp-content\/uploads\/kasa-altligi-banner-18x8.jpg 18w\" sizes=\"(max-width: 709px) 85vw, (max-width: 909px) 67vw, (max-width: 1362px) 62vw, 840px\" \/>\t\t\t\t\t\t\t\t\t\t\t\t\t\t\t<\/div>\n\t\t\t\t<\/div>\n\t\t\t\t\t<\/div>\n\t\t<\/div>\n\t\t\t\t\t<\/div>\n\t\t<\/section>\n\t\t\t\t<section class=\"elementor-section elementor-top-section elementor-element elementor-element-25d84a4 elementor-section-boxed elementor-section-height-default elementor-section-height-default\" data-id=\"25d84a4\" data-element_type=\"section\" data-e-type=\"section\">\n\t\t\t\t\t\t<div class=\"elementor-container elementor-column-gap-default\">\n\t\t\t\t\t<div class=\"elementor-column elementor-col-100 elementor-top-column elementor-element elementor-element-fcdafc2\" data-id=\"fcdafc2\" data-element_type=\"column\" data-e-type=\"column\">\n\t\t\t<div class=\"elementor-widget-wrap elementor-element-populated\">\n\t\t\t\t\t\t<div class=\"elementor-element elementor-element-fca272d elementor-widget elementor-widget-text-editor\" data-id=\"fca272d\" data-element_type=\"widget\" data-e-type=\"widget\" data-widget_type=\"text-editor.default\">\n\t\t\t\t<div class=\"elementor-widget-container\">\n\t\t\t\t\t\t\t\t\t<p>We offer checkout counter base solutions that enhance functionality and organization in your checkout areas. With their durable structure and ergonomic design, our checkout bases optimize the workspace for cashiers while providing customers with a faster and more comfortable shopping experience. These bases can be customized to match your store concept, facilitating workflow during busy times while contributing to the professional appearance of your store with their aesthetic and modern design. Make your business processes more efficient with \u00dc\u00c7GE's innovative checkout base solutions.<\/p>\t\t\t\t\t\t\t\t<\/div>\n\t\t\t\t<\/div>\n\t\t\t\t\t<\/div>\n\t\t<\/div>\n\t\t\t\t\t<\/div>\n\t\t<\/section>\n\t\t\t\t<section class=\"elementor-section elementor-top-section elementor-element elementor-element-354b02d8 envato-kit-141 elementor-section-boxed elementor-section-height-default elementor-section-height-default\" data-id=\"354b02d8\" data-element_type=\"section\" data-e-type=\"section\" data-settings=\"{&quot;background_background&quot;:&quot;classic&quot;}\">\n\t\t\t\t\t\t\t<div class=\"elementor-background-overlay\"><\/div>\n\t\t\t\t\t\t\t<div class=\"elementor-container elementor-column-gap-no\">\n\t\t\t\t\t<div class=\"elementor-column elementor-col-50 elementor-top-column elementor-element elementor-element-528a97ae\" data-id=\"528a97ae\" data-element_type=\"column\" data-e-type=\"column\">\n\t\t\t<div class=\"elementor-widget-wrap elementor-element-populated\">\n\t\t\t\t\t\t<div class=\"elementor-element elementor-element-31d9d39c elementor-invisible elementor-widget elementor-widget-image\" data-id=\"31d9d39c\" data-element_type=\"widget\" data-e-type=\"widget\" data-settings=\"{&quot;_animation&quot;:&quot;fadeIn&quot;,&quot;_animation_delay&quot;:100}\" data-widget_type=\"image.default\">\n\t\t\t\t<div class=\"elementor-widget-container\">\n\t\t\t\t\t\t\t\t\t\t\t\t\t\t\t\t<a href=\"https:\/\/ucge.com\/wp-content\/uploads\/kasa-altligi-5-17.jpg\" data-elementor-open-lightbox=\"yes\" data-elementor-lightbox-title=\"kasa-altligi-5.jpg\" data-e-action-hash=\"#elementor-action%3Aaction%3Dlightbox%26settings%3DeyJpZCI6IjM0Mjg0IiwidXJsIjoiaHR0cHM6XC9cL3VjZ2UuY29tXC93cC1jb250ZW50XC91cGxvYWRzXC9rYXNhLWFsdGxpZ2ktNS0xNy5qcGcifQ%3D%3D\">\n\t\t\t\t\t\t\t<img decoding=\"async\" src=\"https:\/\/ucge.com\/wp-content\/uploads\/elementor\/thumbs\/kasa-altligi-5-17-qukkfyz85ggbkog1zmfvc74bekof4hf8csz6cf8aps.jpg\" title=\"kasa-altligi-5.jpg\" alt=\"kasa-altligi-5.jpg\" loading=\"lazy\" \/>\t\t\t\t\t\t\t\t<\/a>\n\t\t\t\t\t\t\t\t\t\t\t\t\t\t\t<\/div>\n\t\t\t\t<\/div>\n\t\t\t\t\t<\/div>\n\t\t<\/div>\n\t\t\t\t<div class=\"elementor-column elementor-col-50 elementor-top-column elementor-element elementor-element-3c52cddd\" data-id=\"3c52cddd\" data-element_type=\"column\" data-e-type=\"column\">\n\t\t\t<div class=\"elementor-widget-wrap elementor-element-populated\">\n\t\t\t\t\t\t<div class=\"elementor-element elementor-element-73209189 elementor-invisible elementor-widget elementor-widget-image\" data-id=\"73209189\" data-element_type=\"widget\" data-e-type=\"widget\" data-settings=\"{&quot;_animation&quot;:&quot;fadeIn&quot;,&quot;_animation_delay&quot;:200}\" data-widget_type=\"image.default\">\n\t\t\t\t<div class=\"elementor-widget-container\">\n\t\t\t\t\t\t\t\t\t\t\t\t\t\t\t\t<a href=\"https:\/\/ucge.com\/wp-content\/uploads\/kasa-altligi-7.jpg\" data-elementor-open-lightbox=\"yes\" data-elementor-lightbox-title=\"kasa-altligi-7.jpg\" data-e-action-hash=\"#elementor-action%3Aaction%3Dlightbox%26settings%3DeyJpZCI6IjM0Mjg1IiwidXJsIjoiaHR0cHM6XC9cL3VjZ2UuY29tXC93cC1jb250ZW50XC91cGxvYWRzXC9rYXNhLWFsdGxpZ2ktNy5qcGcifQ%3D%3D\">\n\t\t\t\t\t\t\t<img decoding=\"async\" src=\"https:\/\/ucge.com\/wp-content\/uploads\/elementor\/thumbs\/kasa-altligi-7-qukkfyz85ge0i41g6rehi58h1k65qz710g9kilxi78.jpg\" title=\"kasa-altligi-7.jpg\" alt=\"kasa-altligi-7.jpg\" loading=\"lazy\" \/>\t\t\t\t\t\t\t\t<\/a>\n\t\t\t\t\t\t\t\t\t\t\t\t\t\t\t<\/div>\n\t\t\t\t<\/div>\n\t\t\t\t<section class=\"elementor-section elementor-inner-section elementor-element elementor-element-148a253b elementor-section-boxed elementor-section-height-default elementor-section-height-default\" data-id=\"148a253b\" data-element_type=\"section\" data-e-type=\"section\">\n\t\t\t\t\t\t<div class=\"elementor-container elementor-column-gap-no\">\n\t\t\t\t\t<div class=\"elementor-column elementor-col-50 elementor-inner-column elementor-element elementor-element-6e4b0edc\" data-id=\"6e4b0edc\" data-element_type=\"column\" data-e-type=\"column\">\n\t\t\t<div class=\"elementor-widget-wrap elementor-element-populated\">\n\t\t\t\t\t\t<div class=\"elementor-element elementor-element-4f29adf3 elementor-invisible elementor-widget elementor-widget-image\" data-id=\"4f29adf3\" data-element_type=\"widget\" data-e-type=\"widget\" data-settings=\"{&quot;_animation&quot;:&quot;fadeIn&quot;,&quot;_animation_delay&quot;:300}\" data-widget_type=\"image.default\">\n\t\t\t\t<div class=\"elementor-widget-container\">\n\t\t\t\t\t\t\t\t\t\t\t\t\t\t\t\t<a href=\"https:\/\/ucge.com\/wp-content\/uploads\/kasa-altligi-6-17.jpg\" data-elementor-open-lightbox=\"yes\" data-elementor-lightbox-title=\"kasa-altligi-6.jpg\" data-e-action-hash=\"#elementor-action%3Aaction%3Dlightbox%26settings%3DeyJpZCI6IjM0Mjg2IiwidXJsIjoiaHR0cHM6XC9cL3VjZ2UuY29tXC93cC1jb250ZW50XC91cGxvYWRzXC9rYXNhLWFsdGxpZ2ktNi0xNy5qcGcifQ%3D%3D\">\n\t\t\t\t\t\t\t<img decoding=\"async\" src=\"https:\/\/ucge.com\/wp-content\/uploads\/elementor\/thumbs\/kasa-altligi-6-17-qukkfzwxgvbvg9rr6hdtgdibulp9p5o35r9z83a0f4.jpg\" title=\"kasa-altligi-6.jpg\" alt=\"kasa-altligi-6.jpg\" loading=\"lazy\" \/>\t\t\t\t\t\t\t\t<\/a>\n\t\t\t\t\t\t\t\t\t\t\t\t\t\t\t<\/div>\n\t\t\t\t<\/div>\n\t\t\t\t\t<\/div>\n\t\t<\/div>\n\t\t\t\t<div class=\"elementor-column elementor-col-50 elementor-inner-column elementor-element elementor-element-256faafc\" data-id=\"256faafc\" data-element_type=\"column\" data-e-type=\"column\">\n\t\t\t<div class=\"elementor-widget-wrap elementor-element-populated\">\n\t\t\t\t\t\t<div class=\"elementor-element elementor-element-500f3d6c elementor-invisible elementor-widget elementor-widget-image\" data-id=\"500f3d6c\" data-element_type=\"widget\" data-e-type=\"widget\" data-settings=\"{&quot;_animation&quot;:&quot;fadeIn&quot;,&quot;_animation_delay&quot;:400}\" data-widget_type=\"image.default\">\n\t\t\t\t<div class=\"elementor-widget-container\">\n\t\t\t\t\t\t\t\t\t\t\t\t\t\t\t\t<a href=\"https:\/\/ucge.com\/wp-content\/uploads\/kasa-altligi-4-17.jpg\" data-elementor-open-lightbox=\"yes\" data-elementor-lightbox-title=\"kasa-altligi-4.jpg\" data-e-action-hash=\"#elementor-action%3Aaction%3Dlightbox%26settings%3DeyJpZCI6IjM0Mjg3IiwidXJsIjoiaHR0cHM6XC9cL3VjZ2UuY29tXC93cC1jb250ZW50XC91cGxvYWRzXC9rYXNhLWFsdGxpZ2ktNC0xNy5qcGcifQ%3D%3D\">\n\t\t\t\t\t\t\t<img decoding=\"async\" src=\"https:\/\/ucge.com\/wp-content\/uploads\/elementor\/thumbs\/kasa-altligi-4-17-qukkfzwxgvbvg9rr6hdtgdibulp9p5o35r9z83a0f4.jpg\" title=\"kasa-altligi-4.jpg\" alt=\"kasa-altligi-4.jpg\" loading=\"lazy\" \/>\t\t\t\t\t\t\t\t<\/a>\n\t\t\t\t\t\t\t\t\t\t\t\t\t\t\t<\/div>\n\t\t\t\t<\/div>\n\t\t\t\t\t<\/div>\n\t\t<\/div>\n\t\t\t\t\t<\/div>\n\t\t<\/section>\n\t\t\t\t\t<\/div>\n\t\t<\/div>\n\t\t\t\t\t<\/div>\n\t\t<\/section>\n\t\t\t\t<section class=\"elementor-section elementor-top-section elementor-element elementor-element-4171a801 envato-kit-141 elementor-section-boxed elementor-section-height-default elementor-section-height-default\" data-id=\"4171a801\" data-element_type=\"section\" data-e-type=\"section\" data-settings=\"{&quot;background_background&quot;:&quot;classic&quot;}\">\n\t\t\t\t\t\t\t<div class=\"elementor-background-overlay\"><\/div>\n\t\t\t\t\t\t\t<div class=\"elementor-container elementor-column-gap-no\">\n\t\t\t\t\t<div class=\"elementor-column elementor-col-50 elementor-top-column elementor-element elementor-element-1a9d7ed2\" data-id=\"1a9d7ed2\" data-element_type=\"column\" data-e-type=\"column\">\n\t\t\t<div class=\"elementor-widget-wrap elementor-element-populated\">\n\t\t\t\t\t\t<section class=\"elementor-section elementor-inner-section elementor-element elementor-element-49a9ec71 elementor-section-boxed elementor-section-height-default elementor-section-height-default\" data-id=\"49a9ec71\" data-element_type=\"section\" data-e-type=\"section\">\n\t\t\t\t\t\t<div class=\"elementor-container elementor-column-gap-no\">\n\t\t\t\t\t<div class=\"elementor-column elementor-col-50 elementor-inner-column elementor-element elementor-element-67366af0\" data-id=\"67366af0\" data-element_type=\"column\" data-e-type=\"column\">\n\t\t\t<div class=\"elementor-widget-wrap elementor-element-populated\">\n\t\t\t\t\t\t<div class=\"elementor-element elementor-element-f1c7f25 elementor-invisible elementor-widget elementor-widget-image\" data-id=\"f1c7f25\" data-element_type=\"widget\" data-e-type=\"widget\" data-settings=\"{&quot;_animation&quot;:&quot;fadeIn&quot;,&quot;_animation_delay&quot;:100}\" data-widget_type=\"image.default\">\n\t\t\t\t<div class=\"elementor-widget-container\">\n\t\t\t\t\t\t\t\t\t\t\t\t\t\t\t\t<a href=\"https:\/\/ucge.com\/wp-content\/uploads\/kasa-altligi-3-17.jpg\" data-elementor-open-lightbox=\"yes\" data-elementor-lightbox-title=\"kasa-altligi-3.jpg\" data-e-action-hash=\"#elementor-action%3Aaction%3Dlightbox%26settings%3DeyJpZCI6IjM0Mjg4IiwidXJsIjoiaHR0cHM6XC9cL3VjZ2UuY29tXC93cC1jb250ZW50XC91cGxvYWRzXC9rYXNhLWFsdGxpZ2ktMy0xNy5qcGcifQ%3D%3D\">\n\t\t\t\t\t\t\t<img decoding=\"async\" src=\"https:\/\/ucge.com\/wp-content\/uploads\/elementor\/thumbs\/kasa-altligi-3-17-qukkg0urnpd5rvqe0zsg0v9sfzkmwurthvxgpd8m8w.jpg\" title=\"kasa-altligi-3.jpg\" alt=\"kasa-altligi-3.jpg\" loading=\"lazy\" \/>\t\t\t\t\t\t\t\t<\/a>\n\t\t\t\t\t\t\t\t\t\t\t\t\t\t\t<\/div>\n\t\t\t\t<\/div>\n\t\t\t\t\t<\/div>\n\t\t<\/div>\n\t\t\t\t<div class=\"elementor-column elementor-col-50 elementor-inner-column elementor-element elementor-element-351cef3b\" data-id=\"351cef3b\" data-element_type=\"column\" data-e-type=\"column\">\n\t\t\t<div class=\"elementor-widget-wrap elementor-element-populated\">\n\t\t\t\t\t\t<div class=\"elementor-element elementor-element-2b940112 elementor-invisible elementor-widget elementor-widget-image\" data-id=\"2b940112\" data-element_type=\"widget\" data-e-type=\"widget\" data-settings=\"{&quot;_animation&quot;:&quot;fadeIn&quot;,&quot;_animation_delay&quot;:200}\" data-widget_type=\"image.default\">\n\t\t\t\t<div class=\"elementor-widget-container\">\n\t\t\t\t\t\t\t\t\t\t\t\t\t\t\t\t<a href=\"https:\/\/ucge.com\/wp-content\/uploads\/kasa-altligi-2-17.jpg\" data-elementor-open-lightbox=\"yes\" data-elementor-lightbox-title=\"kasa-altligi-2.jpg\" data-e-action-hash=\"#elementor-action%3Aaction%3Dlightbox%26settings%3DeyJpZCI6IjM0Mjg5IiwidXJsIjoiaHR0cHM6XC9cL3VjZ2UuY29tXC93cC1jb250ZW50XC91cGxvYWRzXC9rYXNhLWFsdGxpZ2ktMi0xNy5qcGcifQ%3D%3D\">\n\t\t\t\t\t\t\t<img decoding=\"async\" src=\"https:\/\/ucge.com\/wp-content\/uploads\/elementor\/thumbs\/kasa-altligi-2-17-qukkg0urnpd5rvqe0zsg0v9sfzkmwurthvxgpd8m8w.jpg\" title=\"kasa-altligi-2.jpg\" alt=\"kasa-altligi-2.jpg\" loading=\"lazy\" \/>\t\t\t\t\t\t\t\t<\/a>\n\t\t\t\t\t\t\t\t\t\t\t\t\t\t\t<\/div>\n\t\t\t\t<\/div>\n\t\t\t\t\t<\/div>\n\t\t<\/div>\n\t\t\t\t\t<\/div>\n\t\t<\/section>\n\t\t\t\t\t<\/div>\n\t\t<\/div>\n\t\t\t\t<div class=\"elementor-column elementor-col-50 elementor-top-column elementor-element elementor-element-5887191d\" data-id=\"5887191d\" data-element_type=\"column\" data-e-type=\"column\">\n\t\t\t<div class=\"elementor-widget-wrap elementor-element-populated\">\n\t\t\t\t\t\t<div class=\"elementor-element elementor-element-7072450e elementor-invisible elementor-widget elementor-widget-image\" data-id=\"7072450e\" data-element_type=\"widget\" data-e-type=\"widget\" data-settings=\"{&quot;_animation&quot;:&quot;fadeIn&quot;,&quot;_animation_delay&quot;:300}\" data-widget_type=\"image.default\">\n\t\t\t\t<div class=\"elementor-widget-container\">\n\t\t\t\t\t\t\t\t\t\t\t\t\t\t\t\t<a href=\"https:\/\/ucge.com\/wp-content\/uploads\/kasa-altligi-1.png\" data-elementor-open-lightbox=\"yes\" data-elementor-lightbox-title=\"kasa-altligi-1.png\" data-e-action-hash=\"#elementor-action%3Aaction%3Dlightbox%26settings%3DeyJpZCI6IjM0MjkwIiwidXJsIjoiaHR0cHM6XC9cL3VjZ2UuY29tXC93cC1jb250ZW50XC91cGxvYWRzXC9rYXNhLWFsdGxpZ2ktMS5wbmcifQ%3D%3D\">\n\t\t\t\t\t\t\t<img decoding=\"async\" src=\"https:\/\/ucge.com\/wp-content\/uploads\/elementor\/thumbs\/kasa-altligi-1-qukkg1sqpyhvgxxcqamd7miutps9e2i80u80yftbok.png\" title=\"kasa-altligi-1.png\" alt=\"kasa-altligi-1.png\" loading=\"lazy\" \/>\t\t\t\t\t\t\t\t<\/a>\n\t\t\t\t\t\t\t\t\t\t\t\t\t\t\t<\/div>\n\t\t\t\t<\/div>\n\t\t\t\t\t<\/div>\n\t\t<\/div>\n\t\t\t\t\t<\/div>\n\t\t<\/section>\n\t\t\t\t<section class=\"elementor-section elementor-top-section elementor-element elementor-element-066a0e1 envato-kit-141 elementor-section-boxed elementor-section-height-default elementor-section-height-default\" data-id=\"066a0e1\" data-element_type=\"section\" data-e-type=\"section\" data-settings=\"{&quot;background_background&quot;:&quot;classic&quot;}\">\n\t\t\t\t\t\t\t<div class=\"elementor-background-overlay\"><\/div>\n\t\t\t\t\t\t\t<div class=\"elementor-container elementor-column-gap-no\">\n\t\t\t\t\t<div class=\"elementor-column elementor-col-50 elementor-top-column elementor-element elementor-element-a5a1f94\" data-id=\"a5a1f94\" data-element_type=\"column\" data-e-type=\"column\">\n\t\t\t<div class=\"elementor-widget-wrap elementor-element-populated\">\n\t\t\t\t\t\t<div class=\"elementor-element elementor-element-f7c5e7e elementor-invisible elementor-widget elementor-widget-image\" data-id=\"f7c5e7e\" data-element_type=\"widget\" data-e-type=\"widget\" data-settings=\"{&quot;_animation&quot;:&quot;fadeIn&quot;,&quot;_animation_delay&quot;:300}\" data-widget_type=\"image.default\">\n\t\t\t\t<div class=\"elementor-widget-container\">\n\t\t\t\t\t\t\t\t\t\t\t\t\t\t\t\t<a href=\"https:\/\/ucge.com\/wp-content\/uploads\/kasa-03.webp\" data-elementor-open-lightbox=\"yes\" data-elementor-lightbox-title=\"kasa-03\" data-e-action-hash=\"#elementor-action%3Aaction%3Dlightbox%26settings%3DeyJpZCI6MzU5NjksInVybCI6Imh0dHBzOlwvXC91Y2dlLmNvbVwvd3AtY29udGVudFwvdXBsb2Fkc1wva2FzYS0wMy53ZWJwIn0%3D\">\n\t\t\t\t\t\t\t<img decoding=\"async\" src=\"https:\/\/ucge.com\/wp-content\/uploads\/elementor\/thumbs\/kasa-03-r01pz0bowrqj8c036t9f2tpduysgdsavuo2bhh62jo.webp\" title=\"kasa-03\" alt=\"kasa-03\" loading=\"lazy\" \/>\t\t\t\t\t\t\t\t<\/a>\n\t\t\t\t\t\t\t\t\t\t\t\t\t\t\t<\/div>\n\t\t\t\t<\/div>\n\t\t\t\t\t<\/div>\n\t\t<\/div>\n\t\t\t\t<div class=\"elementor-column elementor-col-50 elementor-top-column elementor-element elementor-element-0558c54\" data-id=\"0558c54\" data-element_type=\"column\" data-e-type=\"column\">\n\t\t\t<div class=\"elementor-widget-wrap elementor-element-populated\">\n\t\t\t\t\t\t<section class=\"elementor-section elementor-inner-section elementor-element elementor-element-f0c0dde elementor-section-boxed elementor-section-height-default elementor-section-height-default\" data-id=\"f0c0dde\" data-element_type=\"section\" data-e-type=\"section\">\n\t\t\t\t\t\t<div class=\"elementor-container elementor-column-gap-no\">\n\t\t\t\t\t<div class=\"elementor-column elementor-col-50 elementor-inner-column elementor-element elementor-element-951fe6c\" data-id=\"951fe6c\" data-element_type=\"column\" data-e-type=\"column\">\n\t\t\t<div class=\"elementor-widget-wrap elementor-element-populated\">\n\t\t\t\t\t\t<div class=\"elementor-element elementor-element-a665dd8 elementor-invisible elementor-widget elementor-widget-image\" data-id=\"a665dd8\" data-element_type=\"widget\" data-e-type=\"widget\" data-settings=\"{&quot;_animation&quot;:&quot;fadeIn&quot;,&quot;_animation_delay&quot;:100}\" data-widget_type=\"image.default\">\n\t\t\t\t<div class=\"elementor-widget-container\">\n\t\t\t\t\t\t\t\t\t\t\t\t\t\t\t\t<a href=\"https:\/\/ucge.com\/wp-content\/uploads\/kasa-02.webp\" data-elementor-open-lightbox=\"yes\" data-elementor-lightbox-title=\"kasa-02\" data-e-action-hash=\"#elementor-action%3Aaction%3Dlightbox%26settings%3DeyJpZCI6MzU5NjcsInVybCI6Imh0dHBzOlwvXC91Y2dlLmNvbVwvd3AtY29udGVudFwvdXBsb2Fkc1wva2FzYS0wMi53ZWJwIn0%3D\">\n\t\t\t\t\t\t\t<img decoding=\"async\" src=\"https:\/\/ucge.com\/wp-content\/uploads\/elementor\/thumbs\/kasa-02-r01pyuoiwcfdx7zy8yed1ln0ib7zu31tn2ibu0sbz4.webp\" title=\"kasa-02\" alt=\"kasa-02\" loading=\"lazy\" \/>\t\t\t\t\t\t\t\t<\/a>\n\t\t\t\t\t\t\t\t\t\t\t\t\t\t\t<\/div>\n\t\t\t\t<\/div>\n\t\t\t\t\t<\/div>\n\t\t<\/div>\n\t\t\t\t<div class=\"elementor-column elementor-col-50 elementor-inner-column elementor-element elementor-element-a060fd2\" data-id=\"a060fd2\" data-element_type=\"column\" data-e-type=\"column\">\n\t\t\t<div class=\"elementor-widget-wrap elementor-element-populated\">\n\t\t\t\t\t\t<div class=\"elementor-element elementor-element-a772554 elementor-invisible elementor-widget elementor-widget-image\" data-id=\"a772554\" data-element_type=\"widget\" data-e-type=\"widget\" data-settings=\"{&quot;_animation&quot;:&quot;fadeIn&quot;,&quot;_animation_delay&quot;:200}\" data-widget_type=\"image.default\">\n\t\t\t\t<div class=\"elementor-widget-container\">\n\t\t\t\t\t\t\t\t\t\t\t\t\t\t\t\t<a href=\"https:\/\/ucge.com\/wp-content\/uploads\/kasa-01.webp\" data-elementor-open-lightbox=\"yes\" data-elementor-lightbox-title=\"kasa-01\" data-e-action-hash=\"#elementor-action%3Aaction%3Dlightbox%26settings%3DeyJpZCI6MzU5NjgsInVybCI6Imh0dHBzOlwvXC91Y2dlLmNvbVwvd3AtY29udGVudFwvdXBsb2Fkc1wva2FzYS0wMS53ZWJwIn0%3D\">\n\t\t\t\t\t\t\t<img decoding=\"async\" src=\"https:\/\/ucge.com\/wp-content\/uploads\/elementor\/thumbs\/kasa-01-r01pywk7a0hykfx7xz7m6l5xp2yq9h9abbtaskpjmo.webp\" title=\"kasa-01\" alt=\"kasa-01\" loading=\"lazy\" \/>\t\t\t\t\t\t\t\t<\/a>\n\t\t\t\t\t\t\t\t\t\t\t\t\t\t\t<\/div>\n\t\t\t\t<\/div>\n\t\t\t\t\t<\/div>\n\t\t<\/div>\n\t\t\t\t\t<\/div>\n\t\t<\/section>\n\t\t\t\t\t<\/div>\n\t\t<\/div>\n\t\t\t\t\t<\/div>\n\t\t<\/section>\n\t\t\t\t<\/div>","protected":false},"excerpt":{"rendered":"<p>KASA ALTLI\u011eI KASA ALTLI\u011eI Kasa alanlar\u0131n\u0131zda i\u015flevselli\u011fi art\u0131ran ve d\u00fczen sa\u011flayan kasa altl\u0131\u011f\u0131 \u00e7\u00f6z\u00fcmleri sunuyoruz. Dayan\u0131kl\u0131 yap\u0131s\u0131 ve ergonomik tasar\u0131m\u0131yla kasa altl\u0131klar\u0131m\u0131z, hem kasiyerlerin \u00e7al\u0131\u015fma alan\u0131n\u0131 optimize eder hem de m\u00fc\u015fterilere daha h\u0131zl\u0131 ve rahat bir al\u0131\u015fveri\u015f deneyimi sunar. Ma\u011faza konseptinize uyum sa\u011flayacak \u015fekilde \u00f6zelle\u015ftirilebilen bu altl\u0131klar, yo\u011fun tempolu anlarda i\u015f ak\u0131\u015f\u0131n\u0131 kolayla\u015ft\u0131r\u0131rken, estetik ve &hellip; <a href=\"https:\/\/ucge.com\/en\/projeler\/gida-marketler\/kasa-altligi\/\" class=\"more-link\">Continue reading<span class=\"screen-reader-text\"> &#8220;Kasa Altl\u0131\u011f\u0131&#8221;<\/span><\/a><\/p>","protected":false},"author":2,"featured_media":0,"parent":34254,"menu_order":0,"comment_status":"closed","ping_status":"closed","template":"elementor_header_footer","meta":{"footnotes":""},"class_list":["post-34364","page","type-page","status-publish","hentry"],"_links":{"self":[{"href":"https:\/\/ucge.com\/en\/wp-json\/wp\/v2\/pages\/34364","targetHints":{"allow":["GET"]}}],"collection":[{"href":"https:\/\/ucge.com\/en\/wp-json\/wp\/v2\/pages"}],"about":[{"href":"https:\/\/ucge.com\/en\/wp-json\/wp\/v2\/types\/page"}],"author":[{"embeddable":true,"href":"https:\/\/ucge.com\/en\/wp-json\/wp\/v2\/users\/2"}],"replies":[{"embeddable":true,"href":"https:\/\/ucge.com\/en\/wp-json\/wp\/v2\/comments?post=34364"}],"version-history":[{"count":0,"href":"https:\/\/ucge.com\/en\/wp-json\/wp\/v2\/pages\/34364\/revisions"}],"up":[{"embeddable":true,"href":"https:\/\/ucge.com\/en\/wp-json\/wp\/v2\/pages\/34254"}],"wp:attachment":[{"href":"https:\/\/ucge.com\/en\/wp-json\/wp\/v2\/media?parent=34364"}],"curies":[{"name":"wp","href":"https:\/\/api.w.org\/{rel}","templated":true}]}}