{"id":34426,"date":"2024-09-24T14:42:34","date_gmt":"2024-09-24T11:42:34","guid":{"rendered":"https:\/\/ucge.com\/?page_id=34426"},"modified":"2025-01-15T16:54:22","modified_gmt":"2025-01-15T13:54:22","slug":"home-living","status":"publish","type":"page","link":"https:\/\/ucge.com\/en\/projeler\/ev-ve-yasam\/","title":{"rendered":"Home and Living"},"content":{"rendered":"<div data-elementor-type=\"wp-page\" data-elementor-id=\"34426\" class=\"elementor elementor-34426\" data-elementor-post-type=\"page\">\n\t\t\t\t\t\t<section class=\"elementor-section elementor-top-section elementor-element elementor-element-e4269f7 elementor-hidden-desktop elementor-hidden-tablet elementor-section-boxed elementor-section-height-default elementor-section-height-default\" data-id=\"e4269f7\" data-element_type=\"section\" data-e-type=\"section\">\n\t\t\t\t\t\t<div class=\"elementor-container elementor-column-gap-default\">\n\t\t\t\t\t<div class=\"elementor-column elementor-col-50 elementor-top-column elementor-element elementor-element-6f9a4ab\" data-id=\"6f9a4ab\" data-element_type=\"column\" data-e-type=\"column\">\n\t\t\t<div class=\"elementor-widget-wrap elementor-element-populated\">\n\t\t\t\t\t\t<div class=\"elementor-element elementor-element-8a81200 elementor-widget-mobile__width-initial elementor-widget elementor-widget-heading\" data-id=\"8a81200\" data-element_type=\"widget\" data-e-type=\"widget\" data-settings=\"{&quot;_animation&quot;:&quot;none&quot;}\" data-widget_type=\"heading.default\">\n\t\t\t\t<div class=\"elementor-widget-container\">\n\t\t\t\t\t<h1 class=\"elementor-heading-title elementor-size-medium\">HOME &amp; LIVING<\/h1>\t\t\t\t<\/div>\n\t\t\t\t<\/div>\n\t\t\t\t\t<\/div>\n\t\t<\/div>\n\t\t\t\t<div class=\"elementor-column elementor-col-50 elementor-top-column elementor-element elementor-element-5ec73d7\" data-id=\"5ec73d7\" data-element_type=\"column\" data-e-type=\"column\">\n\t\t\t<div class=\"elementor-widget-wrap elementor-element-populated\">\n\t\t\t\t\t\t<div class=\"elementor-element elementor-element-4dedf35 elementor-widget__width-initial elementor-widget elementor-widget-image\" data-id=\"4dedf35\" data-element_type=\"widget\" data-e-type=\"widget\" data-widget_type=\"image.default\">\n\t\t\t\t<div class=\"elementor-widget-container\">\n\t\t\t\t\t\t\t\t\t\t\t\t\t\t\t<img fetchpriority=\"high\" decoding=\"async\" width=\"2560\" height=\"1068\" src=\"https:\/\/ucge.com\/wp-content\/uploads\/EV-VE-YASAM-BANNERI-scaled.webp\" class=\"attachment-full size-full wp-image-35817\" alt=\"EV-VE-YASAM-BANNERI\" srcset=\"https:\/\/ucge.com\/wp-content\/uploads\/EV-VE-YASAM-BANNERI-scaled.webp 2560w, https:\/\/ucge.com\/wp-content\/uploads\/EV-VE-YASAM-BANNERI-300x125.webp 300w, https:\/\/ucge.com\/wp-content\/uploads\/EV-VE-YASAM-BANNERI-1024x427.webp 1024w, https:\/\/ucge.com\/wp-content\/uploads\/EV-VE-YASAM-BANNERI-768x320.webp 768w, https:\/\/ucge.com\/wp-content\/uploads\/EV-VE-YASAM-BANNERI-1536x641.webp 1536w, https:\/\/ucge.com\/wp-content\/uploads\/EV-VE-YASAM-BANNERI-2048x854.webp 2048w, https:\/\/ucge.com\/wp-content\/uploads\/EV-VE-YASAM-BANNERI-18x8.webp 18w, https:\/\/ucge.com\/wp-content\/uploads\/EV-VE-YASAM-BANNERI-1200x500.webp 1200w\" sizes=\"(max-width: 709px) 85vw, (max-width: 909px) 67vw, (max-width: 1362px) 62vw, 840px\" \/>\t\t\t\t\t\t\t\t\t\t\t\t\t\t\t<\/div>\n\t\t\t\t<\/div>\n\t\t\t\t\t<\/div>\n\t\t<\/div>\n\t\t\t\t\t<\/div>\n\t\t<\/section>\n\t\t\t\t<section class=\"elementor-section elementor-top-section elementor-element elementor-element-9a67baf elementor-section-full_width elementor-hidden-mobile elementor-section-height-default elementor-section-height-default\" data-id=\"9a67baf\" data-element_type=\"section\" data-e-type=\"section\">\n\t\t\t\t\t\t<div class=\"elementor-container elementor-column-gap-default\">\n\t\t\t\t\t<div class=\"elementor-column elementor-col-33 elementor-top-column elementor-element elementor-element-dfe6d3\" data-id=\"dfe6d3\" data-element_type=\"column\" data-e-type=\"column\">\n\t\t\t<div class=\"elementor-widget-wrap elementor-element-populated\">\n\t\t\t\t\t\t<div class=\"elementor-element elementor-element-5284e829 elementor-absolute elementor-widget elementor-widget-heading\" data-id=\"5284e829\" data-element_type=\"widget\" data-e-type=\"widget\" data-settings=\"{&quot;_animation&quot;:&quot;none&quot;,&quot;_position&quot;:&quot;absolute&quot;}\" data-widget_type=\"heading.default\">\n\t\t\t\t<div class=\"elementor-widget-container\">\n\t\t\t\t\t<h1 class=\"elementor-heading-title elementor-size-medium\">HOME &amp; LIVING<\/h1>\t\t\t\t<\/div>\n\t\t\t\t<\/div>\n\t\t\t\t\t<\/div>\n\t\t<\/div>\n\t\t\t\t<div class=\"elementor-column elementor-col-66 elementor-top-column elementor-element elementor-element-6a851d0c\" data-id=\"6a851d0c\" data-element_type=\"column\" data-e-type=\"column\">\n\t\t\t<div class=\"elementor-widget-wrap elementor-element-populated\">\n\t\t\t\t\t\t<div class=\"elementor-element elementor-element-c19a758 elementor-widget__width-initial elementor-widget elementor-widget-image\" data-id=\"c19a758\" data-element_type=\"widget\" data-e-type=\"widget\" data-widget_type=\"image.default\">\n\t\t\t\t<div class=\"elementor-widget-container\">\n\t\t\t\t\t\t\t\t\t\t\t\t\t\t\t<img fetchpriority=\"high\" decoding=\"async\" width=\"2560\" height=\"1068\" src=\"https:\/\/ucge.com\/wp-content\/uploads\/EV-VE-YASAM-BANNERI-scaled.webp\" class=\"attachment-full size-full wp-image-35817\" alt=\"EV-VE-YASAM-BANNERI\" srcset=\"https:\/\/ucge.com\/wp-content\/uploads\/EV-VE-YASAM-BANNERI-scaled.webp 2560w, https:\/\/ucge.com\/wp-content\/uploads\/EV-VE-YASAM-BANNERI-300x125.webp 300w, https:\/\/ucge.com\/wp-content\/uploads\/EV-VE-YASAM-BANNERI-1024x427.webp 1024w, https:\/\/ucge.com\/wp-content\/uploads\/EV-VE-YASAM-BANNERI-768x320.webp 768w, https:\/\/ucge.com\/wp-content\/uploads\/EV-VE-YASAM-BANNERI-1536x641.webp 1536w, https:\/\/ucge.com\/wp-content\/uploads\/EV-VE-YASAM-BANNERI-2048x854.webp 2048w, https:\/\/ucge.com\/wp-content\/uploads\/EV-VE-YASAM-BANNERI-18x8.webp 18w, https:\/\/ucge.com\/wp-content\/uploads\/EV-VE-YASAM-BANNERI-1200x500.webp 1200w\" sizes=\"(max-width: 709px) 85vw, (max-width: 909px) 67vw, (max-width: 1362px) 62vw, 840px\" \/>\t\t\t\t\t\t\t\t\t\t\t\t\t\t\t<\/div>\n\t\t\t\t<\/div>\n\t\t\t\t\t<\/div>\n\t\t<\/div>\n\t\t\t\t\t<\/div>\n\t\t<\/section>\n\t\t\t\t<section class=\"elementor-section elementor-top-section elementor-element elementor-element-eb26ca4 elementor-section-boxed elementor-section-height-default elementor-section-height-default\" data-id=\"eb26ca4\" data-element_type=\"section\" data-e-type=\"section\">\n\t\t\t\t\t\t<div class=\"elementor-container elementor-column-gap-default\">\n\t\t\t\t\t<div class=\"elementor-column elementor-col-100 elementor-top-column elementor-element elementor-element-baa4a12\" data-id=\"baa4a12\" data-element_type=\"column\" data-e-type=\"column\">\n\t\t\t<div class=\"elementor-widget-wrap elementor-element-populated\">\n\t\t\t\t\t\t<div class=\"elementor-element elementor-element-b8e19bd elementor-widget elementor-widget-text-editor\" data-id=\"b8e19bd\" data-element_type=\"widget\" data-e-type=\"widget\" data-widget_type=\"text-editor.default\">\n\t\t\t\t<div class=\"elementor-widget-container\">\n\t\t\t\t\t\t\t\t\tWe design shelving systems that accommodate the wide product range of home and lifestyle stores. From decorative items to kitchenware, furniture to textiles, these solutions allow you to display every product category in an aesthetic and organized manner, enhancing your store's atmosphere. With high load capacity, modular and flexible structures, they offer ease of use while boosting the efficiency of your store. Highlight the elegance and functionality of your home and lifestyle store with our shelving systems, and provide your customers with an enjoyable shopping experience.\t\t\t\t\t\t\t\t<\/div>\n\t\t\t\t<\/div>\n\t\t\t\t\t<\/div>\n\t\t<\/div>\n\t\t\t\t\t<\/div>\n\t\t<\/section>\n\t\t\t\t<section class=\"elementor-section elementor-top-section elementor-element elementor-element-7f50b511 envato-kit-141 elementor-section-boxed elementor-section-height-default elementor-section-height-default\" data-id=\"7f50b511\" data-element_type=\"section\" data-e-type=\"section\" data-settings=\"{&quot;background_background&quot;:&quot;classic&quot;}\">\n\t\t\t\t\t\t\t<div class=\"elementor-background-overlay\"><\/div>\n\t\t\t\t\t\t\t<div class=\"elementor-container elementor-column-gap-no\">\n\t\t\t\t\t<div class=\"elementor-column elementor-col-50 elementor-top-column elementor-element elementor-element-6468c81b\" data-id=\"6468c81b\" data-element_type=\"column\" data-e-type=\"column\">\n\t\t\t<div class=\"elementor-widget-wrap elementor-element-populated\">\n\t\t\t\t\t\t<div class=\"elementor-element elementor-element-6b1f5280 elementor-invisible elementor-widget elementor-widget-image\" data-id=\"6b1f5280\" data-element_type=\"widget\" data-e-type=\"widget\" data-settings=\"{&quot;_animation&quot;:&quot;fadeIn&quot;,&quot;_animation_delay&quot;:100}\" data-widget_type=\"image.default\">\n\t\t\t\t<div class=\"elementor-widget-container\">\n\t\t\t\t\t\t\t\t\t\t\t\t\t\t\t\t<a href=\"https:\/\/ucge.com\/wp-content\/uploads\/ev_yasam_02-17.jpg\" data-elementor-open-lightbox=\"yes\" data-elementor-lightbox-title=\"ev_yasam_02.jpg\" data-e-action-hash=\"#elementor-action%3Aaction%3Dlightbox%26settings%3DeyJpZCI6MzQ0MzEsInVybCI6Imh0dHBzOlwvXC91Y2dlLmNvbVwvd3AtY29udGVudFwvdXBsb2Fkc1wvZXZfeWFzYW1fMDItMTcuanBnIn0%3D\">\n\t\t\t\t\t\t\t<img decoding=\"async\" src=\"https:\/\/ucge.com\/wp-content\/uploads\/elementor\/thumbs\/ev_yasam_02-17-quktlx9p6u4t0z66aqwb3foa8sdu3kb81x23y408jk.jpg\" title=\"ev_yasam_02.jpg\" alt=\"ev_yasam_02.jpg\" loading=\"lazy\" \/>\t\t\t\t\t\t\t\t<\/a>\n\t\t\t\t\t\t\t\t\t\t\t\t\t\t\t<\/div>\n\t\t\t\t<\/div>\n\t\t\t\t\t<\/div>\n\t\t<\/div>\n\t\t\t\t<div class=\"elementor-column elementor-col-50 elementor-top-column elementor-element elementor-element-3335121a\" data-id=\"3335121a\" data-element_type=\"column\" data-e-type=\"column\">\n\t\t\t<div class=\"elementor-widget-wrap elementor-element-populated\">\n\t\t\t\t\t\t<div class=\"elementor-element elementor-element-4c90b388 elementor-invisible elementor-widget elementor-widget-image\" data-id=\"4c90b388\" data-element_type=\"widget\" data-e-type=\"widget\" data-settings=\"{&quot;_animation&quot;:&quot;fadeIn&quot;,&quot;_animation_delay&quot;:200}\" data-widget_type=\"image.default\">\n\t\t\t\t<div class=\"elementor-widget-container\">\n\t\t\t\t\t\t\t\t\t\t\t\t\t\t\t\t<a href=\"https:\/\/ucge.com\/wp-content\/uploads\/ev_yasam_03-17.jpg\" data-elementor-open-lightbox=\"yes\" data-elementor-lightbox-title=\"ev_yasam_03.jpg\" data-e-action-hash=\"#elementor-action%3Aaction%3Dlightbox%26settings%3DeyJpZCI6MzQ0MzIsInVybCI6Imh0dHBzOlwvXC91Y2dlLmNvbVwvd3AtY29udGVudFwvdXBsb2Fkc1wvZXZfeWFzYW1fMDMtMTcuanBnIn0%3D\">\n\t\t\t\t\t\t\t<img decoding=\"async\" src=\"https:\/\/ucge.com\/wp-content\/uploads\/elementor\/thumbs\/ev_yasam_03-17-quktly7jdo3sa0q7ce9jtvjwh5qxxr6r1ozzlko1us.jpg\" title=\"ev_yasam_03.jpg\" alt=\"ev_yasam_03.jpg\" loading=\"lazy\" \/>\t\t\t\t\t\t\t\t<\/a>\n\t\t\t\t\t\t\t\t\t\t\t\t\t\t\t<\/div>\n\t\t\t\t<\/div>\n\t\t\t\t<section class=\"elementor-section elementor-inner-section elementor-element elementor-element-ca985ef elementor-section-boxed elementor-section-height-default elementor-section-height-default\" data-id=\"ca985ef\" data-element_type=\"section\" data-e-type=\"section\">\n\t\t\t\t\t\t<div class=\"elementor-container elementor-column-gap-no\">\n\t\t\t\t\t<div class=\"elementor-column elementor-col-100 elementor-inner-column elementor-element elementor-element-2d5dc8f\" data-id=\"2d5dc8f\" data-element_type=\"column\" data-e-type=\"column\">\n\t\t\t<div class=\"elementor-widget-wrap elementor-element-populated\">\n\t\t\t\t\t\t<div class=\"elementor-element elementor-element-5e65187d elementor-invisible elementor-widget elementor-widget-image\" data-id=\"5e65187d\" data-element_type=\"widget\" data-e-type=\"widget\" data-settings=\"{&quot;_animation&quot;:&quot;fadeIn&quot;,&quot;_animation_delay&quot;:100}\" data-widget_type=\"image.default\">\n\t\t\t\t<div class=\"elementor-widget-container\">\n\t\t\t\t\t\t\t\t\t\t\t\t\t\t\t\t<a href=\"https:\/\/ucge.com\/wp-content\/uploads\/ev_yasam_04-17.jpg\" data-elementor-open-lightbox=\"yes\" data-elementor-lightbox-title=\"ev_yasam_04.jpg\" data-e-action-hash=\"#elementor-action%3Aaction%3Dlightbox%26settings%3DeyJpZCI6MzQ0MzMsInVybCI6Imh0dHBzOlwvXC91Y2dlLmNvbVwvd3AtY29udGVudFwvdXBsb2Fkc1wvZXZfeWFzYW1fMDQtMTcuanBnIn0%3D\">\n\t\t\t\t\t\t\t<img decoding=\"async\" src=\"https:\/\/ucge.com\/wp-content\/uploads\/elementor\/thumbs\/ev_yasam_04-17-quktlz5dki52lmou6wo6edbd2jmb5gahdtnh2umnok.jpg\" title=\"ev_yasam_04.jpg\" alt=\"ev_yasam_04.jpg\" loading=\"lazy\" \/>\t\t\t\t\t\t\t\t<\/a>\n\t\t\t\t\t\t\t\t\t\t\t\t\t\t\t<\/div>\n\t\t\t\t<\/div>\n\t\t\t\t\t<\/div>\n\t\t<\/div>\n\t\t\t\t\t<\/div>\n\t\t<\/section>\n\t\t\t\t\t<\/div>\n\t\t<\/div>\n\t\t\t\t\t<\/div>\n\t\t<\/section>\n\t\t\t\t<section class=\"elementor-section elementor-top-section elementor-element elementor-element-77e3a00b envato-kit-141 elementor-section-boxed elementor-section-height-default elementor-section-height-default\" data-id=\"77e3a00b\" data-element_type=\"section\" data-e-type=\"section\" data-settings=\"{&quot;background_background&quot;:&quot;classic&quot;}\">\n\t\t\t\t\t\t\t<div class=\"elementor-background-overlay\"><\/div>\n\t\t\t\t\t\t\t<div class=\"elementor-container elementor-column-gap-no\">\n\t\t\t\t\t<div class=\"elementor-column elementor-col-50 elementor-top-column elementor-element elementor-element-100698ef\" data-id=\"100698ef\" data-element_type=\"column\" data-e-type=\"column\">\n\t\t\t<div class=\"elementor-widget-wrap elementor-element-populated\">\n\t\t\t\t\t\t<section class=\"elementor-section elementor-inner-section elementor-element elementor-element-6ca7c157 elementor-section-boxed elementor-section-height-default elementor-section-height-default\" data-id=\"6ca7c157\" data-element_type=\"section\" data-e-type=\"section\">\n\t\t\t\t\t\t<div class=\"elementor-container elementor-column-gap-no\">\n\t\t\t\t\t<div class=\"elementor-column elementor-col-50 elementor-inner-column elementor-element elementor-element-5ffbe1db\" data-id=\"5ffbe1db\" data-element_type=\"column\" data-e-type=\"column\">\n\t\t\t<div class=\"elementor-widget-wrap elementor-element-populated\">\n\t\t\t\t\t\t<div class=\"elementor-element elementor-element-78dd4e1e elementor-invisible elementor-widget elementor-widget-image\" data-id=\"78dd4e1e\" data-element_type=\"widget\" data-e-type=\"widget\" data-settings=\"{&quot;_animation&quot;:&quot;fadeIn&quot;,&quot;_animation_delay&quot;:300}\" data-widget_type=\"image.default\">\n\t\t\t\t<div class=\"elementor-widget-container\">\n\t\t\t\t\t\t\t\t\t\t\t\t\t\t\t\t<a href=\"https:\/\/ucge.com\/wp-content\/uploads\/evveyasam-003.jpg\" data-elementor-open-lightbox=\"yes\" data-elementor-lightbox-title=\"evveyasam-003.jpg\" data-e-action-hash=\"#elementor-action%3Aaction%3Dlightbox%26settings%3DeyJpZCI6MzQ0MzQsInVybCI6Imh0dHBzOlwvXC91Y2dlLmNvbVwvd3AtY29udGVudFwvdXBsb2Fkc1wvZXZ2ZXlhc2FtLTAwMy5qcGcifQ%3D%3D\">\n\t\t\t\t\t\t\t<img decoding=\"async\" src=\"https:\/\/ucge.com\/wp-content\/uploads\/elementor\/thumbs\/evveyasam-003-quktlz58p31n86gic48vs3tra7a1vxnt700eb20k2o.jpg\" title=\"evveyasam-003.jpg\" alt=\"evveyasam-003.jpg\" loading=\"lazy\" \/>\t\t\t\t\t\t\t\t<\/a>\n\t\t\t\t\t\t\t\t\t\t\t\t\t\t\t<\/div>\n\t\t\t\t<\/div>\n\t\t\t\t\t<\/div>\n\t\t<\/div>\n\t\t\t\t<div class=\"elementor-column elementor-col-50 elementor-inner-column elementor-element elementor-element-4ed8815\" data-id=\"4ed8815\" data-element_type=\"column\" data-e-type=\"column\">\n\t\t\t<div class=\"elementor-widget-wrap elementor-element-populated\">\n\t\t\t\t\t\t<div class=\"elementor-element elementor-element-301fb5b0 elementor-invisible elementor-widget elementor-widget-image\" data-id=\"301fb5b0\" data-element_type=\"widget\" data-e-type=\"widget\" data-settings=\"{&quot;_animation&quot;:&quot;fadeIn&quot;,&quot;_animation_delay&quot;:400}\" data-widget_type=\"image.default\">\n\t\t\t\t<div class=\"elementor-widget-container\">\n\t\t\t\t\t\t\t\t\t\t\t\t\t\t\t\t<a href=\"https:\/\/ucge.com\/wp-content\/uploads\/EVYASAM002.png\" data-elementor-open-lightbox=\"yes\" data-elementor-lightbox-title=\"EVYASAM002.png\" data-e-action-hash=\"#elementor-action%3Aaction%3Dlightbox%26settings%3DeyJpZCI6MzQ0MzUsInVybCI6Imh0dHBzOlwvXC91Y2dlLmNvbVwvd3AtY29udGVudFwvdXBsb2Fkc1wvRVZZQVNBTTAwMi5wbmcifQ%3D%3D\">\n\t\t\t\t\t\t\t<img decoding=\"async\" src=\"https:\/\/ucge.com\/wp-content\/uploads\/elementor\/thumbs\/EVYASAM002-quktm032vx2xjsf56mnicll7vl5f3mrjj4nvsbz5wg.png\" title=\"EVYASAM002.png\" alt=\"EVYASAM002.png\" loading=\"lazy\" \/>\t\t\t\t\t\t\t\t<\/a>\n\t\t\t\t\t\t\t\t\t\t\t\t\t\t\t<\/div>\n\t\t\t\t<\/div>\n\t\t\t\t\t<\/div>\n\t\t<\/div>\n\t\t\t\t\t<\/div>\n\t\t<\/section>\n\t\t\t\t\t<\/div>\n\t\t<\/div>\n\t\t\t\t<div class=\"elementor-column elementor-col-50 elementor-top-column elementor-element elementor-element-744141b0\" data-id=\"744141b0\" data-element_type=\"column\" data-e-type=\"column\">\n\t\t\t<div class=\"elementor-widget-wrap elementor-element-populated\">\n\t\t\t\t\t\t<div class=\"elementor-element elementor-element-4e8fe184 elementor-invisible elementor-widget elementor-widget-image\" data-id=\"4e8fe184\" data-element_type=\"widget\" data-e-type=\"widget\" data-settings=\"{&quot;_animation&quot;:&quot;fadeIn&quot;,&quot;_animation_delay&quot;:100}\" data-widget_type=\"image.default\">\n\t\t\t\t<div class=\"elementor-widget-container\">\n\t\t\t\t\t\t\t\t\t\t\t\t\t\t\t\t<a href=\"https:\/\/ucge.com\/wp-content\/uploads\/ev-ve-yasam-6-e1736949157609.webp\" data-elementor-open-lightbox=\"yes\" data-elementor-lightbox-title=\"ev-ve-yasam-6\" data-e-action-hash=\"#elementor-action%3Aaction%3Dlightbox%26settings%3DeyJpZCI6MzU5NjEsInVybCI6Imh0dHBzOlwvXC91Y2dlLmNvbVwvd3AtY29udGVudFwvdXBsb2Fkc1wvZXYtdmUteWFzYW0tNi1lMTczNjk0OTE1NzYwOS53ZWJwIn0%3D\">\n\t\t\t\t\t\t\t<img decoding=\"async\" src=\"https:\/\/ucge.com\/wp-content\/uploads\/elementor\/thumbs\/ev-ve-yasam-6-e1736949157609-r01od4fi12hvh14inut2qk49pct5mrtfukh4906s2o.webp\" title=\"ev-ve-yasam-6\" alt=\"ev-ve-yasam-6\" loading=\"lazy\" \/>\t\t\t\t\t\t\t\t<\/a>\n\t\t\t\t\t\t\t\t\t\t\t\t\t\t\t<\/div>\n\t\t\t\t<\/div>\n\t\t\t\t\t<\/div>\n\t\t<\/div>\n\t\t\t\t\t<\/div>\n\t\t<\/section>\n\t\t\t\t<\/div>","protected":false},"excerpt":{"rendered":"<p>EV &amp; YA\u015eAM EV &amp; YA\u015eAM Ev ve ya\u015fam ma\u011fazalar\u0131n\u0131n geni\u015f \u00fcr\u00fcn yelpazesine uyum sa\u011flayacak raf sistemleri tasarl\u0131yoruz. Dekoratif \u00fcr\u00fcnlerden mutfak gere\u00e7lerine, mobilyalardan tekstil \u00fcr\u00fcnlerine kadar her kategorideki \u00fcr\u00fcnlerinizi estetik ve d\u00fczenli bir \u015fekilde sergileyebilece\u011finiz bu \u00e7\u00f6z\u00fcmler, ma\u011fazan\u0131z\u0131n atmosferini g\u00fc\u00e7lendirir. Y\u00fcksek ta\u015f\u0131ma kapasitesine sahip, mod\u00fcler ve esnek yap\u0131s\u0131yla hem kullan\u0131m kolayl\u0131\u011f\u0131 sa\u011flar hem de ma\u011fazan\u0131z\u0131n &hellip; <a href=\"https:\/\/ucge.com\/en\/projeler\/ev-ve-yasam\/\" class=\"more-link\">Continue reading<span class=\"screen-reader-text\"> &#8220;Ev ve Ya\u015fam&#8221;<\/span><\/a><\/p>","protected":false},"author":2,"featured_media":34561,"parent":34567,"menu_order":0,"comment_status":"closed","ping_status":"closed","template":"elementor_header_footer","meta":{"footnotes":""},"class_list":["post-34426","page","type-page","status-publish","has-post-thumbnail","hentry"],"_links":{"self":[{"href":"https:\/\/ucge.com\/en\/wp-json\/wp\/v2\/pages\/34426","targetHints":{"allow":["GET"]}}],"collection":[{"href":"https:\/\/ucge.com\/en\/wp-json\/wp\/v2\/pages"}],"about":[{"href":"https:\/\/ucge.com\/en\/wp-json\/wp\/v2\/types\/page"}],"author":[{"embeddable":true,"href":"https:\/\/ucge.com\/en\/wp-json\/wp\/v2\/users\/2"}],"replies":[{"embeddable":true,"href":"https:\/\/ucge.com\/en\/wp-json\/wp\/v2\/comments?post=34426"}],"version-history":[{"count":0,"href":"https:\/\/ucge.com\/en\/wp-json\/wp\/v2\/pages\/34426\/revisions"}],"up":[{"embeddable":true,"href":"https:\/\/ucge.com\/en\/wp-json\/wp\/v2\/pages\/34567"}],"wp:featuredmedia":[{"embeddable":true,"href":"https:\/\/ucge.com\/en\/wp-json\/wp\/v2\/media\/34561"}],"wp:attachment":[{"href":"https:\/\/ucge.com\/en\/wp-json\/wp\/v2\/media?parent=34426"}],"curies":[{"name":"wp","href":"https:\/\/api.w.org\/{rel}","templated":true}]}}