{"id":34444,"date":"2024-09-24T14:54:26","date_gmt":"2024-09-24T11:54:26","guid":{"rendered":"https:\/\/ucge.com\/?page_id=34444"},"modified":"2025-01-17T15:48:52","modified_gmt":"2025-01-17T12:48:52","slug":"stationery-bookstore","status":"publish","type":"page","link":"https:\/\/ucge.com\/en\/projeler\/kirtasiye-kitabevi\/","title":{"rendered":"Stationery &amp; Bookstore"},"content":{"rendered":"<div data-elementor-type=\"wp-page\" data-elementor-id=\"34444\" class=\"elementor elementor-34444\" data-elementor-post-type=\"page\">\n\t\t\t\t\t\t<section class=\"elementor-section elementor-top-section elementor-element elementor-element-ba94db6 elementor-hidden-desktop elementor-hidden-tablet elementor-section-boxed elementor-section-height-default elementor-section-height-default\" data-id=\"ba94db6\" data-element_type=\"section\" data-e-type=\"section\">\n\t\t\t\t\t\t<div class=\"elementor-container elementor-column-gap-default\">\n\t\t\t\t\t<div class=\"elementor-column elementor-col-50 elementor-top-column elementor-element elementor-element-91200b1\" data-id=\"91200b1\" data-element_type=\"column\" data-e-type=\"column\">\n\t\t\t<div class=\"elementor-widget-wrap elementor-element-populated\">\n\t\t\t\t\t\t<div class=\"elementor-element elementor-element-eadd938 elementor-widget-mobile__width-initial elementor-widget elementor-widget-heading\" data-id=\"eadd938\" data-element_type=\"widget\" data-e-type=\"widget\" data-settings=\"{&quot;_animation&quot;:&quot;none&quot;}\" data-widget_type=\"heading.default\">\n\t\t\t\t<div class=\"elementor-widget-container\">\n\t\t\t\t\t<h1 class=\"elementor-heading-title elementor-size-medium\">STATIONERY &amp; BOOKSTORE<\/h1>\t\t\t\t<\/div>\n\t\t\t\t<\/div>\n\t\t\t\t\t<\/div>\n\t\t<\/div>\n\t\t\t\t<div class=\"elementor-column elementor-col-50 elementor-top-column elementor-element elementor-element-7c8c1e0\" data-id=\"7c8c1e0\" data-element_type=\"column\" data-e-type=\"column\">\n\t\t\t<div class=\"elementor-widget-wrap elementor-element-populated\">\n\t\t\t\t\t\t<div class=\"elementor-element elementor-element-632ddf25 elementor-widget__width-initial elementor-widget elementor-widget-image\" data-id=\"632ddf25\" data-element_type=\"widget\" data-e-type=\"widget\" data-widget_type=\"image.default\">\n\t\t\t\t<div class=\"elementor-widget-container\">\n\t\t\t\t\t\t\t\t\t\t\t\t\t\t\t<img fetchpriority=\"high\" decoding=\"async\" width=\"1200\" height=\"500\" src=\"https:\/\/ucge.com\/wp-content\/uploads\/kirtasiye-ve-kitabevi-banner.jpg\" class=\"attachment-full size-full wp-image-34446\" alt=\"kirtasiye-ve-kitabevi-banner.jpg\" srcset=\"https:\/\/ucge.com\/wp-content\/uploads\/kirtasiye-ve-kitabevi-banner.jpg 1200w, https:\/\/ucge.com\/wp-content\/uploads\/kirtasiye-ve-kitabevi-banner-300x125.jpg 300w, https:\/\/ucge.com\/wp-content\/uploads\/kirtasiye-ve-kitabevi-banner-1024x427.jpg 1024w, https:\/\/ucge.com\/wp-content\/uploads\/kirtasiye-ve-kitabevi-banner-768x320.jpg 768w, https:\/\/ucge.com\/wp-content\/uploads\/kirtasiye-ve-kitabevi-banner-18x8.jpg 18w\" sizes=\"(max-width: 709px) 85vw, (max-width: 909px) 67vw, (max-width: 1362px) 62vw, 840px\" \/>\t\t\t\t\t\t\t\t\t\t\t\t\t\t\t<\/div>\n\t\t\t\t<\/div>\n\t\t\t\t\t<\/div>\n\t\t<\/div>\n\t\t\t\t\t<\/div>\n\t\t<\/section>\n\t\t\t\t<section class=\"elementor-section elementor-top-section elementor-element elementor-element-42469724 elementor-section-full_width elementor-hidden-mobile elementor-section-height-default elementor-section-height-default\" data-id=\"42469724\" data-element_type=\"section\" data-e-type=\"section\">\n\t\t\t\t\t\t<div class=\"elementor-container elementor-column-gap-default\">\n\t\t\t\t\t<div class=\"elementor-column elementor-col-33 elementor-top-column elementor-element elementor-element-4dba1d5b\" data-id=\"4dba1d5b\" data-element_type=\"column\" data-e-type=\"column\">\n\t\t\t<div class=\"elementor-widget-wrap elementor-element-populated\">\n\t\t\t\t\t\t<div class=\"elementor-element elementor-element-29743b74 elementor-absolute elementor-widget elementor-widget-heading\" data-id=\"29743b74\" data-element_type=\"widget\" data-e-type=\"widget\" data-settings=\"{&quot;_animation&quot;:&quot;none&quot;,&quot;_position&quot;:&quot;absolute&quot;}\" data-widget_type=\"heading.default\">\n\t\t\t\t<div class=\"elementor-widget-container\">\n\t\t\t\t\t<h1 class=\"elementor-heading-title elementor-size-medium\">STATIONERY &amp; BOOKSTORE<\/h1>\t\t\t\t<\/div>\n\t\t\t\t<\/div>\n\t\t\t\t\t<\/div>\n\t\t<\/div>\n\t\t\t\t<div class=\"elementor-column elementor-col-66 elementor-top-column elementor-element elementor-element-2aba875e\" data-id=\"2aba875e\" data-element_type=\"column\" data-e-type=\"column\">\n\t\t\t<div class=\"elementor-widget-wrap elementor-element-populated\">\n\t\t\t\t\t\t<div class=\"elementor-element elementor-element-642f50f elementor-widget__width-initial elementor-widget elementor-widget-image\" data-id=\"642f50f\" data-element_type=\"widget\" data-e-type=\"widget\" data-widget_type=\"image.default\">\n\t\t\t\t<div class=\"elementor-widget-container\">\n\t\t\t\t\t\t\t\t\t\t\t\t\t\t\t<img fetchpriority=\"high\" decoding=\"async\" width=\"1200\" height=\"500\" src=\"https:\/\/ucge.com\/wp-content\/uploads\/kirtasiye-ve-kitabevi-banner.jpg\" class=\"attachment-full size-full wp-image-34446\" alt=\"kirtasiye-ve-kitabevi-banner.jpg\" srcset=\"https:\/\/ucge.com\/wp-content\/uploads\/kirtasiye-ve-kitabevi-banner.jpg 1200w, https:\/\/ucge.com\/wp-content\/uploads\/kirtasiye-ve-kitabevi-banner-300x125.jpg 300w, https:\/\/ucge.com\/wp-content\/uploads\/kirtasiye-ve-kitabevi-banner-1024x427.jpg 1024w, https:\/\/ucge.com\/wp-content\/uploads\/kirtasiye-ve-kitabevi-banner-768x320.jpg 768w, https:\/\/ucge.com\/wp-content\/uploads\/kirtasiye-ve-kitabevi-banner-18x8.jpg 18w\" sizes=\"(max-width: 709px) 85vw, (max-width: 909px) 67vw, (max-width: 1362px) 62vw, 840px\" \/>\t\t\t\t\t\t\t\t\t\t\t\t\t\t\t<\/div>\n\t\t\t\t<\/div>\n\t\t\t\t\t<\/div>\n\t\t<\/div>\n\t\t\t\t\t<\/div>\n\t\t<\/section>\n\t\t\t\t<section class=\"elementor-section elementor-top-section elementor-element elementor-element-62aac82 elementor-section-boxed elementor-section-height-default elementor-section-height-default\" data-id=\"62aac82\" data-element_type=\"section\" data-e-type=\"section\">\n\t\t\t\t\t\t<div class=\"elementor-container elementor-column-gap-default\">\n\t\t\t\t\t<div class=\"elementor-column elementor-col-100 elementor-top-column elementor-element elementor-element-ac16035\" data-id=\"ac16035\" data-element_type=\"column\" data-e-type=\"column\">\n\t\t\t<div class=\"elementor-widget-wrap elementor-element-populated\">\n\t\t\t\t\t\t<div class=\"elementor-element elementor-element-7112230 elementor-widget elementor-widget-text-editor\" data-id=\"7112230\" data-element_type=\"widget\" data-e-type=\"widget\" data-widget_type=\"text-editor.default\">\n\t\t\t\t<div class=\"elementor-widget-container\">\n\t\t\t\t\t\t\t\t\tIn stationery and bookstores, displaying a wide variety of products in an organized and aesthetically pleasing manner is one of the most important factors in enriching the customer experience. Shelving systems specifically designed for books, stationery supplies, art, and hobby products not only provide visual appeal but also ensure easy accessibility. With their modular and flexible structure, these shelving solutions adapt to any store concept, offering ideal options for both small and large-scale stores. By showcasing your products in the most effective way, these systems enhance in-store organization and create an efficient shopping environment in your stationery and bookstores.\t\t\t\t\t\t\t\t<\/div>\n\t\t\t\t<\/div>\n\t\t\t\t\t<\/div>\n\t\t<\/div>\n\t\t\t\t\t<\/div>\n\t\t<\/section>\n\t\t\t\t<section class=\"elementor-section elementor-top-section elementor-element elementor-element-43918748 envato-kit-141 elementor-section-boxed elementor-section-height-default elementor-section-height-default\" data-id=\"43918748\" data-element_type=\"section\" data-e-type=\"section\" data-settings=\"{&quot;background_background&quot;:&quot;classic&quot;}\">\n\t\t\t\t\t\t\t<div class=\"elementor-background-overlay\"><\/div>\n\t\t\t\t\t\t\t<div class=\"elementor-container elementor-column-gap-no\">\n\t\t\t\t\t<div class=\"elementor-column elementor-col-50 elementor-top-column elementor-element elementor-element-6f0adb7c\" data-id=\"6f0adb7c\" data-element_type=\"column\" data-e-type=\"column\">\n\t\t\t<div class=\"elementor-widget-wrap elementor-element-populated\">\n\t\t\t\t\t\t<div class=\"elementor-element elementor-element-12e73f4c elementor-invisible elementor-widget elementor-widget-image\" data-id=\"12e73f4c\" data-element_type=\"widget\" data-e-type=\"widget\" data-settings=\"{&quot;_animation&quot;:&quot;fadeIn&quot;,&quot;_animation_delay&quot;:100}\" data-widget_type=\"image.default\">\n\t\t\t\t<div class=\"elementor-widget-container\">\n\t\t\t\t\t\t\t\t\t\t\t\t\t\t\t\t<a href=\"https:\/\/ucge.com\/wp-content\/uploads\/KitapveKirtasiye-03-scaled-1.jpg\" data-elementor-open-lightbox=\"yes\" data-elementor-lightbox-title=\"KitapveKirtasiye-03-scaled-1.jpg\" data-e-action-hash=\"#elementor-action%3Aaction%3Dlightbox%26settings%3DeyJpZCI6MzQ0NDcsInVybCI6Imh0dHBzOlwvXC91Y2dlLmNvbVwvd3AtY29udGVudFwvdXBsb2Fkc1wvS2l0YXB2ZUtpcnRhc2l5ZS0wMy1zY2FsZWQtMS5qcGcifQ%3D%3D\">\n\t\t\t\t\t\t\t<img decoding=\"async\" src=\"https:\/\/ucge.com\/wp-content\/uploads\/elementor\/thumbs\/KitapveKirtasiye-03-scaled-1-quku8dmwgcvedmjz6gbgnrop45phz9gdt23oo2pnwg.jpg\" title=\"KitapveKirtasiye-03-scaled-1.jpg\" alt=\"KitapveKirtasiye-03-scaled-1.jpg\" loading=\"lazy\" \/>\t\t\t\t\t\t\t\t<\/a>\n\t\t\t\t\t\t\t\t\t\t\t\t\t\t\t<\/div>\n\t\t\t\t<\/div>\n\t\t\t\t\t<\/div>\n\t\t<\/div>\n\t\t\t\t<div class=\"elementor-column elementor-col-50 elementor-top-column elementor-element elementor-element-a625be7\" data-id=\"a625be7\" data-element_type=\"column\" data-e-type=\"column\">\n\t\t\t<div class=\"elementor-widget-wrap elementor-element-populated\">\n\t\t\t\t\t\t<div class=\"elementor-element elementor-element-4b1a30f0 elementor-invisible elementor-widget elementor-widget-image\" data-id=\"4b1a30f0\" data-element_type=\"widget\" data-e-type=\"widget\" data-settings=\"{&quot;_animation&quot;:&quot;fadeIn&quot;,&quot;_animation_delay&quot;:200}\" data-widget_type=\"image.default\">\n\t\t\t\t<div class=\"elementor-widget-container\">\n\t\t\t\t\t\t\t\t\t\t\t\t\t\t\t\t<a href=\"https:\/\/ucge.com\/wp-content\/uploads\/KitapveKirtasiye-05-scaled-1.jpg\" data-elementor-open-lightbox=\"yes\" data-elementor-lightbox-title=\"KitapveKirtasiye-05-scaled-1.jpg\" data-e-action-hash=\"#elementor-action%3Aaction%3Dlightbox%26settings%3DeyJpZCI6MzQ0NDgsInVybCI6Imh0dHBzOlwvXC91Y2dlLmNvbVwvd3AtY29udGVudFwvdXBsb2Fkc1wvS2l0YXB2ZUtpcnRhc2l5ZS0wNS1zY2FsZWQtMS5qcGcifQ%3D%3D\">\n\t\t\t\t\t\t\t<img decoding=\"async\" src=\"https:\/\/ucge.com\/wp-content\/uploads\/elementor\/thumbs\/KitapveKirtasiye-05-scaled-1-quku8ekqn6ueuv5goo093u4465s23endr8ru1ikdk0.jpg\" title=\"KitapveKirtasiye-05-scaled-1.jpg\" alt=\"KitapveKirtasiye-05-scaled-1.jpg\" loading=\"lazy\" \/>\t\t\t\t\t\t\t\t<\/a>\n\t\t\t\t\t\t\t\t\t\t\t\t\t\t\t<\/div>\n\t\t\t\t<\/div>\n\t\t\t\t<section class=\"elementor-section elementor-inner-section elementor-element elementor-element-1cdafafc elementor-section-boxed elementor-section-height-default elementor-section-height-default\" data-id=\"1cdafafc\" data-element_type=\"section\" data-e-type=\"section\">\n\t\t\t\t\t\t<div class=\"elementor-container elementor-column-gap-no\">\n\t\t\t\t\t<div class=\"elementor-column elementor-col-50 elementor-inner-column elementor-element elementor-element-337581f9\" data-id=\"337581f9\" data-element_type=\"column\" data-e-type=\"column\">\n\t\t\t<div class=\"elementor-widget-wrap elementor-element-populated\">\n\t\t\t\t\t\t<div class=\"elementor-element elementor-element-3a42ccac elementor-invisible elementor-widget elementor-widget-image\" data-id=\"3a42ccac\" data-element_type=\"widget\" data-e-type=\"widget\" data-settings=\"{&quot;_animation&quot;:&quot;fadeIn&quot;,&quot;_animation_delay&quot;:300}\" data-widget_type=\"image.default\">\n\t\t\t\t<div class=\"elementor-widget-container\">\n\t\t\t\t\t\t\t\t\t\t\t\t\t\t\t\t<a href=\"https:\/\/ucge.com\/wp-content\/uploads\/KitapveKirtasiye-04-scaled-1.jpg\" data-elementor-open-lightbox=\"yes\" data-elementor-lightbox-title=\"KitapveKirtasiye-04-scaled-1.jpg\" data-e-action-hash=\"#elementor-action%3Aaction%3Dlightbox%26settings%3DeyJpZCI6MzQ0NDksInVybCI6Imh0dHBzOlwvXC91Y2dlLmNvbVwvd3AtY29udGVudFwvdXBsb2Fkc1wvS2l0YXB2ZUtpcnRhc2l5ZS0wNC1zY2FsZWQtMS5qcGcifQ%3D%3D\">\n\t\t\t\t\t\t\t<img decoding=\"async\" src=\"https:\/\/ucge.com\/wp-content\/uploads\/elementor\/thumbs\/KitapveKirtasiye-04-scaled-1-quku8fifyls8ktub7to1cfu65klprmsyy51z10pzfk.jpg\" title=\"KitapveKirtasiye-04-scaled-1.jpg\" alt=\"KitapveKirtasiye-04-scaled-1.jpg\" loading=\"lazy\" \/>\t\t\t\t\t\t\t\t<\/a>\n\t\t\t\t\t\t\t\t\t\t\t\t\t\t\t<\/div>\n\t\t\t\t<\/div>\n\t\t\t\t\t<\/div>\n\t\t<\/div>\n\t\t\t\t<div class=\"elementor-column elementor-col-50 elementor-inner-column elementor-element elementor-element-64f92189\" data-id=\"64f92189\" data-element_type=\"column\" data-e-type=\"column\">\n\t\t\t<div class=\"elementor-widget-wrap elementor-element-populated\">\n\t\t\t\t\t\t<div class=\"elementor-element elementor-element-6ac19427 elementor-invisible elementor-widget elementor-widget-image\" data-id=\"6ac19427\" data-element_type=\"widget\" data-e-type=\"widget\" data-settings=\"{&quot;_animation&quot;:&quot;fadeIn&quot;,&quot;_animation_delay&quot;:400}\" data-widget_type=\"image.default\">\n\t\t\t\t<div class=\"elementor-widget-container\">\n\t\t\t\t\t\t\t\t\t\t\t\t\t\t\t\t<a href=\"https:\/\/ucge.com\/wp-content\/uploads\/KitapveKirtasiye-02.jpg\" data-elementor-open-lightbox=\"yes\" data-elementor-lightbox-title=\"KitapveKirtasiye-02.jpg\" data-e-action-hash=\"#elementor-action%3Aaction%3Dlightbox%26settings%3DeyJpZCI6MzQ0NTAsInVybCI6Imh0dHBzOlwvXC91Y2dlLmNvbVwvd3AtY29udGVudFwvdXBsb2Fkc1wvS2l0YXB2ZUtpcnRhc2l5ZS0wMi5qcGcifQ%3D%3D\">\n\t\t\t\t\t\t\t<img decoding=\"async\" src=\"https:\/\/ucge.com\/wp-content\/uploads\/elementor\/thumbs\/KitapveKirtasiye-02-quku8gga5ftiwfsy2c2nwxlmqyh2zbwpa9pgiaol9c.jpg\" title=\"KitapveKirtasiye-02.jpg\" alt=\"KitapveKirtasiye-02.jpg\" loading=\"lazy\" \/>\t\t\t\t\t\t\t\t<\/a>\n\t\t\t\t\t\t\t\t\t\t\t\t\t\t\t<\/div>\n\t\t\t\t<\/div>\n\t\t\t\t\t<\/div>\n\t\t<\/div>\n\t\t\t\t\t<\/div>\n\t\t<\/section>\n\t\t\t\t\t<\/div>\n\t\t<\/div>\n\t\t\t\t\t<\/div>\n\t\t<\/section>\n\t\t\t\t<section class=\"elementor-section elementor-top-section elementor-element elementor-element-16c1dfed envato-kit-141 elementor-section-boxed elementor-section-height-default elementor-section-height-default\" data-id=\"16c1dfed\" data-element_type=\"section\" data-e-type=\"section\" data-settings=\"{&quot;background_background&quot;:&quot;classic&quot;}\">\n\t\t\t\t\t\t\t<div class=\"elementor-background-overlay\"><\/div>\n\t\t\t\t\t\t\t<div class=\"elementor-container elementor-column-gap-no\">\n\t\t\t\t\t<div class=\"elementor-column elementor-col-100 elementor-top-column elementor-element elementor-element-5fceaef\" data-id=\"5fceaef\" data-element_type=\"column\" data-e-type=\"column\">\n\t\t\t<div class=\"elementor-widget-wrap elementor-element-populated\">\n\t\t\t\t\t\t<div class=\"elementor-element elementor-element-1f6b864d elementor-invisible elementor-widget elementor-widget-image\" data-id=\"1f6b864d\" data-element_type=\"widget\" data-e-type=\"widget\" data-settings=\"{&quot;_animation&quot;:&quot;fadeIn&quot;,&quot;_animation_delay&quot;:300}\" data-widget_type=\"image.default\">\n\t\t\t\t<div class=\"elementor-widget-container\">\n\t\t\t\t\t\t\t\t\t\t\t\t\t\t\t\t<a href=\"https:\/\/ucge.com\/wp-content\/uploads\/KitapveKirtasiye-01-e1727078791939.jpg\" data-elementor-open-lightbox=\"yes\" data-elementor-lightbox-title=\"KitapveKirtasiye-01-e1727078791939.jpg\" data-e-action-hash=\"#elementor-action%3Aaction%3Dlightbox%26settings%3DeyJpZCI6MzQ0NTEsInVybCI6Imh0dHBzOlwvXC91Y2dlLmNvbVwvd3AtY29udGVudFwvdXBsb2Fkc1wvS2l0YXB2ZUtpcnRhc2l5ZS0wMS1lMTcyNzA3ODc5MTkzOS5qcGcifQ%3D%3D\">\n\t\t\t\t\t\t\t<img decoding=\"async\" width=\"1200\" height=\"492\" src=\"https:\/\/ucge.com\/wp-content\/uploads\/KitapveKirtasiye-01-e1727078791939.jpg\" class=\"attachment-full size-full wp-image-34451\" alt=\"KitapveKirtasiye-01-e1727078791939.jpg\" srcset=\"https:\/\/ucge.com\/wp-content\/uploads\/KitapveKirtasiye-01-e1727078791939.jpg 1200w, https:\/\/ucge.com\/wp-content\/uploads\/KitapveKirtasiye-01-e1727078791939-300x123.jpg 300w, https:\/\/ucge.com\/wp-content\/uploads\/KitapveKirtasiye-01-e1727078791939-1024x420.jpg 1024w, https:\/\/ucge.com\/wp-content\/uploads\/KitapveKirtasiye-01-e1727078791939-768x315.jpg 768w, https:\/\/ucge.com\/wp-content\/uploads\/KitapveKirtasiye-01-e1727078791939-18x7.jpg 18w\" sizes=\"(max-width: 709px) 85vw, (max-width: 909px) 67vw, (max-width: 1362px) 62vw, 840px\" \/>\t\t\t\t\t\t\t\t<\/a>\n\t\t\t\t\t\t\t\t\t\t\t\t\t\t\t<\/div>\n\t\t\t\t<\/div>\n\t\t\t\t\t<\/div>\n\t\t<\/div>\n\t\t\t\t\t<\/div>\n\t\t<\/section>\n\t\t\t\t<\/div>","protected":false},"excerpt":{"rendered":"<p>KIRTAS\u0130YE &amp; K\u0130TABEV\u0130 KIRTAS\u0130YE &amp; K\u0130TABEV\u0130 K\u0131rtasiye ve kitabevlerinde \u00fcr\u00fcn \u00e7e\u015fitlili\u011fini d\u00fczenli ve estetik bir \u015fekilde sergilemek, m\u00fc\u015fteri deneyimini zenginle\u015ftiren en \u00f6nemli unsurlardan biridir. Kitaplar, k\u0131rtasiye malzemeleri, sanat ve hobi \u00fcr\u00fcnleri i\u00e7in \u00f6zel olarak tasarlanm\u0131\u015f raf sistemleri, hem g\u00f6rsel \u00e7ekicilik sa\u011flar hem de \u00fcr\u00fcnlerin kolay eri\u015filebilir olmas\u0131n\u0131 m\u00fcmk\u00fcn k\u0131lar. Mod\u00fcler ve esnek yap\u0131s\u0131yla her ma\u011faza &hellip; <a href=\"https:\/\/ucge.com\/en\/projeler\/kirtasiye-kitabevi\/\" class=\"more-link\">Continue reading<span class=\"screen-reader-text\"> &#8220;K\u0131rtasiye &#038; Kitabevi&#8221;<\/span><\/a><\/p>","protected":false},"author":2,"featured_media":0,"parent":34567,"menu_order":0,"comment_status":"closed","ping_status":"closed","template":"elementor_header_footer","meta":{"footnotes":""},"class_list":["post-34444","page","type-page","status-publish","hentry"],"_links":{"self":[{"href":"https:\/\/ucge.com\/en\/wp-json\/wp\/v2\/pages\/34444","targetHints":{"allow":["GET"]}}],"collection":[{"href":"https:\/\/ucge.com\/en\/wp-json\/wp\/v2\/pages"}],"about":[{"href":"https:\/\/ucge.com\/en\/wp-json\/wp\/v2\/types\/page"}],"author":[{"embeddable":true,"href":"https:\/\/ucge.com\/en\/wp-json\/wp\/v2\/users\/2"}],"replies":[{"embeddable":true,"href":"https:\/\/ucge.com\/en\/wp-json\/wp\/v2\/comments?post=34444"}],"version-history":[{"count":0,"href":"https:\/\/ucge.com\/en\/wp-json\/wp\/v2\/pages\/34444\/revisions"}],"up":[{"embeddable":true,"href":"https:\/\/ucge.com\/en\/wp-json\/wp\/v2\/pages\/34567"}],"wp:attachment":[{"href":"https:\/\/ucge.com\/en\/wp-json\/wp\/v2\/media?parent=34444"}],"curies":[{"name":"wp","href":"https:\/\/api.w.org\/{rel}","templated":true}]}}