{"id":34476,"date":"2024-09-24T15:12:51","date_gmt":"2024-09-24T12:12:51","guid":{"rendered":"https:\/\/ucge.com\/?page_id=34476"},"modified":"2025-01-28T11:54:39","modified_gmt":"2025-01-28T08:54:39","slug":"diy-stores","status":"publish","type":"page","link":"https:\/\/ucge.com\/en\/projeler\/yapi-market\/","title":{"rendered":"Construction market"},"content":{"rendered":"<div data-elementor-type=\"wp-page\" data-elementor-id=\"34476\" class=\"elementor elementor-34476\" data-elementor-post-type=\"page\">\n\t\t\t\t\t\t<section class=\"elementor-section elementor-top-section elementor-element elementor-element-37aaf46d elementor-section-full_width elementor-section-height-default elementor-section-height-default\" data-id=\"37aaf46d\" data-element_type=\"section\" data-e-type=\"section\">\n\t\t\t\t\t\t<div class=\"elementor-container elementor-column-gap-default\">\n\t\t\t\t\t<div class=\"elementor-column elementor-col-33 elementor-top-column elementor-element elementor-element-32fa8b76\" data-id=\"32fa8b76\" data-element_type=\"column\" data-e-type=\"column\">\n\t\t\t<div class=\"elementor-widget-wrap elementor-element-populated\">\n\t\t\t\t\t\t<div class=\"elementor-element elementor-element-7ea701ea elementor-absolute elementor-widget elementor-widget-heading\" data-id=\"7ea701ea\" data-element_type=\"widget\" data-e-type=\"widget\" data-settings=\"{&quot;_animation&quot;:&quot;none&quot;,&quot;_position&quot;:&quot;absolute&quot;}\" data-widget_type=\"heading.default\">\n\t\t\t\t<div class=\"elementor-widget-container\">\n\t\t\t\t\t<h1 class=\"elementor-heading-title elementor-size-medium\">DIY STORES<\/h1>\t\t\t\t<\/div>\n\t\t\t\t<\/div>\n\t\t\t\t\t<\/div>\n\t\t<\/div>\n\t\t\t\t<div class=\"elementor-column elementor-col-66 elementor-top-column elementor-element elementor-element-65ffea26\" data-id=\"65ffea26\" data-element_type=\"column\" data-e-type=\"column\">\n\t\t\t<div class=\"elementor-widget-wrap elementor-element-populated\">\n\t\t\t\t\t\t<div class=\"elementor-element elementor-element-c73a650 elementor-widget__width-initial elementor-widget elementor-widget-image\" data-id=\"c73a650\" data-element_type=\"widget\" data-e-type=\"widget\" data-widget_type=\"image.default\">\n\t\t\t\t<div class=\"elementor-widget-container\">\n\t\t\t\t\t\t\t\t\t\t\t\t\t\t\t<img fetchpriority=\"high\" decoding=\"async\" width=\"1200\" height=\"500\" src=\"https:\/\/ucge.com\/wp-content\/uploads\/yapi-market-banner.jpg\" class=\"attachment-full size-full wp-image-34478\" alt=\"yapi-market-banner.jpg\" srcset=\"https:\/\/ucge.com\/wp-content\/uploads\/yapi-market-banner.jpg 1200w, https:\/\/ucge.com\/wp-content\/uploads\/yapi-market-banner-300x125.jpg 300w, https:\/\/ucge.com\/wp-content\/uploads\/yapi-market-banner-1024x427.jpg 1024w, https:\/\/ucge.com\/wp-content\/uploads\/yapi-market-banner-768x320.jpg 768w, https:\/\/ucge.com\/wp-content\/uploads\/yapi-market-banner-18x8.jpg 18w\" sizes=\"(max-width: 709px) 85vw, (max-width: 909px) 67vw, (max-width: 1362px) 62vw, 840px\" \/>\t\t\t\t\t\t\t\t\t\t\t\t\t\t\t<\/div>\n\t\t\t\t<\/div>\n\t\t\t\t\t<\/div>\n\t\t<\/div>\n\t\t\t\t\t<\/div>\n\t\t<\/section>\n\t\t\t\t<section class=\"elementor-section elementor-top-section elementor-element elementor-element-cb59a22 elementor-section-boxed elementor-section-height-default elementor-section-height-default\" data-id=\"cb59a22\" data-element_type=\"section\" data-e-type=\"section\">\n\t\t\t\t\t\t<div class=\"elementor-container elementor-column-gap-default\">\n\t\t\t\t\t<div class=\"elementor-column elementor-col-100 elementor-top-column elementor-element elementor-element-30f75c1\" data-id=\"30f75c1\" data-element_type=\"column\" data-e-type=\"column\">\n\t\t\t<div class=\"elementor-widget-wrap elementor-element-populated\">\n\t\t\t\t\t\t<div class=\"elementor-element elementor-element-4a0fb5a elementor-widget elementor-widget-text-editor\" data-id=\"4a0fb5a\" data-element_type=\"widget\" data-e-type=\"widget\" data-widget_type=\"text-editor.default\">\n\t\t\t\t<div class=\"elementor-widget-container\">\n\t\t\t\t\t\t\t\t\tIn diy stores, displaying a wide range of products in an organized and accessible manner is one of the key factors that enhance functionality and customer satisfaction. Shelving systems designed for this need stand out with their durability and ensure the safe storage of heavy items. Thanks to their flexible and modular structure, they adapt to every store area, offering ease of arrangement and placement. Providing ideal solutions for every product category, from small hand tools to large construction materials, these shelving systems increase the efficiency of hardware stores, offering customers a flawless shopping experience.\t\t\t\t\t\t\t\t<\/div>\n\t\t\t\t<\/div>\n\t\t\t\t\t<\/div>\n\t\t<\/div>\n\t\t\t\t\t<\/div>\n\t\t<\/section>\n\t\t\t\t<section class=\"elementor-section elementor-top-section elementor-element elementor-element-4237fe7e envato-kit-141 elementor-section-boxed elementor-section-height-default elementor-section-height-default\" data-id=\"4237fe7e\" data-element_type=\"section\" data-e-type=\"section\" data-settings=\"{&quot;background_background&quot;:&quot;classic&quot;}\">\n\t\t\t\t\t\t\t<div class=\"elementor-background-overlay\"><\/div>\n\t\t\t\t\t\t\t<div class=\"elementor-container elementor-column-gap-no\">\n\t\t\t\t\t<div class=\"elementor-column elementor-col-50 elementor-top-column elementor-element elementor-element-13f97738\" data-id=\"13f97738\" data-element_type=\"column\" data-e-type=\"column\">\n\t\t\t<div class=\"elementor-widget-wrap elementor-element-populated\">\n\t\t\t\t\t\t<div class=\"elementor-element elementor-element-72cf3d72 elementor-invisible elementor-widget elementor-widget-image\" data-id=\"72cf3d72\" data-element_type=\"widget\" data-e-type=\"widget\" data-settings=\"{&quot;_animation&quot;:&quot;fadeIn&quot;,&quot;_animation_delay&quot;:100}\" data-widget_type=\"image.default\">\n\t\t\t\t<div class=\"elementor-widget-container\">\n\t\t\t\t\t\t\t\t\t\t\t\t\t\t\t\t<a href=\"https:\/\/ucge.com\/wp-content\/uploads\/yapi-marketler-20.jpg\" data-elementor-open-lightbox=\"yes\" data-elementor-lightbox-title=\"yapi-marketler-20.jpg\" data-e-action-hash=\"#elementor-action%3Aaction%3Dlightbox%26settings%3DeyJpZCI6MzQ0NzksInVybCI6Imh0dHBzOlwvXC91Y2dlLmNvbVwvd3AtY29udGVudFwvdXBsb2Fkc1wveWFwaS1tYXJrZXRsZXItMjAuanBnIn0%3D\">\n\t\t\t\t\t\t\t<img decoding=\"async\" src=\"https:\/\/ucge.com\/wp-content\/uploads\/elementor\/thumbs\/yapi-marketler-20-qukuzxamqkkwm8jjbuyv8bfztnxqjxt79ecxyzvbk0.jpg\" title=\"yapi-marketler-20.jpg\" alt=\"yapi-marketler-20.jpg\" loading=\"lazy\" \/>\t\t\t\t\t\t\t\t<\/a>\n\t\t\t\t\t\t\t\t\t\t\t\t\t\t\t<\/div>\n\t\t\t\t<\/div>\n\t\t\t\t\t<\/div>\n\t\t<\/div>\n\t\t\t\t<div class=\"elementor-column elementor-col-50 elementor-top-column elementor-element elementor-element-31ce314\" data-id=\"31ce314\" data-element_type=\"column\" data-e-type=\"column\">\n\t\t\t<div class=\"elementor-widget-wrap elementor-element-populated\">\n\t\t\t\t\t\t<div class=\"elementor-element elementor-element-4c5e9236 elementor-invisible elementor-widget elementor-widget-image\" data-id=\"4c5e9236\" data-element_type=\"widget\" data-e-type=\"widget\" data-settings=\"{&quot;_animation&quot;:&quot;fadeIn&quot;,&quot;_animation_delay&quot;:200}\" data-widget_type=\"image.default\">\n\t\t\t\t<div class=\"elementor-widget-container\">\n\t\t\t\t\t\t\t\t\t\t\t\t\t\t\t\t<a href=\"https:\/\/ucge.com\/wp-content\/uploads\/yapi-marketler-21.jpg\" data-elementor-open-lightbox=\"yes\" data-elementor-lightbox-title=\"yapi-marketler-21.jpg\" data-e-action-hash=\"#elementor-action%3Aaction%3Dlightbox%26settings%3DeyJpZCI6MzQ0ODAsInVybCI6Imh0dHBzOlwvXC91Y2dlLmNvbVwvd3AtY29udGVudFwvdXBsb2Fkc1wveWFwaS1tYXJrZXRsZXItMjEuanBnIn0%3D\">\n\t\t\t\t\t\t\t<img decoding=\"async\" src=\"https:\/\/ucge.com\/wp-content\/uploads\/elementor\/thumbs\/yapi-marketler-21-qukuzxamqkiljo4xizxhe9k5gnfh6fkzx1nc56kj1g.jpg\" title=\"yapi-marketler-21.jpg\" alt=\"yapi-marketler-21.jpg\" loading=\"lazy\" \/>\t\t\t\t\t\t\t\t<\/a>\n\t\t\t\t\t\t\t\t\t\t\t\t\t\t\t<\/div>\n\t\t\t\t<\/div>\n\t\t\t\t<section class=\"elementor-section elementor-inner-section elementor-element elementor-element-317398ee elementor-section-boxed elementor-section-height-default elementor-section-height-default\" data-id=\"317398ee\" data-element_type=\"section\" data-e-type=\"section\">\n\t\t\t\t\t\t<div class=\"elementor-container elementor-column-gap-no\">\n\t\t\t\t\t<div class=\"elementor-column elementor-col-50 elementor-inner-column elementor-element elementor-element-5d0cff38\" data-id=\"5d0cff38\" data-element_type=\"column\" data-e-type=\"column\">\n\t\t\t<div class=\"elementor-widget-wrap elementor-element-populated\">\n\t\t\t\t\t\t<div class=\"elementor-element elementor-element-10156e42 elementor-invisible elementor-widget elementor-widget-image\" data-id=\"10156e42\" data-element_type=\"widget\" data-e-type=\"widget\" data-settings=\"{&quot;_animation&quot;:&quot;fadeIn&quot;,&quot;_animation_delay&quot;:300}\" data-widget_type=\"image.default\">\n\t\t\t\t<div class=\"elementor-widget-container\">\n\t\t\t\t\t\t\t\t\t\t\t\t\t\t\t\t<a href=\"https:\/\/ucge.com\/wp-content\/uploads\/Yapi-Marketler-11-1-e1727078162705.jpg\" data-elementor-open-lightbox=\"yes\" data-elementor-lightbox-title=\"Yapi-Marketler-11-1-.jpg\" data-e-action-hash=\"#elementor-action%3Aaction%3Dlightbox%26settings%3DeyJpZCI6MzQ0ODEsInVybCI6Imh0dHBzOlwvXC91Y2dlLmNvbVwvd3AtY29udGVudFwvdXBsb2Fkc1wvWWFwaS1NYXJrZXRsZXItMTEtMS1lMTcyNzA3ODE2MjcwNS5qcGcifQ%3D%3D\">\n\t\t\t\t\t\t\t<img decoding=\"async\" src=\"https:\/\/ucge.com\/wp-content\/uploads\/elementor\/thumbs\/Yapi-Marketler-11-1-e1727078162705-qukuzy8c1zgghtv8ipwtchu09oyl4m222cnqunx19c.jpg\" title=\"Yapi-Marketler-11-1-.jpg\" alt=\"Yapi-Marketler-11-1-.jpg\" loading=\"lazy\" \/>\t\t\t\t\t\t\t\t<\/a>\n\t\t\t\t\t\t\t\t\t\t\t\t\t\t\t<\/div>\n\t\t\t\t<\/div>\n\t\t\t\t\t<\/div>\n\t\t<\/div>\n\t\t\t\t<div class=\"elementor-column elementor-col-50 elementor-inner-column elementor-element elementor-element-1b601f66\" data-id=\"1b601f66\" data-element_type=\"column\" data-e-type=\"column\">\n\t\t\t<div class=\"elementor-widget-wrap elementor-element-populated\">\n\t\t\t\t\t\t<div class=\"elementor-element elementor-element-1d8a82c8 elementor-invisible elementor-widget elementor-widget-image\" data-id=\"1d8a82c8\" data-element_type=\"widget\" data-e-type=\"widget\" data-settings=\"{&quot;_animation&quot;:&quot;fadeIn&quot;,&quot;_animation_delay&quot;:400}\" data-widget_type=\"image.default\">\n\t\t\t\t<div class=\"elementor-widget-container\">\n\t\t\t\t\t\t\t\t\t\t\t\t\t\t\t\t<a href=\"https:\/\/ucge.com\/wp-content\/uploads\/Yapi-Marketler-07-1.jpg\" data-elementor-open-lightbox=\"yes\" data-elementor-lightbox-title=\"Yapi-Marketler-07-1.jpg\" data-e-action-hash=\"#elementor-action%3Aaction%3Dlightbox%26settings%3DeyJpZCI6MzQ0ODIsInVybCI6Imh0dHBzOlwvXC91Y2dlLmNvbVwvd3AtY29udGVudFwvdXBsb2Fkc1wvWWFwaS1NYXJrZXRsZXItMDctMS5qcGcifQ%3D%3D\">\n\t\t\t\t\t\t\t<img decoding=\"async\" src=\"https:\/\/ucge.com\/wp-content\/uploads\/elementor\/thumbs\/Yapi-Marketler-07-1-qukuzy8c1zgghtv8ipwtchu09oyl4m222cnqunx19c.jpg\" title=\"Yapi-Marketler-07-1.jpg\" alt=\"Yapi-Marketler-07-1.jpg\" loading=\"lazy\" \/>\t\t\t\t\t\t\t\t<\/a>\n\t\t\t\t\t\t\t\t\t\t\t\t\t\t\t<\/div>\n\t\t\t\t<\/div>\n\t\t\t\t\t<\/div>\n\t\t<\/div>\n\t\t\t\t\t<\/div>\n\t\t<\/section>\n\t\t\t\t\t<\/div>\n\t\t<\/div>\n\t\t\t\t\t<\/div>\n\t\t<\/section>\n\t\t\t\t<section class=\"elementor-section elementor-top-section elementor-element elementor-element-749079a9 envato-kit-141 elementor-section-boxed elementor-section-height-default elementor-section-height-default\" data-id=\"749079a9\" data-element_type=\"section\" data-e-type=\"section\" data-settings=\"{&quot;background_background&quot;:&quot;classic&quot;}\">\n\t\t\t\t\t\t\t<div class=\"elementor-background-overlay\"><\/div>\n\t\t\t\t\t\t\t<div class=\"elementor-container elementor-column-gap-no\">\n\t\t\t\t\t<div class=\"elementor-column elementor-col-50 elementor-top-column elementor-element elementor-element-4eabf178\" data-id=\"4eabf178\" data-element_type=\"column\" data-e-type=\"column\">\n\t\t\t<div class=\"elementor-widget-wrap elementor-element-populated\">\n\t\t\t\t\t\t<section class=\"elementor-section elementor-inner-section elementor-element elementor-element-5e98e290 elementor-section-boxed elementor-section-height-default elementor-section-height-default\" data-id=\"5e98e290\" data-element_type=\"section\" data-e-type=\"section\">\n\t\t\t\t\t\t<div class=\"elementor-container elementor-column-gap-no\">\n\t\t\t\t\t<div class=\"elementor-column elementor-col-50 elementor-inner-column elementor-element elementor-element-71969acc\" data-id=\"71969acc\" data-element_type=\"column\" data-e-type=\"column\">\n\t\t\t<div class=\"elementor-widget-wrap elementor-element-populated\">\n\t\t\t\t\t\t<div class=\"elementor-element elementor-element-6178f684 elementor-invisible elementor-widget elementor-widget-image\" data-id=\"6178f684\" data-element_type=\"widget\" data-e-type=\"widget\" data-settings=\"{&quot;_animation&quot;:&quot;fadeIn&quot;,&quot;_animation_delay&quot;:100}\" data-widget_type=\"image.default\">\n\t\t\t\t<div class=\"elementor-widget-container\">\n\t\t\t\t\t\t\t\t\t\t\t\t\t\t\t\t<a href=\"https:\/\/ucge.com\/wp-content\/uploads\/Yapi-Marketler-14.jpg\" data-elementor-open-lightbox=\"yes\" data-elementor-lightbox-title=\"Yapi-Marketler-14.jpg\" data-e-action-hash=\"#elementor-action%3Aaction%3Dlightbox%26settings%3DeyJpZCI6MzQ0ODMsInVybCI6Imh0dHBzOlwvXC91Y2dlLmNvbVwvd3AtY29udGVudFwvdXBsb2Fkc1wvWWFwaS1NYXJrZXRsZXItMTQuanBnIn0%3D\">\n\t\t\t\t\t\t\t<img decoding=\"async\" src=\"https:\/\/ucge.com\/wp-content\/uploads\/elementor\/thumbs\/Yapi-Marketler-14-qukuzy8c1zgghtv8ipwtchu09oyl4m222cnqunx19c.jpg\" title=\"Yapi-Marketler-14.jpg\" alt=\"Yapi-Marketler-14.jpg\" loading=\"lazy\" \/>\t\t\t\t\t\t\t\t<\/a>\n\t\t\t\t\t\t\t\t\t\t\t\t\t\t\t<\/div>\n\t\t\t\t<\/div>\n\t\t\t\t\t<\/div>\n\t\t<\/div>\n\t\t\t\t<div class=\"elementor-column elementor-col-50 elementor-inner-column elementor-element elementor-element-179e3653\" data-id=\"179e3653\" data-element_type=\"column\" data-e-type=\"column\">\n\t\t\t<div class=\"elementor-widget-wrap elementor-element-populated\">\n\t\t\t\t\t\t<div class=\"elementor-element elementor-element-482d865c elementor-invisible elementor-widget elementor-widget-image\" data-id=\"482d865c\" data-element_type=\"widget\" data-e-type=\"widget\" data-settings=\"{&quot;_animation&quot;:&quot;fadeIn&quot;,&quot;_animation_delay&quot;:200}\" data-widget_type=\"image.default\">\n\t\t\t\t<div class=\"elementor-widget-container\">\n\t\t\t\t\t\t\t\t\t\t\t\t\t\t\t\t<a href=\"https:\/\/ucge.com\/wp-content\/uploads\/yapi-marketler-22.jpg\" data-elementor-open-lightbox=\"yes\" data-elementor-lightbox-title=\"yapi-marketler-22.jpg\" data-e-action-hash=\"#elementor-action%3Aaction%3Dlightbox%26settings%3DeyJpZCI6MzQ0ODQsInVybCI6Imh0dHBzOlwvXC91Y2dlLmNvbVwvd3AtY29udGVudFwvdXBsb2Fkc1wveWFwaS1tYXJrZXRsZXItMjIuanBnIn0%3D\">\n\t\t\t\t\t\t\t<img decoding=\"async\" src=\"https:\/\/ucge.com\/wp-content\/uploads\/elementor\/thumbs\/yapi-marketler-22-qukuzy8c1zgghtv8ipwtchu09oyl4m222cnqunx19c.jpg\" title=\"yapi-marketler-22.jpg\" alt=\"yapi-marketler-22.jpg\" loading=\"lazy\" \/>\t\t\t\t\t\t\t\t<\/a>\n\t\t\t\t\t\t\t\t\t\t\t\t\t\t\t<\/div>\n\t\t\t\t<\/div>\n\t\t\t\t\t<\/div>\n\t\t<\/div>\n\t\t\t\t\t<\/div>\n\t\t<\/section>\n\t\t\t\t\t<\/div>\n\t\t<\/div>\n\t\t\t\t<div class=\"elementor-column elementor-col-50 elementor-top-column elementor-element elementor-element-c9ac52d\" data-id=\"c9ac52d\" data-element_type=\"column\" data-e-type=\"column\">\n\t\t\t<div class=\"elementor-widget-wrap elementor-element-populated\">\n\t\t\t\t\t\t<div class=\"elementor-element elementor-element-270a3246 elementor-invisible elementor-widget elementor-widget-image\" data-id=\"270a3246\" data-element_type=\"widget\" data-e-type=\"widget\" data-settings=\"{&quot;_animation&quot;:&quot;fadeIn&quot;,&quot;_animation_delay&quot;:300}\" data-widget_type=\"image.default\">\n\t\t\t\t<div class=\"elementor-widget-container\">\n\t\t\t\t\t\t\t\t\t\t\t\t\t\t\t\t<a href=\"https:\/\/ucge.com\/wp-content\/uploads\/Yapi-Marketler-10-1.jpg\" data-elementor-open-lightbox=\"yes\" data-elementor-lightbox-title=\"Yapi-Marketler-10-1.jpg\" data-e-action-hash=\"#elementor-action%3Aaction%3Dlightbox%26settings%3DeyJpZCI6MzQ0ODUsInVybCI6Imh0dHBzOlwvXC91Y2dlLmNvbVwvd3AtY29udGVudFwvdXBsb2Fkc1wvWWFwaS1NYXJrZXRsZXItMTAtMS5qcGcifQ%3D%3D\">\n\t\t\t\t\t\t\t<img decoding=\"async\" src=\"https:\/\/ucge.com\/wp-content\/uploads\/elementor\/thumbs\/Yapi-Marketler-10-1-qukuzz6b48l66w2780qqj932nf67ltsglayb3qhqp0.jpg\" title=\"Yapi-Marketler-10-1.jpg\" alt=\"Yapi-Marketler-10-1.jpg\" loading=\"lazy\" \/>\t\t\t\t\t\t\t\t<\/a>\n\t\t\t\t\t\t\t\t\t\t\t\t\t\t\t<\/div>\n\t\t\t\t<\/div>\n\t\t\t\t\t<\/div>\n\t\t<\/div>\n\t\t\t\t\t<\/div>\n\t\t<\/section>\n\t\t\t\t<section class=\"elementor-section elementor-top-section elementor-element elementor-element-ff294c3 envato-kit-141 elementor-section-boxed elementor-section-height-default elementor-section-height-default\" data-id=\"ff294c3\" data-element_type=\"section\" data-e-type=\"section\" data-settings=\"{&quot;background_background&quot;:&quot;classic&quot;}\">\n\t\t\t\t\t\t\t<div class=\"elementor-background-overlay\"><\/div>\n\t\t\t\t\t\t\t<div class=\"elementor-container elementor-column-gap-no\">\n\t\t\t\t\t<div class=\"elementor-column elementor-col-50 elementor-top-column elementor-element elementor-element-3c6871e\" data-id=\"3c6871e\" data-element_type=\"column\" data-e-type=\"column\">\n\t\t\t<div class=\"elementor-widget-wrap elementor-element-populated\">\n\t\t\t\t\t\t<div class=\"elementor-element elementor-element-d0d93d5 elementor-invisible elementor-widget elementor-widget-image\" data-id=\"d0d93d5\" data-element_type=\"widget\" data-e-type=\"widget\" data-settings=\"{&quot;_animation&quot;:&quot;fadeIn&quot;,&quot;_animation_delay&quot;:300}\" data-widget_type=\"image.default\">\n\t\t\t\t<div class=\"elementor-widget-container\">\n\t\t\t\t\t\t\t\t\t\t\t\t\t\t\t\t<a href=\"https:\/\/ucge.com\/wp-content\/uploads\/Yapimarketler_002.webp\" data-elementor-open-lightbox=\"yes\" data-elementor-lightbox-title=\"Yap\u0131marketler_002\" data-e-action-hash=\"#elementor-action%3Aaction%3Dlightbox%26settings%3DeyJpZCI6MzYwMjMsInVybCI6Imh0dHBzOlwvXC91Y2dlLmNvbVwvd3AtY29udGVudFwvdXBsb2Fkc1wvWWFwaW1hcmtldGxlcl8wMDIud2VicCJ9\">\n\t\t\t\t\t\t\t<img decoding=\"async\" src=\"https:\/\/ucge.com\/wp-content\/uploads\/elementor\/thumbs\/Yapimarketler_002-r0nxzu9vp9wkk16qk4pmb1a1dz5lsxlwxjuhbpvyw4.webp\" title=\"Yap\u0131marketler_002\" alt=\"Yap\u0131marketler_002\" loading=\"lazy\" \/>\t\t\t\t\t\t\t\t<\/a>\n\t\t\t\t\t\t\t\t\t\t\t\t\t\t\t<\/div>\n\t\t\t\t<\/div>\n\t\t\t\t\t<\/div>\n\t\t<\/div>\n\t\t\t\t<div class=\"elementor-column elementor-col-50 elementor-top-column elementor-element elementor-element-b42cd77\" data-id=\"b42cd77\" data-element_type=\"column\" data-e-type=\"column\">\n\t\t\t<div class=\"elementor-widget-wrap elementor-element-populated\">\n\t\t\t\t\t\t<section class=\"elementor-section elementor-inner-section elementor-element elementor-element-9cfb5ba elementor-section-boxed elementor-section-height-default elementor-section-height-default\" data-id=\"9cfb5ba\" data-element_type=\"section\" data-e-type=\"section\">\n\t\t\t\t\t\t<div class=\"elementor-container elementor-column-gap-no\">\n\t\t\t\t\t<div class=\"elementor-column elementor-col-50 elementor-inner-column elementor-element elementor-element-470cb6d\" data-id=\"470cb6d\" data-element_type=\"column\" data-e-type=\"column\">\n\t\t\t<div class=\"elementor-widget-wrap elementor-element-populated\">\n\t\t\t\t\t\t<div class=\"elementor-element elementor-element-30fc3bd elementor-invisible elementor-widget elementor-widget-image\" data-id=\"30fc3bd\" data-element_type=\"widget\" data-e-type=\"widget\" data-settings=\"{&quot;_animation&quot;:&quot;fadeIn&quot;,&quot;_animation_delay&quot;:100}\" data-widget_type=\"image.default\">\n\t\t\t\t<div class=\"elementor-widget-container\">\n\t\t\t\t\t\t\t\t\t\t\t\t\t\t\t\t<a href=\"https:\/\/ucge.com\/wp-content\/uploads\/Yapimarketler_001.webp\" data-elementor-open-lightbox=\"yes\" data-elementor-lightbox-title=\"Yap\u0131marketler_001\" data-e-action-hash=\"#elementor-action%3Aaction%3Dlightbox%26settings%3DeyJpZCI6MzYwMjQsInVybCI6Imh0dHBzOlwvXC91Y2dlLmNvbVwvd3AtY29udGVudFwvdXBsb2Fkc1wvWWFwaW1hcmtldGxlcl8wMDEud2VicCJ9\">\n\t\t\t\t\t\t\t<img decoding=\"async\" src=\"https:\/\/ucge.com\/wp-content\/uploads\/elementor\/thumbs\/Yapimarketler_001-r0nxzw5f7ivptsvoed3ktrbcsek2yt6pezidih72xs.webp\" title=\"Yap\u0131marketler_001\" alt=\"Yap\u0131marketler_001\" loading=\"lazy\" \/>\t\t\t\t\t\t\t\t<\/a>\n\t\t\t\t\t\t\t\t\t\t\t\t\t\t\t<\/div>\n\t\t\t\t<\/div>\n\t\t\t\t\t<\/div>\n\t\t<\/div>\n\t\t\t\t<div class=\"elementor-column elementor-col-50 elementor-inner-column elementor-element elementor-element-8d9c9bf\" data-id=\"8d9c9bf\" data-element_type=\"column\" data-e-type=\"column\">\n\t\t\t<div class=\"elementor-widget-wrap elementor-element-populated\">\n\t\t\t\t\t\t<div class=\"elementor-element elementor-element-428dd7f elementor-invisible elementor-widget elementor-widget-image\" data-id=\"428dd7f\" data-element_type=\"widget\" data-e-type=\"widget\" data-settings=\"{&quot;_animation&quot;:&quot;fadeIn&quot;,&quot;_animation_delay&quot;:200}\" data-widget_type=\"image.default\">\n\t\t\t\t<div class=\"elementor-widget-container\">\n\t\t\t\t\t\t\t\t\t\t\t\t\t\t\t<img decoding=\"async\" src=\"https:\/\/ucge.com\/wp-content\/uploads\/elementor\/thumbs\/Yapimarketler_003-r0nxzse2g6qkjd150bh2js9iev2m40rs2gwfldcnmo.webp\" title=\"Yap\u0131marketler_003\" alt=\"Yap\u0131marketler_003\" loading=\"lazy\" \/>\t\t\t\t\t\t\t\t\t\t\t\t\t\t\t<\/div>\n\t\t\t\t<\/div>\n\t\t\t\t\t<\/div>\n\t\t<\/div>\n\t\t\t\t\t<\/div>\n\t\t<\/section>\n\t\t\t\t\t<\/div>\n\t\t<\/div>\n\t\t\t\t\t<\/div>\n\t\t<\/section>\n\t\t\t\t<\/div>","protected":false},"excerpt":{"rendered":"<p>YAPI MARKET Yap\u0131 marketlerinde geni\u015f \u00fcr\u00fcn yelpazesinin d\u00fczenli ve eri\u015filebilir bir \u015fekilde sergilenmesi, i\u015flevselli\u011fi ve m\u00fc\u015fteri memnuniyetini art\u0131ran en \u00f6nemli unsurlardan biridir. Bu ihtiyaca uygun olarak tasarlanan raf sistemleri, dayan\u0131kl\u0131l\u0131\u011f\u0131yla \u00f6ne \u00e7\u0131kar ve a\u011f\u0131r \u00fcr\u00fcnlerin g\u00fcvenli bir \u015fekilde depolanmas\u0131n\u0131 sa\u011flar. Esnek ve mod\u00fcler yap\u0131s\u0131 sayesinde, her ma\u011faza alan\u0131na uyum sa\u011flayarak d\u00fczenleme ve yerle\u015fim kolayl\u0131\u011f\u0131 sunar. &hellip; <a href=\"https:\/\/ucge.com\/en\/projeler\/yapi-market\/\" class=\"more-link\">Continue reading<span class=\"screen-reader-text\"> &#8220;Yap\u0131 Market&#8221;<\/span><\/a><\/p>","protected":false},"author":2,"featured_media":0,"parent":34567,"menu_order":0,"comment_status":"closed","ping_status":"closed","template":"elementor_header_footer","meta":{"footnotes":""},"class_list":["post-34476","page","type-page","status-publish","hentry"],"_links":{"self":[{"href":"https:\/\/ucge.com\/en\/wp-json\/wp\/v2\/pages\/34476","targetHints":{"allow":["GET"]}}],"collection":[{"href":"https:\/\/ucge.com\/en\/wp-json\/wp\/v2\/pages"}],"about":[{"href":"https:\/\/ucge.com\/en\/wp-json\/wp\/v2\/types\/page"}],"author":[{"embeddable":true,"href":"https:\/\/ucge.com\/en\/wp-json\/wp\/v2\/users\/2"}],"replies":[{"embeddable":true,"href":"https:\/\/ucge.com\/en\/wp-json\/wp\/v2\/comments?post=34476"}],"version-history":[{"count":0,"href":"https:\/\/ucge.com\/en\/wp-json\/wp\/v2\/pages\/34476\/revisions"}],"up":[{"embeddable":true,"href":"https:\/\/ucge.com\/en\/wp-json\/wp\/v2\/pages\/34567"}],"wp:attachment":[{"href":"https:\/\/ucge.com\/en\/wp-json\/wp\/v2\/media?parent=34476"}],"curies":[{"name":"wp","href":"https:\/\/api.w.org\/{rel}","templated":true}]}}