{"id":34527,"date":"2024-09-24T15:52:38","date_gmt":"2024-09-24T12:52:38","guid":{"rendered":"https:\/\/ucge.com\/?page_id=34527"},"modified":"2024-11-02T16:31:16","modified_gmt":"2024-11-02T13:31:16","slug":"boutique-stores","status":"publish","type":"page","link":"https:\/\/ucge.com\/en\/projeler\/butik-magazalar\/","title":{"rendered":"Boutique Stores"},"content":{"rendered":"<div data-elementor-type=\"wp-page\" data-elementor-id=\"34527\" class=\"elementor elementor-34527\" data-elementor-post-type=\"page\">\n\t\t\t\t\t\t<section class=\"elementor-section elementor-top-section elementor-element elementor-element-8c61cd1 elementor-hidden-desktop elementor-hidden-tablet elementor-section-boxed elementor-section-height-default elementor-section-height-default\" data-id=\"8c61cd1\" data-element_type=\"section\" data-e-type=\"section\">\n\t\t\t\t\t\t<div class=\"elementor-container elementor-column-gap-default\">\n\t\t\t\t\t<div class=\"elementor-column elementor-col-50 elementor-top-column elementor-element elementor-element-90ecf0b\" data-id=\"90ecf0b\" data-element_type=\"column\" data-e-type=\"column\">\n\t\t\t<div class=\"elementor-widget-wrap elementor-element-populated\">\n\t\t\t\t\t\t<div class=\"elementor-element elementor-element-c6396db elementor-widget-mobile__width-initial elementor-widget elementor-widget-heading\" data-id=\"c6396db\" data-element_type=\"widget\" data-e-type=\"widget\" data-settings=\"{&quot;_animation&quot;:&quot;none&quot;}\" data-widget_type=\"heading.default\">\n\t\t\t\t<div class=\"elementor-widget-container\">\n\t\t\t\t\t<h1 class=\"elementor-heading-title elementor-size-medium\">BOUTIQUE STORES<\/h1>\t\t\t\t<\/div>\n\t\t\t\t<\/div>\n\t\t\t\t\t<\/div>\n\t\t<\/div>\n\t\t\t\t<div class=\"elementor-column elementor-col-50 elementor-top-column elementor-element elementor-element-244076e\" data-id=\"244076e\" data-element_type=\"column\" data-e-type=\"column\">\n\t\t\t<div class=\"elementor-widget-wrap elementor-element-populated\">\n\t\t\t\t\t\t<div class=\"elementor-element elementor-element-6d0ccae9 elementor-widget__width-initial elementor-widget elementor-widget-image\" data-id=\"6d0ccae9\" data-element_type=\"widget\" data-e-type=\"widget\" data-widget_type=\"image.default\">\n\t\t\t\t<div class=\"elementor-widget-container\">\n\t\t\t\t\t\t\t\t\t\t\t\t\t\t\t<img fetchpriority=\"high\" decoding=\"async\" width=\"2560\" height=\"1068\" src=\"https:\/\/ucge.com\/wp-content\/uploads\/BUTIK-MAGAZA-BANNER-1-scaled.webp\" class=\"attachment-full size-full wp-image-35660\" alt=\"BUTIK-MAGAZA-BANNER-1\" srcset=\"https:\/\/ucge.com\/wp-content\/uploads\/BUTIK-MAGAZA-BANNER-1-scaled.webp 2560w, https:\/\/ucge.com\/wp-content\/uploads\/BUTIK-MAGAZA-BANNER-1-300x125.webp 300w, https:\/\/ucge.com\/wp-content\/uploads\/BUTIK-MAGAZA-BANNER-1-1024x427.webp 1024w, https:\/\/ucge.com\/wp-content\/uploads\/BUTIK-MAGAZA-BANNER-1-768x320.webp 768w, https:\/\/ucge.com\/wp-content\/uploads\/BUTIK-MAGAZA-BANNER-1-1536x641.webp 1536w, https:\/\/ucge.com\/wp-content\/uploads\/BUTIK-MAGAZA-BANNER-1-2048x854.webp 2048w, https:\/\/ucge.com\/wp-content\/uploads\/BUTIK-MAGAZA-BANNER-1-18x8.webp 18w, https:\/\/ucge.com\/wp-content\/uploads\/BUTIK-MAGAZA-BANNER-1-1200x500.webp 1200w\" sizes=\"(max-width: 709px) 85vw, (max-width: 909px) 67vw, (max-width: 1362px) 62vw, 840px\" \/>\t\t\t\t\t\t\t\t\t\t\t\t\t\t\t<\/div>\n\t\t\t\t<\/div>\n\t\t\t\t\t<\/div>\n\t\t<\/div>\n\t\t\t\t\t<\/div>\n\t\t<\/section>\n\t\t\t\t<section class=\"elementor-section elementor-top-section elementor-element elementor-element-4f9fe577 elementor-section-full_width elementor-hidden-mobile elementor-section-height-default elementor-section-height-default\" data-id=\"4f9fe577\" data-element_type=\"section\" data-e-type=\"section\">\n\t\t\t\t\t\t<div class=\"elementor-container elementor-column-gap-default\">\n\t\t\t\t\t<div class=\"elementor-column elementor-col-33 elementor-top-column elementor-element elementor-element-440ca09b\" data-id=\"440ca09b\" data-element_type=\"column\" data-e-type=\"column\">\n\t\t\t<div class=\"elementor-widget-wrap elementor-element-populated\">\n\t\t\t\t\t\t<div class=\"elementor-element elementor-element-385bb831 elementor-absolute elementor-widget elementor-widget-heading\" data-id=\"385bb831\" data-element_type=\"widget\" data-e-type=\"widget\" data-settings=\"{&quot;_animation&quot;:&quot;none&quot;,&quot;_position&quot;:&quot;absolute&quot;}\" data-widget_type=\"heading.default\">\n\t\t\t\t<div class=\"elementor-widget-container\">\n\t\t\t\t\t<h1 class=\"elementor-heading-title elementor-size-medium\">BOUTIQUE STORES<\/h1>\t\t\t\t<\/div>\n\t\t\t\t<\/div>\n\t\t\t\t\t<\/div>\n\t\t<\/div>\n\t\t\t\t<div class=\"elementor-column elementor-col-66 elementor-top-column elementor-element elementor-element-71b9d91f\" data-id=\"71b9d91f\" data-element_type=\"column\" data-e-type=\"column\">\n\t\t\t<div class=\"elementor-widget-wrap elementor-element-populated\">\n\t\t\t\t\t\t<div class=\"elementor-element elementor-element-5ba7d29 elementor-widget__width-initial elementor-widget elementor-widget-image\" data-id=\"5ba7d29\" data-element_type=\"widget\" data-e-type=\"widget\" data-widget_type=\"image.default\">\n\t\t\t\t<div class=\"elementor-widget-container\">\n\t\t\t\t\t\t\t\t\t\t\t\t\t\t\t<img fetchpriority=\"high\" decoding=\"async\" width=\"2560\" height=\"1068\" src=\"https:\/\/ucge.com\/wp-content\/uploads\/BUTIK-MAGAZA-BANNER-1-scaled.webp\" class=\"attachment-full size-full wp-image-35660\" alt=\"BUTIK-MAGAZA-BANNER-1\" srcset=\"https:\/\/ucge.com\/wp-content\/uploads\/BUTIK-MAGAZA-BANNER-1-scaled.webp 2560w, https:\/\/ucge.com\/wp-content\/uploads\/BUTIK-MAGAZA-BANNER-1-300x125.webp 300w, https:\/\/ucge.com\/wp-content\/uploads\/BUTIK-MAGAZA-BANNER-1-1024x427.webp 1024w, https:\/\/ucge.com\/wp-content\/uploads\/BUTIK-MAGAZA-BANNER-1-768x320.webp 768w, https:\/\/ucge.com\/wp-content\/uploads\/BUTIK-MAGAZA-BANNER-1-1536x641.webp 1536w, https:\/\/ucge.com\/wp-content\/uploads\/BUTIK-MAGAZA-BANNER-1-2048x854.webp 2048w, https:\/\/ucge.com\/wp-content\/uploads\/BUTIK-MAGAZA-BANNER-1-18x8.webp 18w, https:\/\/ucge.com\/wp-content\/uploads\/BUTIK-MAGAZA-BANNER-1-1200x500.webp 1200w\" sizes=\"(max-width: 709px) 85vw, (max-width: 909px) 67vw, (max-width: 1362px) 62vw, 840px\" \/>\t\t\t\t\t\t\t\t\t\t\t\t\t\t\t<\/div>\n\t\t\t\t<\/div>\n\t\t\t\t\t<\/div>\n\t\t<\/div>\n\t\t\t\t\t<\/div>\n\t\t<\/section>\n\t\t\t\t<section class=\"elementor-section elementor-top-section elementor-element elementor-element-acd53c5 elementor-section-boxed elementor-section-height-default elementor-section-height-default\" data-id=\"acd53c5\" data-element_type=\"section\" data-e-type=\"section\">\n\t\t\t\t\t\t<div class=\"elementor-container elementor-column-gap-default\">\n\t\t\t\t\t<div class=\"elementor-column elementor-col-100 elementor-top-column elementor-element elementor-element-6aa00ff\" data-id=\"6aa00ff\" data-element_type=\"column\" data-e-type=\"column\">\n\t\t\t<div class=\"elementor-widget-wrap elementor-element-populated\">\n\t\t\t\t\t\t<div class=\"elementor-element elementor-element-5011bf9 elementor-widget elementor-widget-text-editor\" data-id=\"5011bf9\" data-element_type=\"widget\" data-e-type=\"widget\" data-widget_type=\"text-editor.default\">\n\t\t\t\t<div class=\"elementor-widget-container\">\n\t\t\t\t\t\t\t\t\tWe offer shelving systems that complement the elegant and unique nature of boutique stores. These solutions, customizable to match each store\u2019s distinct concept, create both aesthetic and functional display areas, ensuring that your products are showcased in the most eye-catching way. While providing a stylish touch to the display of fashion and accessory items, they also enhance your customers' shopping experience. With superior material quality and innovative designs, elevate both the elegance and efficiency of your boutique store.\t\t\t\t\t\t\t\t<\/div>\n\t\t\t\t<\/div>\n\t\t\t\t\t<\/div>\n\t\t<\/div>\n\t\t\t\t\t<\/div>\n\t\t<\/section>\n\t\t\t\t<section class=\"elementor-section elementor-top-section elementor-element elementor-element-1f3bb0c6 envato-kit-141 elementor-section-boxed elementor-section-height-default elementor-section-height-default\" data-id=\"1f3bb0c6\" data-element_type=\"section\" data-e-type=\"section\" data-settings=\"{&quot;background_background&quot;:&quot;classic&quot;}\">\n\t\t\t\t\t\t\t<div class=\"elementor-background-overlay\"><\/div>\n\t\t\t\t\t\t\t<div class=\"elementor-container elementor-column-gap-no\">\n\t\t\t\t\t<div class=\"elementor-column elementor-col-50 elementor-top-column elementor-element elementor-element-327a6ccd\" data-id=\"327a6ccd\" data-element_type=\"column\" data-e-type=\"column\">\n\t\t\t<div class=\"elementor-widget-wrap elementor-element-populated\">\n\t\t\t\t\t\t<div class=\"elementor-element elementor-element-629fbe3 elementor-invisible elementor-widget elementor-widget-image\" data-id=\"629fbe3\" data-element_type=\"widget\" data-e-type=\"widget\" data-settings=\"{&quot;_animation&quot;:&quot;fadeIn&quot;,&quot;_animation_delay&quot;:100}\" data-widget_type=\"image.default\">\n\t\t\t\t<div class=\"elementor-widget-container\">\n\t\t\t\t\t\t\t\t\t\t\t\t\t\t\t\t<a href=\"https:\/\/ucge.com\/wp-content\/uploads\/Butik_magazalar-06.jpg\" data-elementor-open-lightbox=\"yes\" data-elementor-lightbox-title=\"Butik_magazalar-06.jpg\" data-e-action-hash=\"#elementor-action%3Aaction%3Dlightbox%26settings%3DeyJpZCI6MzQ1MzAsInVybCI6Imh0dHBzOlwvXC91Y2dlLmNvbVwvd3AtY29udGVudFwvdXBsb2Fkc1wvQnV0aWtfbWFnYXphbGFyLTA2LmpwZyJ9\">\n\t\t\t\t\t\t\t<img decoding=\"async\" src=\"https:\/\/ucge.com\/wp-content\/uploads\/elementor\/thumbs\/Butik_magazalar-06-qukwqyd10mv34wzla3s9feuptt9spa18ld72gyeybk.jpg\" title=\"Butik_magazalar-06.jpg\" alt=\"Butik_magazalar-06.jpg\" loading=\"lazy\" \/>\t\t\t\t\t\t\t\t<\/a>\n\t\t\t\t\t\t\t\t\t\t\t\t\t\t\t<\/div>\n\t\t\t\t<\/div>\n\t\t\t\t\t<\/div>\n\t\t<\/div>\n\t\t\t\t<div class=\"elementor-column elementor-col-50 elementor-top-column elementor-element elementor-element-3618241b\" data-id=\"3618241b\" data-element_type=\"column\" data-e-type=\"column\">\n\t\t\t<div class=\"elementor-widget-wrap elementor-element-populated\">\n\t\t\t\t\t\t<div class=\"elementor-element elementor-element-54a585bb elementor-invisible elementor-widget elementor-widget-image\" data-id=\"54a585bb\" data-element_type=\"widget\" data-e-type=\"widget\" data-settings=\"{&quot;_animation&quot;:&quot;fadeIn&quot;,&quot;_animation_delay&quot;:200}\" data-widget_type=\"image.default\">\n\t\t\t\t<div class=\"elementor-widget-container\">\n\t\t\t\t\t\t\t\t\t\t\t\t\t\t\t\t<a href=\"https:\/\/ucge.com\/wp-content\/uploads\/butik-magazalar-31.jpg\" data-elementor-open-lightbox=\"yes\" data-elementor-lightbox-title=\"butik-magazalar-31.jpg\" data-e-action-hash=\"#elementor-action%3Aaction%3Dlightbox%26settings%3DeyJpZCI6MzQ1MzEsInVybCI6Imh0dHBzOlwvXC91Y2dlLmNvbVwvd3AtY29udGVudFwvdXBsb2Fkc1wvYnV0aWstbWFnYXphbGFyLTMxLmpwZyJ9\">\n\t\t\t\t\t\t\t<img decoding=\"async\" src=\"https:\/\/ucge.com\/wp-content\/uploads\/elementor\/thumbs\/butik-magazalar-31-qukwqzav7gu2dyjmbr5i5uqc26mwjgwrl54y4f2rms.jpg\" title=\"butik-magazalar-31.jpg\" alt=\"butik-magazalar-31.jpg\" loading=\"lazy\" \/>\t\t\t\t\t\t\t\t<\/a>\n\t\t\t\t\t\t\t\t\t\t\t\t\t\t\t<\/div>\n\t\t\t\t<\/div>\n\t\t\t\t<section class=\"elementor-section elementor-inner-section elementor-element elementor-element-14f9f4b8 elementor-section-boxed elementor-section-height-default elementor-section-height-default\" data-id=\"14f9f4b8\" data-element_type=\"section\" data-e-type=\"section\">\n\t\t\t\t\t\t<div class=\"elementor-container elementor-column-gap-no\">\n\t\t\t\t\t<div class=\"elementor-column elementor-col-50 elementor-inner-column elementor-element elementor-element-2b46ef4b\" data-id=\"2b46ef4b\" data-element_type=\"column\" data-e-type=\"column\">\n\t\t\t<div class=\"elementor-widget-wrap elementor-element-populated\">\n\t\t\t\t\t\t<div class=\"elementor-element elementor-element-5db92b7a elementor-invisible elementor-widget elementor-widget-image\" data-id=\"5db92b7a\" data-element_type=\"widget\" data-e-type=\"widget\" data-settings=\"{&quot;_animation&quot;:&quot;fadeIn&quot;,&quot;_animation_delay&quot;:300}\" data-widget_type=\"image.default\">\n\t\t\t\t<div class=\"elementor-widget-container\">\n\t\t\t\t\t\t\t\t\t\t\t\t\t\t\t\t<a href=\"https:\/\/ucge.com\/wp-content\/uploads\/Butik_magazalar-01.jpg\" data-elementor-open-lightbox=\"yes\" data-elementor-lightbox-title=\"Butik_magazalar-01.jpg\" data-e-action-hash=\"#elementor-action%3Aaction%3Dlightbox%26settings%3DeyJpZCI6MzQ1MzIsInVybCI6Imh0dHBzOlwvXC91Y2dlLmNvbVwvd3AtY29udGVudFwvdXBsb2Fkc1wvQnV0aWtfbWFnYXphbGFyLTAxLmpwZyJ9\">\n\t\t\t\t\t\t\t<img decoding=\"async\" src=\"https:\/\/ucge.com\/wp-content\/uploads\/elementor\/thumbs\/Butik_magazalar-01-qukwqzaqc1qn0ibagyq7jl8q9uan9ya3ebhvcmgo0w.jpg\" title=\"Butik_magazalar-01.jpg\" alt=\"Butik_magazalar-01.jpg\" loading=\"lazy\" \/>\t\t\t\t\t\t\t\t<\/a>\n\t\t\t\t\t\t\t\t\t\t\t\t\t\t\t<\/div>\n\t\t\t\t<\/div>\n\t\t\t\t\t<\/div>\n\t\t<\/div>\n\t\t\t\t<div class=\"elementor-column elementor-col-50 elementor-inner-column elementor-element elementor-element-1618c8ef\" data-id=\"1618c8ef\" data-element_type=\"column\" data-e-type=\"column\">\n\t\t\t<div class=\"elementor-widget-wrap elementor-element-populated\">\n\t\t\t\t\t\t<div class=\"elementor-element elementor-element-4c791cad elementor-invisible elementor-widget elementor-widget-image\" data-id=\"4c791cad\" data-element_type=\"widget\" data-e-type=\"widget\" data-settings=\"{&quot;_animation&quot;:&quot;fadeIn&quot;,&quot;_animation_delay&quot;:400}\" data-widget_type=\"image.default\">\n\t\t\t\t<div class=\"elementor-widget-container\">\n\t\t\t\t\t\t\t\t\t\t\t\t\t\t\t\t<a href=\"https:\/\/ucge.com\/wp-content\/uploads\/Butik_magazalar-13.jpg\" data-elementor-open-lightbox=\"yes\" data-elementor-lightbox-title=\"Butik_magazalar-13.jpg\" data-e-action-hash=\"#elementor-action%3Aaction%3Dlightbox%26settings%3DeyJpZCI6MzQ1MzMsInVybCI6Imh0dHBzOlwvXC91Y2dlLmNvbVwvd3AtY29udGVudFwvdXBsb2Fkc1wvQnV0aWtfbWFnYXphbGFyLTEzLmpwZyJ9\">\n\t\t\t\t\t\t\t<img decoding=\"async\" src=\"https:\/\/ucge.com\/wp-content\/uploads\/elementor\/thumbs\/Butik_magazalar-13-qukwr08kivrxc49xbh4u4306v860hndtqg5ctwf9uo.jpg\" title=\"Butik_magazalar-13.jpg\" alt=\"Butik_magazalar-13.jpg\" loading=\"lazy\" \/>\t\t\t\t\t\t\t\t<\/a>\n\t\t\t\t\t\t\t\t\t\t\t\t\t\t\t<\/div>\n\t\t\t\t<\/div>\n\t\t\t\t\t<\/div>\n\t\t<\/div>\n\t\t\t\t\t<\/div>\n\t\t<\/section>\n\t\t\t\t\t<\/div>\n\t\t<\/div>\n\t\t\t\t\t<\/div>\n\t\t<\/section>\n\t\t\t\t<section class=\"elementor-section elementor-top-section elementor-element elementor-element-6bc22505 envato-kit-141 elementor-section-boxed elementor-section-height-default elementor-section-height-default\" data-id=\"6bc22505\" data-element_type=\"section\" data-e-type=\"section\" data-settings=\"{&quot;background_background&quot;:&quot;classic&quot;}\">\n\t\t\t\t\t\t\t<div class=\"elementor-background-overlay\"><\/div>\n\t\t\t\t\t\t\t<div class=\"elementor-container elementor-column-gap-no\">\n\t\t\t\t\t<div class=\"elementor-column elementor-col-50 elementor-top-column elementor-element elementor-element-640e9082\" data-id=\"640e9082\" data-element_type=\"column\" data-e-type=\"column\">\n\t\t\t<div class=\"elementor-widget-wrap elementor-element-populated\">\n\t\t\t\t\t\t<section class=\"elementor-section elementor-inner-section elementor-element elementor-element-7e525ce7 elementor-section-boxed elementor-section-height-default elementor-section-height-default\" data-id=\"7e525ce7\" data-element_type=\"section\" data-e-type=\"section\">\n\t\t\t\t\t\t<div class=\"elementor-container elementor-column-gap-no\">\n\t\t\t\t\t<div class=\"elementor-column elementor-col-50 elementor-inner-column elementor-element elementor-element-261cc8d4\" data-id=\"261cc8d4\" data-element_type=\"column\" data-e-type=\"column\">\n\t\t\t<div class=\"elementor-widget-wrap elementor-element-populated\">\n\t\t\t\t\t\t<div class=\"elementor-element elementor-element-600e1b04 elementor-invisible elementor-widget elementor-widget-image\" data-id=\"600e1b04\" data-element_type=\"widget\" data-e-type=\"widget\" data-settings=\"{&quot;_animation&quot;:&quot;fadeIn&quot;,&quot;_animation_delay&quot;:100}\" data-widget_type=\"image.default\">\n\t\t\t\t<div class=\"elementor-widget-container\">\n\t\t\t\t\t\t\t\t\t\t\t\t\t\t\t\t<a href=\"https:\/\/ucge.com\/wp-content\/uploads\/Butik_magazalar-12.jpg\" data-elementor-open-lightbox=\"yes\" data-elementor-lightbox-title=\"Butik_magazalar-12.jpg\" data-e-action-hash=\"#elementor-action%3Aaction%3Dlightbox%26settings%3DeyJpZCI6MzQ1MzQsInVybCI6Imh0dHBzOlwvXC91Y2dlLmNvbVwvd3AtY29udGVudFwvdXBsb2Fkc1wvQnV0aWtfbWFnYXphbGFyLTEyLmpwZyJ9\">\n\t\t\t\t\t\t\t<img decoding=\"async\" src=\"https:\/\/ucge.com\/wp-content\/uploads\/elementor\/thumbs\/Butik_magazalar-12-qukwr08kivrxc49xbh4u4306v860hndtqg5ctwf9uo.jpg\" title=\"Butik_magazalar-12.jpg\" alt=\"Butik_magazalar-12.jpg\" loading=\"lazy\" \/>\t\t\t\t\t\t\t\t<\/a>\n\t\t\t\t\t\t\t\t\t\t\t\t\t\t\t<\/div>\n\t\t\t\t<\/div>\n\t\t\t\t\t<\/div>\n\t\t<\/div>\n\t\t\t\t<div class=\"elementor-column elementor-col-50 elementor-inner-column elementor-element elementor-element-76bc7df2\" data-id=\"76bc7df2\" data-element_type=\"column\" data-e-type=\"column\">\n\t\t\t<div class=\"elementor-widget-wrap elementor-element-populated\">\n\t\t\t\t\t\t<div class=\"elementor-element elementor-element-593acc9c elementor-invisible elementor-widget elementor-widget-image\" data-id=\"593acc9c\" data-element_type=\"widget\" data-e-type=\"widget\" data-settings=\"{&quot;_animation&quot;:&quot;fadeIn&quot;,&quot;_animation_delay&quot;:200}\" data-widget_type=\"image.default\">\n\t\t\t\t<div class=\"elementor-widget-container\">\n\t\t\t\t\t\t\t\t\t\t\t\t\t\t\t\t<a href=\"https:\/\/ucge.com\/wp-content\/uploads\/butik-magazalar-32.png\" data-elementor-open-lightbox=\"yes\" data-elementor-lightbox-title=\"butik-magazalar-32.png\" data-e-action-hash=\"#elementor-action%3Aaction%3Dlightbox%26settings%3DeyJpZCI6MzQ1MzUsInVybCI6Imh0dHBzOlwvXC91Y2dlLmNvbVwvd3AtY29udGVudFwvdXBsb2Fkc1wvYnV0aWstbWFnYXphbGFyLTMyLnBuZyJ9\">\n\t\t\t\t\t\t\t<img decoding=\"async\" src=\"https:\/\/ucge.com\/wp-content\/uploads\/elementor\/thumbs\/butik-magazalar-32-qukwr16eppt7nq8k5zjgokrngm1dpchk2ksub6dvog.png\" title=\"butik-magazalar-32.png\" alt=\"butik-magazalar-32.png\" loading=\"lazy\" \/>\t\t\t\t\t\t\t\t<\/a>\n\t\t\t\t\t\t\t\t\t\t\t\t\t\t\t<\/div>\n\t\t\t\t<\/div>\n\t\t\t\t\t<\/div>\n\t\t<\/div>\n\t\t\t\t\t<\/div>\n\t\t<\/section>\n\t\t\t\t\t<\/div>\n\t\t<\/div>\n\t\t\t\t<div class=\"elementor-column elementor-col-50 elementor-top-column elementor-element elementor-element-74ae82f4\" data-id=\"74ae82f4\" data-element_type=\"column\" data-e-type=\"column\">\n\t\t\t<div class=\"elementor-widget-wrap elementor-element-populated\">\n\t\t\t\t\t\t<div class=\"elementor-element elementor-element-5bb560fe elementor-invisible elementor-widget elementor-widget-image\" data-id=\"5bb560fe\" data-element_type=\"widget\" data-e-type=\"widget\" data-settings=\"{&quot;_animation&quot;:&quot;fadeIn&quot;,&quot;_animation_delay&quot;:300}\" data-widget_type=\"image.default\">\n\t\t\t\t<div class=\"elementor-widget-container\">\n\t\t\t\t\t\t\t\t\t\t\t\t\t\t\t\t<a href=\"https:\/\/ucge.com\/wp-content\/uploads\/Butik_magazalar-6.jpg\" data-elementor-open-lightbox=\"yes\" data-elementor-lightbox-title=\"Butik_magazalar-6.jpg\" data-e-action-hash=\"#elementor-action%3Aaction%3Dlightbox%26settings%3DeyJpZCI6MzQ1MzYsInVybCI6Imh0dHBzOlwvXC91Y2dlLmNvbVwvd3AtY29udGVudFwvdXBsb2Fkc1wvQnV0aWtfbWFnYXphbGFyLTYuanBnIn0%3D\">\n\t\t\t\t\t\t\t<img decoding=\"async\" src=\"https:\/\/ucge.com\/wp-content\/uploads\/elementor\/thumbs\/Butik_magazalar-6-qukwr24dryxxcsfivaddvc0puc906k7ylj3ek8yl44.jpg\" title=\"Butik_magazalar-6.jpg\" alt=\"Butik_magazalar-6.jpg\" loading=\"lazy\" \/>\t\t\t\t\t\t\t\t<\/a>\n\t\t\t\t\t\t\t\t\t\t\t\t\t\t\t<\/div>\n\t\t\t\t<\/div>\n\t\t\t\t\t<\/div>\n\t\t<\/div>\n\t\t\t\t\t<\/div>\n\t\t<\/section>\n\t\t\t\t<section class=\"elementor-section elementor-top-section elementor-element elementor-element-4bf4af68 envato-kit-141 elementor-section-boxed elementor-section-height-default elementor-section-height-default\" data-id=\"4bf4af68\" data-element_type=\"section\" data-e-type=\"section\" data-settings=\"{&quot;background_background&quot;:&quot;classic&quot;}\">\n\t\t\t\t\t\t\t<div class=\"elementor-background-overlay\"><\/div>\n\t\t\t\t\t\t\t<div class=\"elementor-container elementor-column-gap-no\">\n\t\t\t\t\t<div class=\"elementor-column elementor-col-100 elementor-top-column elementor-element elementor-element-5c380bc5\" data-id=\"5c380bc5\" data-element_type=\"column\" data-e-type=\"column\">\n\t\t\t<div class=\"elementor-widget-wrap elementor-element-populated\">\n\t\t\t\t\t\t<div class=\"elementor-element elementor-element-55467229 elementor-invisible elementor-widget elementor-widget-image\" data-id=\"55467229\" data-element_type=\"widget\" data-e-type=\"widget\" data-settings=\"{&quot;_animation&quot;:&quot;fadeIn&quot;,&quot;_animation_delay&quot;:300}\" data-widget_type=\"image.default\">\n\t\t\t\t<div class=\"elementor-widget-container\">\n\t\t\t\t\t\t\t\t\t\t\t\t\t\t\t\t<a href=\"https:\/\/ucge.com\/wp-content\/uploads\/butik-gorsel-002.jpg\" data-elementor-open-lightbox=\"yes\" data-elementor-lightbox-title=\"butik-gorsel-002.jpg\" data-e-action-hash=\"#elementor-action%3Aaction%3Dlightbox%26settings%3DeyJpZCI6MzQ1MzcsInVybCI6Imh0dHBzOlwvXC91Y2dlLmNvbVwvd3AtY29udGVudFwvdXBsb2Fkc1wvYnV0aWstZ29yc2VsLTAwMi5qcGcifQ%3D%3D\">\n\t\t\t\t\t\t\t<img decoding=\"async\" src=\"https:\/\/ucge.com\/wp-content\/uploads\/elementor\/thumbs\/butik-gorsel-002-qukwr24g7ohnnm2f0yqt1a1f5bruyap165a2t4v338.jpg\" title=\"butik-gorsel-002.jpg\" alt=\"butik-gorsel-002.jpg\" loading=\"lazy\" \/>\t\t\t\t\t\t\t\t<\/a>\n\t\t\t\t\t\t\t\t\t\t\t\t\t\t\t<\/div>\n\t\t\t\t<\/div>\n\t\t\t\t\t<\/div>\n\t\t<\/div>\n\t\t\t\t\t<\/div>\n\t\t<\/section>\n\t\t\t\t<\/div>","protected":false},"excerpt":{"rendered":"<p>BUT\u0130K MA\u011eAZALAR BUT\u0130K MA\u011eAZALAR Butik ma\u011fazalar\u0131n zarif ve \u00f6zg\u00fcn yap\u0131s\u0131na uyum sa\u011flayan raf sistemleri sunuyoruz. Her ma\u011fazan\u0131n kendine \u00f6zg\u00fc konseptine g\u00f6re \u00f6zelle\u015ftirilebilen bu \u00e7\u00f6z\u00fcmler, hem estetik hem de fonksiyonel sergileme alanlar\u0131 olu\u015fturarak, \u00fcr\u00fcnlerinizin en dikkat \u00e7ekici \u015fekilde sunulmas\u0131n\u0131 sa\u011flar. Moda ve aksesuar \u00fcr\u00fcnlerini sergilemede estetik bir dokunu\u015f sunarken, m\u00fc\u015fterilerinizin al\u0131\u015fveri\u015f deneyimini daha keyifli hale getirir. &hellip; <a href=\"https:\/\/ucge.com\/en\/projeler\/butik-magazalar\/\" class=\"more-link\">Continue reading<span class=\"screen-reader-text\"> &#8220;Butik Ma\u011fazalar&#8221;<\/span><\/a><\/p>","protected":false},"author":2,"featured_media":34565,"parent":34567,"menu_order":0,"comment_status":"closed","ping_status":"closed","template":"elementor_header_footer","meta":{"footnotes":""},"class_list":["post-34527","page","type-page","status-publish","has-post-thumbnail","hentry"],"_links":{"self":[{"href":"https:\/\/ucge.com\/en\/wp-json\/wp\/v2\/pages\/34527","targetHints":{"allow":["GET"]}}],"collection":[{"href":"https:\/\/ucge.com\/en\/wp-json\/wp\/v2\/pages"}],"about":[{"href":"https:\/\/ucge.com\/en\/wp-json\/wp\/v2\/types\/page"}],"author":[{"embeddable":true,"href":"https:\/\/ucge.com\/en\/wp-json\/wp\/v2\/users\/2"}],"replies":[{"embeddable":true,"href":"https:\/\/ucge.com\/en\/wp-json\/wp\/v2\/comments?post=34527"}],"version-history":[{"count":0,"href":"https:\/\/ucge.com\/en\/wp-json\/wp\/v2\/pages\/34527\/revisions"}],"up":[{"embeddable":true,"href":"https:\/\/ucge.com\/en\/wp-json\/wp\/v2\/pages\/34567"}],"wp:featuredmedia":[{"embeddable":true,"href":"https:\/\/ucge.com\/en\/wp-json\/wp\/v2\/media\/34565"}],"wp:attachment":[{"href":"https:\/\/ucge.com\/en\/wp-json\/wp\/v2\/media?parent=34527"}],"curies":[{"name":"wp","href":"https:\/\/api.w.org\/{rel}","templated":true}]}}