{"id":35326,"date":"2024-10-01T11:11:06","date_gmt":"2024-10-01T08:11:06","guid":{"rendered":"https:\/\/ucge.com\/?page_id=35326"},"modified":"2024-12-10T09:52:35","modified_gmt":"2024-12-10T06:52:35","slug":"white-goods","status":"publish","type":"page","link":"https:\/\/ucge.com\/en\/projeler\/beyaz-esyalar\/","title":{"rendered":"Whiter Goods"},"content":{"rendered":"<div data-elementor-type=\"wp-page\" data-elementor-id=\"35326\" class=\"elementor elementor-35326\" data-elementor-post-type=\"page\">\n\t\t\t\t\t\t<section class=\"elementor-section elementor-top-section elementor-element elementor-element-168c3c0 elementor-hidden-desktop elementor-hidden-tablet elementor-section-boxed elementor-section-height-default elementor-section-height-default\" data-id=\"168c3c0\" data-element_type=\"section\" data-e-type=\"section\">\n\t\t\t\t\t\t<div class=\"elementor-container elementor-column-gap-default\">\n\t\t\t\t\t<div class=\"elementor-column elementor-col-50 elementor-top-column elementor-element elementor-element-fc35893\" data-id=\"fc35893\" data-element_type=\"column\" data-e-type=\"column\">\n\t\t\t<div class=\"elementor-widget-wrap elementor-element-populated\">\n\t\t\t\t\t\t<div class=\"elementor-element elementor-element-4f127b4 elementor-widget-mobile__width-initial elementor-widget elementor-widget-heading\" data-id=\"4f127b4\" data-element_type=\"widget\" data-e-type=\"widget\" data-settings=\"{&quot;_animation&quot;:&quot;none&quot;}\" data-widget_type=\"heading.default\">\n\t\t\t\t<div class=\"elementor-widget-container\">\n\t\t\t\t\t<h1 class=\"elementor-heading-title elementor-size-medium\">WHITE GOODS<\/h1>\t\t\t\t<\/div>\n\t\t\t\t<\/div>\n\t\t\t\t\t<\/div>\n\t\t<\/div>\n\t\t\t\t<div class=\"elementor-column elementor-col-50 elementor-top-column elementor-element elementor-element-ef4f02b\" data-id=\"ef4f02b\" data-element_type=\"column\" data-e-type=\"column\">\n\t\t\t<div class=\"elementor-widget-wrap elementor-element-populated\">\n\t\t\t\t\t\t<div class=\"elementor-element elementor-element-8e14a25 elementor-widget__width-initial elementor-widget elementor-widget-image\" data-id=\"8e14a25\" data-element_type=\"widget\" data-e-type=\"widget\" data-widget_type=\"image.default\">\n\t\t\t\t<div class=\"elementor-widget-container\">\n\t\t\t\t\t\t\t\t\t\t\t\t\t\t\t<img fetchpriority=\"high\" decoding=\"async\" width=\"1200\" height=\"500\" src=\"https:\/\/ucge.com\/wp-content\/uploads\/beyaz-esya-banneri.jpg\" class=\"attachment-full size-full wp-image-35322\" alt=\"beyaz-esya-banner\u0131\" srcset=\"https:\/\/ucge.com\/wp-content\/uploads\/beyaz-esya-banneri.jpg 1200w, https:\/\/ucge.com\/wp-content\/uploads\/beyaz-esya-banneri-300x125.jpg 300w, https:\/\/ucge.com\/wp-content\/uploads\/beyaz-esya-banneri-1024x427.jpg 1024w, https:\/\/ucge.com\/wp-content\/uploads\/beyaz-esya-banneri-768x320.jpg 768w, https:\/\/ucge.com\/wp-content\/uploads\/beyaz-esya-banneri-18x8.jpg 18w\" sizes=\"(max-width: 709px) 85vw, (max-width: 909px) 67vw, (max-width: 1362px) 62vw, 840px\" \/>\t\t\t\t\t\t\t\t\t\t\t\t\t\t\t<\/div>\n\t\t\t\t<\/div>\n\t\t\t\t\t<\/div>\n\t\t<\/div>\n\t\t\t\t\t<\/div>\n\t\t<\/section>\n\t\t\t\t<section class=\"elementor-section elementor-top-section elementor-element elementor-element-3526e2a elementor-section-full_width elementor-hidden-mobile elementor-section-height-default elementor-section-height-default\" data-id=\"3526e2a\" data-element_type=\"section\" data-e-type=\"section\">\n\t\t\t\t\t\t<div class=\"elementor-container elementor-column-gap-default\">\n\t\t\t\t\t<div class=\"elementor-column elementor-col-33 elementor-top-column elementor-element elementor-element-7140076\" data-id=\"7140076\" data-element_type=\"column\" data-e-type=\"column\">\n\t\t\t<div class=\"elementor-widget-wrap elementor-element-populated\">\n\t\t\t\t\t\t<div class=\"elementor-element elementor-element-4b1f7c1 elementor-absolute elementor-widget elementor-widget-heading\" data-id=\"4b1f7c1\" data-element_type=\"widget\" data-e-type=\"widget\" data-settings=\"{&quot;_animation&quot;:&quot;none&quot;,&quot;_position&quot;:&quot;absolute&quot;}\" data-widget_type=\"heading.default\">\n\t\t\t\t<div class=\"elementor-widget-container\">\n\t\t\t\t\t<h1 class=\"elementor-heading-title elementor-size-medium\">WHITE GOODS<\/h1>\t\t\t\t<\/div>\n\t\t\t\t<\/div>\n\t\t\t\t\t<\/div>\n\t\t<\/div>\n\t\t\t\t<div class=\"elementor-column elementor-col-66 elementor-top-column elementor-element elementor-element-29f1282\" data-id=\"29f1282\" data-element_type=\"column\" data-e-type=\"column\">\n\t\t\t<div class=\"elementor-widget-wrap elementor-element-populated\">\n\t\t\t\t\t\t<div class=\"elementor-element elementor-element-1674a4e elementor-widget__width-initial elementor-widget elementor-widget-image\" data-id=\"1674a4e\" data-element_type=\"widget\" data-e-type=\"widget\" data-widget_type=\"image.default\">\n\t\t\t\t<div class=\"elementor-widget-container\">\n\t\t\t\t\t\t\t\t\t\t\t\t\t\t\t<img fetchpriority=\"high\" decoding=\"async\" width=\"1200\" height=\"500\" src=\"https:\/\/ucge.com\/wp-content\/uploads\/beyaz-esya-banneri.jpg\" class=\"attachment-full size-full wp-image-35322\" alt=\"beyaz-esya-banner\u0131\" srcset=\"https:\/\/ucge.com\/wp-content\/uploads\/beyaz-esya-banneri.jpg 1200w, https:\/\/ucge.com\/wp-content\/uploads\/beyaz-esya-banneri-300x125.jpg 300w, https:\/\/ucge.com\/wp-content\/uploads\/beyaz-esya-banneri-1024x427.jpg 1024w, https:\/\/ucge.com\/wp-content\/uploads\/beyaz-esya-banneri-768x320.jpg 768w, https:\/\/ucge.com\/wp-content\/uploads\/beyaz-esya-banneri-18x8.jpg 18w\" sizes=\"(max-width: 709px) 85vw, (max-width: 909px) 67vw, (max-width: 1362px) 62vw, 840px\" \/>\t\t\t\t\t\t\t\t\t\t\t\t\t\t\t<\/div>\n\t\t\t\t<\/div>\n\t\t\t\t\t<\/div>\n\t\t<\/div>\n\t\t\t\t\t<\/div>\n\t\t<\/section>\n\t\t\t\t<section class=\"elementor-section elementor-top-section elementor-element elementor-element-d62ce9e elementor-section-boxed elementor-section-height-default elementor-section-height-default\" data-id=\"d62ce9e\" data-element_type=\"section\" data-e-type=\"section\">\n\t\t\t\t\t\t<div class=\"elementor-container elementor-column-gap-default\">\n\t\t\t\t\t<div class=\"elementor-column elementor-col-100 elementor-top-column elementor-element elementor-element-ce58d25\" data-id=\"ce58d25\" data-element_type=\"column\" data-e-type=\"column\">\n\t\t\t<div class=\"elementor-widget-wrap elementor-element-populated\">\n\t\t\t\t\t\t<div class=\"elementor-element elementor-element-8824552 elementor-widget elementor-widget-text-editor\" data-id=\"8824552\" data-element_type=\"widget\" data-e-type=\"widget\" data-widget_type=\"text-editor.default\">\n\t\t\t\t<div class=\"elementor-widget-container\">\n\t\t\t\t\t\t\t\t\tIn appliance stores, safely and effectively displaying large and heavy items is crucial for store layout and customer satisfaction. Shelving systems designed for this need not only provide durability with their robust structure but also enable optimal product presentation. Specifically developed for large appliances like refrigerators, washing machines, and dishwashers, these shelving solutions offer modularity, enhancing flexibility in your store. These systems facilitate an eye-catching and accessible arrangement of products, improving in-store navigation and helping to boost sales.\t\t\t\t\t\t\t\t<\/div>\n\t\t\t\t<\/div>\n\t\t\t\t\t<\/div>\n\t\t<\/div>\n\t\t\t\t\t<\/div>\n\t\t<\/section>\n\t\t\t\t<section class=\"elementor-section elementor-top-section elementor-element elementor-element-01f4044 envato-kit-141 elementor-section-boxed elementor-section-height-default elementor-section-height-default\" data-id=\"01f4044\" data-element_type=\"section\" data-e-type=\"section\" data-settings=\"{&quot;background_background&quot;:&quot;classic&quot;}\">\n\t\t\t\t\t\t\t<div class=\"elementor-background-overlay\"><\/div>\n\t\t\t\t\t\t\t<div class=\"elementor-container elementor-column-gap-no\">\n\t\t\t\t\t<div class=\"elementor-column elementor-col-50 elementor-top-column elementor-element elementor-element-752465b\" data-id=\"752465b\" data-element_type=\"column\" data-e-type=\"column\">\n\t\t\t<div class=\"elementor-widget-wrap elementor-element-populated\">\n\t\t\t\t\t\t<div class=\"elementor-element elementor-element-2b2440b elementor-invisible elementor-widget elementor-widget-image\" data-id=\"2b2440b\" data-element_type=\"widget\" data-e-type=\"widget\" data-settings=\"{&quot;_animation&quot;:&quot;fadeIn&quot;,&quot;_animation_delay&quot;:100}\" data-widget_type=\"image.default\">\n\t\t\t\t<div class=\"elementor-widget-container\">\n\t\t\t\t\t\t\t\t\t\t\t\t\t\t\t\t<a href=\"https:\/\/ucge.com\/wp-content\/uploads\/beyazesyalar-01.webp\" data-elementor-open-lightbox=\"yes\" data-elementor-lightbox-title=\"beyazesyalar-01\" data-e-action-hash=\"#elementor-action%3Aaction%3Dlightbox%26settings%3DeyJpZCI6MzUzNDEsInVybCI6Imh0dHBzOlwvXC91Y2dlLmNvbVwvd3AtY29udGVudFwvdXBsb2Fkc1wvYmV5YXplc3lhbGFyLTAxLndlYnAifQ%3D%3D\">\n\t\t\t\t\t\t\t<img decoding=\"async\" src=\"https:\/\/ucge.com\/wp-content\/uploads\/elementor\/thumbs\/beyazesyalar-01-quwrsa6abjrtxqy6l3v8wnb6js8aqqgt1yzg9nbgf4.webp\" title=\"beyazesyalar-01\" alt=\"beyazesyalar-01\" loading=\"lazy\" \/>\t\t\t\t\t\t\t\t<\/a>\n\t\t\t\t\t\t\t\t\t\t\t\t\t\t\t<\/div>\n\t\t\t\t<\/div>\n\t\t\t\t\t<\/div>\n\t\t<\/div>\n\t\t\t\t<div class=\"elementor-column elementor-col-50 elementor-top-column elementor-element elementor-element-3525fad\" data-id=\"3525fad\" data-element_type=\"column\" data-e-type=\"column\">\n\t\t\t<div class=\"elementor-widget-wrap elementor-element-populated\">\n\t\t\t\t\t\t<div class=\"elementor-element elementor-element-70bef8d elementor-invisible elementor-widget elementor-widget-image\" data-id=\"70bef8d\" data-element_type=\"widget\" data-e-type=\"widget\" data-settings=\"{&quot;_animation&quot;:&quot;fadeIn&quot;,&quot;_animation_delay&quot;:200}\" data-widget_type=\"image.default\">\n\t\t\t\t<div class=\"elementor-widget-container\">\n\t\t\t\t\t\t\t\t\t\t\t\t\t\t\t\t<a href=\"https:\/\/ucge.com\/wp-content\/uploads\/beyazesyalar-04.webp\" data-elementor-open-lightbox=\"yes\" data-elementor-lightbox-title=\"beyazesyalar-04\" data-e-action-hash=\"#elementor-action%3Aaction%3Dlightbox%26settings%3DeyJpZCI6MzUzMzcsInVybCI6Imh0dHBzOlwvXC91Y2dlLmNvbVwvd3AtY29udGVudFwvdXBsb2Fkc1wvYmV5YXplc3lhbGFyLTA0LndlYnAifQ%3D%3D\">\n\t\t\t\t\t\t\t<img decoding=\"async\" src=\"https:\/\/ucge.com\/wp-content\/uploads\/elementor\/thumbs\/beyazesyalar-04-quwrs5h3ddjreb729gftw43g2kxrehnjhop28cbau8.webp\" title=\"beyazesyalar-04\" alt=\"beyazesyalar-04\" loading=\"lazy\" \/>\t\t\t\t\t\t\t\t<\/a>\n\t\t\t\t\t\t\t\t\t\t\t\t\t\t\t<\/div>\n\t\t\t\t<\/div>\n\t\t\t\t<section class=\"elementor-section elementor-inner-section elementor-element elementor-element-477d740 elementor-section-boxed elementor-section-height-default elementor-section-height-default\" data-id=\"477d740\" data-element_type=\"section\" data-e-type=\"section\">\n\t\t\t\t\t\t<div class=\"elementor-container elementor-column-gap-no\">\n\t\t\t\t\t<div class=\"elementor-column elementor-col-50 elementor-inner-column elementor-element elementor-element-44172ae\" data-id=\"44172ae\" data-element_type=\"column\" data-e-type=\"column\">\n\t\t\t<div class=\"elementor-widget-wrap elementor-element-populated\">\n\t\t\t\t\t\t<div class=\"elementor-element elementor-element-4fe4829 elementor-invisible elementor-widget elementor-widget-image\" data-id=\"4fe4829\" data-element_type=\"widget\" data-e-type=\"widget\" data-settings=\"{&quot;_animation&quot;:&quot;fadeIn&quot;,&quot;_animation_delay&quot;:300}\" data-widget_type=\"image.default\">\n\t\t\t\t<div class=\"elementor-widget-container\">\n\t\t\t\t\t\t\t\t\t\t\t\t\t\t\t\t<a href=\"https:\/\/ucge.com\/wp-content\/uploads\/beyazesyalar-03.webp\" data-elementor-open-lightbox=\"yes\" data-elementor-lightbox-title=\"beyazesyalar-03\" data-e-action-hash=\"#elementor-action%3Aaction%3Dlightbox%26settings%3DeyJpZCI6MzUzMzYsInVybCI6Imh0dHBzOlwvXC91Y2dlLmNvbVwvd3AtY29udGVudFwvdXBsb2Fkc1wvYmV5YXplc3lhbGFyLTAzLndlYnAifQ%3D%3D\">\n\t\t\t\t\t\t\t<img decoding=\"async\" src=\"https:\/\/ucge.com\/wp-content\/uploads\/elementor\/thumbs\/beyazesyalar-03-quwrs4j4b4f0h1yn3laczqakv80onblo0bo89ajp28.webp\" title=\"beyazesyalar-03\" alt=\"beyazesyalar-03\" loading=\"lazy\" \/>\t\t\t\t\t\t\t\t<\/a>\n\t\t\t\t\t\t\t\t\t\t\t\t\t\t\t<\/div>\n\t\t\t\t<\/div>\n\t\t\t\t\t<\/div>\n\t\t<\/div>\n\t\t\t\t<div class=\"elementor-column elementor-col-50 elementor-inner-column elementor-element elementor-element-736478f\" data-id=\"736478f\" data-element_type=\"column\" data-e-type=\"column\">\n\t\t\t<div class=\"elementor-widget-wrap elementor-element-populated\">\n\t\t\t\t\t\t<div class=\"elementor-element elementor-element-678f6eb elementor-invisible elementor-widget elementor-widget-image\" data-id=\"678f6eb\" data-element_type=\"widget\" data-e-type=\"widget\" data-settings=\"{&quot;_animation&quot;:&quot;fadeIn&quot;,&quot;_animation_delay&quot;:400}\" data-widget_type=\"image.default\">\n\t\t\t\t<div class=\"elementor-widget-container\">\n\t\t\t\t\t\t\t\t\t\t\t\t\t\t\t\t<a href=\"https:\/\/ucge.com\/wp-content\/uploads\/beyazesyalar-05_.webp\" data-elementor-open-lightbox=\"yes\" data-elementor-lightbox-title=\"beyazesyalar-05_\" data-e-action-hash=\"#elementor-action%3Aaction%3Dlightbox%26settings%3DeyJpZCI6MzUzMzgsInVybCI6Imh0dHBzOlwvXC91Y2dlLmNvbVwvd3AtY29udGVudFwvdXBsb2Fkc1wvYmV5YXplc3lhbGFyLTA1Xy53ZWJwIn0%3D\">\n\t\t\t\t\t\t\t<img decoding=\"async\" src=\"https:\/\/ucge.com\/wp-content\/uploads\/elementor\/thumbs\/beyazesyalar-05_-quwrs6esoshl49vwsm3m4pti1zrf2pt4okz77ugwps.webp\" title=\"beyazesyalar-05_\" alt=\"beyazesyalar-05_\" loading=\"lazy\" \/>\t\t\t\t\t\t\t\t<\/a>\n\t\t\t\t\t\t\t\t\t\t\t\t\t\t\t<\/div>\n\t\t\t\t<\/div>\n\t\t\t\t\t<\/div>\n\t\t<\/div>\n\t\t\t\t\t<\/div>\n\t\t<\/section>\n\t\t\t\t\t<\/div>\n\t\t<\/div>\n\t\t\t\t\t<\/div>\n\t\t<\/section>\n\t\t\t\t<section class=\"elementor-section elementor-top-section elementor-element elementor-element-1fffa3e envato-kit-141 elementor-section-boxed elementor-section-height-default elementor-section-height-default\" data-id=\"1fffa3e\" data-element_type=\"section\" data-e-type=\"section\" data-settings=\"{&quot;background_background&quot;:&quot;classic&quot;}\">\n\t\t\t\t\t\t\t<div class=\"elementor-background-overlay\"><\/div>\n\t\t\t\t\t\t\t<div class=\"elementor-container elementor-column-gap-no\">\n\t\t\t\t\t<div class=\"elementor-column elementor-col-50 elementor-top-column elementor-element elementor-element-1da5d99\" data-id=\"1da5d99\" data-element_type=\"column\" data-e-type=\"column\">\n\t\t\t<div class=\"elementor-widget-wrap elementor-element-populated\">\n\t\t\t\t\t\t<section class=\"elementor-section elementor-inner-section elementor-element elementor-element-0882061 elementor-section-boxed elementor-section-height-default elementor-section-height-default\" data-id=\"0882061\" data-element_type=\"section\" data-e-type=\"section\">\n\t\t\t\t\t\t<div class=\"elementor-container elementor-column-gap-no\">\n\t\t\t\t\t<div class=\"elementor-column elementor-col-50 elementor-inner-column elementor-element elementor-element-0f2a383\" data-id=\"0f2a383\" data-element_type=\"column\" data-e-type=\"column\">\n\t\t\t<div class=\"elementor-widget-wrap elementor-element-populated\">\n\t\t\t\t\t\t<div class=\"elementor-element elementor-element-8474970 elementor-invisible elementor-widget elementor-widget-image\" data-id=\"8474970\" data-element_type=\"widget\" data-e-type=\"widget\" data-settings=\"{&quot;_animation&quot;:&quot;fadeIn&quot;,&quot;_animation_delay&quot;:100}\" data-widget_type=\"image.default\">\n\t\t\t\t<div class=\"elementor-widget-container\">\n\t\t\t\t\t\t\t\t\t\t\t\t\t\t\t\t<a href=\"https:\/\/ucge.com\/wp-content\/uploads\/beyazesyalar-07_.webp\" data-elementor-open-lightbox=\"yes\" data-elementor-lightbox-title=\"beyazesyalar-07_\" data-e-action-hash=\"#elementor-action%3Aaction%3Dlightbox%26settings%3DeyJpZCI6MzUzNDAsInVybCI6Imh0dHBzOlwvXC91Y2dlLmNvbVwvd3AtY29udGVudFwvdXBsb2Fkc1wvYmV5YXplc3lhbGFyLTA3Xy53ZWJwIn0%3D\">\n\t\t\t\t\t\t\t<img decoding=\"async\" src=\"https:\/\/ucge.com\/wp-content\/uploads\/elementor\/thumbs\/beyazesyalar-07_-quwrs98b9alg33rtc5bhu73vu5dipt4boyxnnocq74.webp\" title=\"beyazesyalar-07_\" alt=\"beyazesyalar-07_\" loading=\"lazy\" \/>\t\t\t\t\t\t\t\t<\/a>\n\t\t\t\t\t\t\t\t\t\t\t\t\t\t\t<\/div>\n\t\t\t\t<\/div>\n\t\t\t\t\t<\/div>\n\t\t<\/div>\n\t\t\t\t<div class=\"elementor-column elementor-col-50 elementor-inner-column elementor-element elementor-element-f5dfd0f\" data-id=\"f5dfd0f\" data-element_type=\"column\" data-e-type=\"column\">\n\t\t\t<div class=\"elementor-widget-wrap elementor-element-populated\">\n\t\t\t\t\t\t<div class=\"elementor-element elementor-element-e1ae112 elementor-invisible elementor-widget elementor-widget-image\" data-id=\"e1ae112\" data-element_type=\"widget\" data-e-type=\"widget\" data-settings=\"{&quot;_animation&quot;:&quot;fadeIn&quot;,&quot;_animation_delay&quot;:200}\" data-widget_type=\"image.default\">\n\t\t\t\t<div class=\"elementor-widget-container\">\n\t\t\t\t\t\t\t\t\t\t\t\t\t\t\t\t<a href=\"https:\/\/ucge.com\/wp-content\/uploads\/beyazesyalar-06_.webp\" data-elementor-open-lightbox=\"yes\" data-elementor-lightbox-title=\"beyazesyalar-06_\" data-e-action-hash=\"#elementor-action%3Aaction%3Dlightbox%26settings%3DeyJpZCI6MzUzMzksInVybCI6Imh0dHBzOlwvXC91Y2dlLmNvbVwvd3AtY29udGVudFwvdXBsb2Fkc1wvYmV5YXplc3lhbGFyLTA2Xy53ZWJwIn0%3D\">\n\t\t\t\t\t\t\t<img decoding=\"async\" src=\"https:\/\/ucge.com\/wp-content\/uploads\/elementor\/thumbs\/beyazesyalar-06_-quwrs7cmvmivfvujn4i8p7kyndmsaewv0pmop4fijk.webp\" title=\"beyazesyalar-06_\" alt=\"beyazesyalar-06_\" loading=\"lazy\" \/>\t\t\t\t\t\t\t\t<\/a>\n\t\t\t\t\t\t\t\t\t\t\t\t\t\t\t<\/div>\n\t\t\t\t<\/div>\n\t\t\t\t\t<\/div>\n\t\t<\/div>\n\t\t\t\t\t<\/div>\n\t\t<\/section>\n\t\t\t\t\t<\/div>\n\t\t<\/div>\n\t\t\t\t<div class=\"elementor-column elementor-col-50 elementor-top-column elementor-element elementor-element-6132eae\" data-id=\"6132eae\" data-element_type=\"column\" data-e-type=\"column\">\n\t\t\t<div class=\"elementor-widget-wrap elementor-element-populated\">\n\t\t\t\t\t\t<div class=\"elementor-element elementor-element-f17bcee elementor-invisible elementor-widget elementor-widget-image\" data-id=\"f17bcee\" data-element_type=\"widget\" data-e-type=\"widget\" data-settings=\"{&quot;_animation&quot;:&quot;fadeIn&quot;,&quot;_animation_delay&quot;:300}\" data-widget_type=\"image.default\">\n\t\t\t\t<div class=\"elementor-widget-container\">\n\t\t\t\t\t\t\t\t\t\t\t\t\t\t\t\t<a href=\"https:\/\/ucge.com\/wp-content\/uploads\/beyazesyalar-02.webp\" data-elementor-open-lightbox=\"yes\" data-elementor-lightbox-title=\"beyazesyalar-02\" data-e-action-hash=\"#elementor-action%3Aaction%3Dlightbox%26settings%3DeyJpZCI6MzUzMzUsInVybCI6Imh0dHBzOlwvXC91Y2dlLmNvbVwvd3AtY29udGVudFwvdXBsb2Fkc1wvYmV5YXplc3lhbGFyLTAyLndlYnAifQ%3D%3D\">\n\t\t\t\t\t\t\t<img decoding=\"async\" src=\"https:\/\/ucge.com\/wp-content\/uploads\/elementor\/thumbs\/beyazesyalar-02-quwrs2nksvfv7a9p9cweh099gsm7hg0viw0c2j8l0k.webp\" title=\"beyazesyalar-02\" alt=\"beyazesyalar-02\" loading=\"lazy\" \/>\t\t\t\t\t\t\t\t<\/a>\n\t\t\t\t\t\t\t\t\t\t\t\t\t\t\t<\/div>\n\t\t\t\t<\/div>\n\t\t\t\t\t<\/div>\n\t\t<\/div>\n\t\t\t\t\t<\/div>\n\t\t<\/section>\n\t\t\t\t<\/div>","protected":false},"excerpt":{"rendered":"<p>BEYAZ E\u015eYALAR BEYAZ E\u015eYALAR Beyaz e\u015fya ma\u011fazalar\u0131nda, b\u00fcy\u00fck ve a\u011f\u0131r \u00fcr\u00fcnlerin g\u00fcvenli ve etkili bir \u015fekilde sergilenmesi, ma\u011faza d\u00fczeni ve m\u00fc\u015fteri memnuniyeti a\u00e7\u0131s\u0131ndan son derece \u00f6nemlidir. Bu ihtiyaca y\u00f6nelik olarak tasarlanm\u0131\u015f raf sistemleri, sa\u011flam yap\u0131s\u0131 ile hem dayan\u0131kl\u0131l\u0131k sa\u011flar hem de \u00fcr\u00fcnlerin en iyi \u015fekilde sunulmas\u0131na olanak tan\u0131r. Buzdolab\u0131, \u00e7ama\u015f\u0131r makinesi, bula\u015f\u0131k makinesi gibi b\u00fcy\u00fck &hellip; <a href=\"https:\/\/ucge.com\/en\/projeler\/beyaz-esyalar\/\" class=\"more-link\">Continue reading<span class=\"screen-reader-text\"> &#8220;Beyaz E\u015fyalar&#8221;<\/span><\/a><\/p>","protected":false},"author":2,"featured_media":35320,"parent":34567,"menu_order":0,"comment_status":"closed","ping_status":"closed","template":"elementor_header_footer","meta":{"footnotes":""},"class_list":["post-35326","page","type-page","status-publish","has-post-thumbnail","hentry"],"_links":{"self":[{"href":"https:\/\/ucge.com\/en\/wp-json\/wp\/v2\/pages\/35326","targetHints":{"allow":["GET"]}}],"collection":[{"href":"https:\/\/ucge.com\/en\/wp-json\/wp\/v2\/pages"}],"about":[{"href":"https:\/\/ucge.com\/en\/wp-json\/wp\/v2\/types\/page"}],"author":[{"embeddable":true,"href":"https:\/\/ucge.com\/en\/wp-json\/wp\/v2\/users\/2"}],"replies":[{"embeddable":true,"href":"https:\/\/ucge.com\/en\/wp-json\/wp\/v2\/comments?post=35326"}],"version-history":[{"count":0,"href":"https:\/\/ucge.com\/en\/wp-json\/wp\/v2\/pages\/35326\/revisions"}],"up":[{"embeddable":true,"href":"https:\/\/ucge.com\/en\/wp-json\/wp\/v2\/pages\/34567"}],"wp:featuredmedia":[{"embeddable":true,"href":"https:\/\/ucge.com\/en\/wp-json\/wp\/v2\/media\/35320"}],"wp:attachment":[{"href":"https:\/\/ucge.com\/en\/wp-json\/wp\/v2\/media?parent=35326"}],"curies":[{"name":"wp","href":"https:\/\/api.w.org\/{rel}","templated":true}]}}