{"id":35354,"date":"2024-10-01T15:55:09","date_gmt":"2024-10-01T12:55:09","guid":{"rendered":"https:\/\/ucge.com\/?page_id=35354"},"modified":"2024-12-10T09:36:50","modified_gmt":"2024-12-10T06:36:50","slug":"toy-stores","status":"publish","type":"page","link":"https:\/\/ucge.com\/en\/projeler\/oyuncak-magazalari\/","title":{"rendered":"Toy Stores"},"content":{"rendered":"<div data-elementor-type=\"wp-page\" data-elementor-id=\"35354\" class=\"elementor elementor-35354\" data-elementor-post-type=\"page\">\n\t\t\t\t\t\t<section class=\"elementor-section elementor-top-section elementor-element elementor-element-510f7d0 elementor-hidden-desktop elementor-hidden-tablet elementor-section-boxed elementor-section-height-default elementor-section-height-default\" data-id=\"510f7d0\" data-element_type=\"section\" data-e-type=\"section\">\n\t\t\t\t\t\t<div class=\"elementor-container elementor-column-gap-default\">\n\t\t\t\t\t<div class=\"elementor-column elementor-col-50 elementor-top-column elementor-element elementor-element-440259e\" data-id=\"440259e\" data-element_type=\"column\" data-e-type=\"column\">\n\t\t\t<div class=\"elementor-widget-wrap elementor-element-populated\">\n\t\t\t\t\t\t<div class=\"elementor-element elementor-element-6a6694f elementor-widget-mobile__width-initial elementor-widget elementor-widget-heading\" data-id=\"6a6694f\" data-element_type=\"widget\" data-e-type=\"widget\" data-settings=\"{&quot;_animation&quot;:&quot;none&quot;}\" data-widget_type=\"heading.default\">\n\t\t\t\t<div class=\"elementor-widget-container\">\n\t\t\t\t\t<h1 class=\"elementor-heading-title elementor-size-medium\">TOY STORES<\/h1>\t\t\t\t<\/div>\n\t\t\t\t<\/div>\n\t\t\t\t\t<\/div>\n\t\t<\/div>\n\t\t\t\t<div class=\"elementor-column elementor-col-50 elementor-top-column elementor-element elementor-element-1038327\" data-id=\"1038327\" data-element_type=\"column\" data-e-type=\"column\">\n\t\t\t<div class=\"elementor-widget-wrap elementor-element-populated\">\n\t\t\t\t\t\t<div class=\"elementor-element elementor-element-c88fa56 elementor-widget__width-initial elementor-widget elementor-widget-image\" data-id=\"c88fa56\" data-element_type=\"widget\" data-e-type=\"widget\" data-widget_type=\"image.default\">\n\t\t\t\t<div class=\"elementor-widget-container\">\n\t\t\t\t\t\t\t\t\t\t\t\t\t\t\t<img fetchpriority=\"high\" decoding=\"async\" width=\"1200\" height=\"500\" src=\"https:\/\/ucge.com\/wp-content\/uploads\/beyaz-esyalar-banneri.jpg\" class=\"attachment-full size-full wp-image-35356\" alt=\"beyaz esyalar-banner\u0131\" srcset=\"https:\/\/ucge.com\/wp-content\/uploads\/beyaz-esyalar-banneri.jpg 1200w, https:\/\/ucge.com\/wp-content\/uploads\/beyaz-esyalar-banneri-300x125.jpg 300w, https:\/\/ucge.com\/wp-content\/uploads\/beyaz-esyalar-banneri-1024x427.jpg 1024w, https:\/\/ucge.com\/wp-content\/uploads\/beyaz-esyalar-banneri-768x320.jpg 768w, https:\/\/ucge.com\/wp-content\/uploads\/beyaz-esyalar-banneri-18x8.jpg 18w\" sizes=\"(max-width: 709px) 85vw, (max-width: 909px) 67vw, (max-width: 1362px) 62vw, 840px\" \/>\t\t\t\t\t\t\t\t\t\t\t\t\t\t\t<\/div>\n\t\t\t\t<\/div>\n\t\t\t\t\t<\/div>\n\t\t<\/div>\n\t\t\t\t\t<\/div>\n\t\t<\/section>\n\t\t\t\t<section class=\"elementor-section elementor-top-section elementor-element elementor-element-63d9a15 elementor-section-full_width elementor-hidden-mobile elementor-section-height-default elementor-section-height-default\" data-id=\"63d9a15\" data-element_type=\"section\" data-e-type=\"section\">\n\t\t\t\t\t\t<div class=\"elementor-container elementor-column-gap-default\">\n\t\t\t\t\t<div class=\"elementor-column elementor-col-33 elementor-top-column elementor-element elementor-element-f7030b8\" data-id=\"f7030b8\" data-element_type=\"column\" data-e-type=\"column\">\n\t\t\t<div class=\"elementor-widget-wrap elementor-element-populated\">\n\t\t\t\t\t\t<div class=\"elementor-element elementor-element-5039f58 elementor-absolute elementor-widget elementor-widget-heading\" data-id=\"5039f58\" data-element_type=\"widget\" data-e-type=\"widget\" data-settings=\"{&quot;_animation&quot;:&quot;none&quot;,&quot;_position&quot;:&quot;absolute&quot;}\" data-widget_type=\"heading.default\">\n\t\t\t\t<div class=\"elementor-widget-container\">\n\t\t\t\t\t<h1 class=\"elementor-heading-title elementor-size-medium\">TOY STORES<\/h1>\t\t\t\t<\/div>\n\t\t\t\t<\/div>\n\t\t\t\t\t<\/div>\n\t\t<\/div>\n\t\t\t\t<div class=\"elementor-column elementor-col-66 elementor-top-column elementor-element elementor-element-f802c2b\" data-id=\"f802c2b\" data-element_type=\"column\" data-e-type=\"column\">\n\t\t\t<div class=\"elementor-widget-wrap elementor-element-populated\">\n\t\t\t\t\t\t<div class=\"elementor-element elementor-element-929a847 elementor-widget__width-initial elementor-widget elementor-widget-image\" data-id=\"929a847\" data-element_type=\"widget\" data-e-type=\"widget\" data-widget_type=\"image.default\">\n\t\t\t\t<div class=\"elementor-widget-container\">\n\t\t\t\t\t\t\t\t\t\t\t\t\t\t\t<img fetchpriority=\"high\" decoding=\"async\" width=\"1200\" height=\"500\" src=\"https:\/\/ucge.com\/wp-content\/uploads\/beyaz-esyalar-banneri.jpg\" class=\"attachment-full size-full wp-image-35356\" alt=\"beyaz esyalar-banner\u0131\" srcset=\"https:\/\/ucge.com\/wp-content\/uploads\/beyaz-esyalar-banneri.jpg 1200w, https:\/\/ucge.com\/wp-content\/uploads\/beyaz-esyalar-banneri-300x125.jpg 300w, https:\/\/ucge.com\/wp-content\/uploads\/beyaz-esyalar-banneri-1024x427.jpg 1024w, https:\/\/ucge.com\/wp-content\/uploads\/beyaz-esyalar-banneri-768x320.jpg 768w, https:\/\/ucge.com\/wp-content\/uploads\/beyaz-esyalar-banneri-18x8.jpg 18w\" sizes=\"(max-width: 709px) 85vw, (max-width: 909px) 67vw, (max-width: 1362px) 62vw, 840px\" \/>\t\t\t\t\t\t\t\t\t\t\t\t\t\t\t<\/div>\n\t\t\t\t<\/div>\n\t\t\t\t\t<\/div>\n\t\t<\/div>\n\t\t\t\t\t<\/div>\n\t\t<\/section>\n\t\t\t\t<section class=\"elementor-section elementor-top-section elementor-element elementor-element-cf1e23f elementor-section-boxed elementor-section-height-default elementor-section-height-default\" data-id=\"cf1e23f\" data-element_type=\"section\" data-e-type=\"section\">\n\t\t\t\t\t\t<div class=\"elementor-container elementor-column-gap-default\">\n\t\t\t\t\t<div class=\"elementor-column elementor-col-100 elementor-top-column elementor-element elementor-element-eb19b10\" data-id=\"eb19b10\" data-element_type=\"column\" data-e-type=\"column\">\n\t\t\t<div class=\"elementor-widget-wrap elementor-element-populated\">\n\t\t\t\t\t\t<div class=\"elementor-element elementor-element-c73ddfc elementor-widget elementor-widget-text-editor\" data-id=\"c73ddfc\" data-element_type=\"widget\" data-e-type=\"widget\" data-widget_type=\"text-editor.default\">\n\t\t\t\t<div class=\"elementor-widget-container\">\n\t\t\t\t\t\t\t\t\tIn toy stores, displaying products in an appealing and orderly manner provides a delightful shopping experience for both children and parents. Shelving systems designed to optimally showcase toys of various sizes and shapes offer both flexibility and visual appeal. With their colorful and modular design, these solutions allow you to efficiently use every corner of your store, while maintaining easy access to products and preserving in-store order. Our durable and child-friendly designs enhance the dynamism and fun atmosphere of your toy store.\t\t\t\t\t\t\t\t<\/div>\n\t\t\t\t<\/div>\n\t\t\t\t\t<\/div>\n\t\t<\/div>\n\t\t\t\t\t<\/div>\n\t\t<\/section>\n\t\t\t\t<section class=\"elementor-section elementor-top-section elementor-element elementor-element-f34edf9 envato-kit-141 elementor-section-boxed elementor-section-height-default elementor-section-height-default\" data-id=\"f34edf9\" data-element_type=\"section\" data-e-type=\"section\" data-settings=\"{&quot;background_background&quot;:&quot;classic&quot;}\">\n\t\t\t\t\t\t\t<div class=\"elementor-background-overlay\"><\/div>\n\t\t\t\t\t\t\t<div class=\"elementor-container elementor-column-gap-no\">\n\t\t\t\t\t<div class=\"elementor-column elementor-col-50 elementor-top-column elementor-element elementor-element-205cd65\" data-id=\"205cd65\" data-element_type=\"column\" data-e-type=\"column\">\n\t\t\t<div class=\"elementor-widget-wrap elementor-element-populated\">\n\t\t\t\t\t\t<div class=\"elementor-element elementor-element-bc7dbad elementor-invisible elementor-widget elementor-widget-image\" data-id=\"bc7dbad\" data-element_type=\"widget\" data-e-type=\"widget\" data-settings=\"{&quot;_animation&quot;:&quot;fadeIn&quot;,&quot;_animation_delay&quot;:100}\" data-widget_type=\"image.default\">\n\t\t\t\t<div class=\"elementor-widget-container\">\n\t\t\t\t\t\t\t\t\t\t\t\t\t\t\t\t<a href=\"https:\/\/ucge.com\/wp-content\/uploads\/oyuncak-007.webp\" data-elementor-open-lightbox=\"yes\" data-elementor-lightbox-title=\"oyuncak-007\" data-e-action-hash=\"#elementor-action%3Aaction%3Dlightbox%26settings%3DeyJpZCI6MzUzODAsInVybCI6Imh0dHBzOlwvXC91Y2dlLmNvbVwvd3AtY29udGVudFwvdXBsb2Fkc1wvb3l1bmNhay0wMDcud2VicCJ9\">\n\t\t\t\t\t\t\t<img decoding=\"async\" src=\"https:\/\/ucge.com\/wp-content\/uploads\/elementor\/thumbs\/oyuncak-007-qux3hdvc3k8b8r9vn4q9ydtb64o3567qy8ig8ay0v4.webp\" title=\"oyuncak-007\" alt=\"oyuncak-007\" loading=\"lazy\" \/>\t\t\t\t\t\t\t\t<\/a>\n\t\t\t\t\t\t\t\t\t\t\t\t\t\t\t<\/div>\n\t\t\t\t<\/div>\n\t\t\t\t\t<\/div>\n\t\t<\/div>\n\t\t\t\t<div class=\"elementor-column elementor-col-50 elementor-top-column elementor-element elementor-element-32c2ef5\" data-id=\"32c2ef5\" data-element_type=\"column\" data-e-type=\"column\">\n\t\t\t<div class=\"elementor-widget-wrap elementor-element-populated\">\n\t\t\t\t\t\t<div class=\"elementor-element elementor-element-ae56ec4 elementor-invisible elementor-widget elementor-widget-image\" data-id=\"ae56ec4\" data-element_type=\"widget\" data-e-type=\"widget\" data-settings=\"{&quot;_animation&quot;:&quot;fadeIn&quot;,&quot;_animation_delay&quot;:200}\" data-widget_type=\"image.default\">\n\t\t\t\t<div class=\"elementor-widget-container\">\n\t\t\t\t\t\t\t\t\t\t\t\t\t\t\t\t<a href=\"https:\/\/ucge.com\/wp-content\/uploads\/oyuncak-magazalari003-e1727787429150.webp\" data-elementor-open-lightbox=\"yes\" data-elementor-lightbox-title=\"oyuncak-ma\u011fazalar\u0131003\" data-e-action-hash=\"#elementor-action%3Aaction%3Dlightbox%26settings%3DeyJpZCI6MzUzNzYsInVybCI6Imh0dHBzOlwvXC91Y2dlLmNvbVwvd3AtY29udGVudFwvdXBsb2Fkc1wvb3l1bmNhay1tYWdhemFsYXJpMDAzLWUxNzI3Nzg3NDI5MTUwLndlYnAifQ%3D%3D\">\n\t\t\t\t\t\t\t<img decoding=\"async\" src=\"https:\/\/ucge.com\/wp-content\/uploads\/elementor\/thumbs\/oyuncak-magazalari003-e1727787429150-qux3k2opnhv7j7faup6kf4zcujh6w8lhrwoi0vrcm8.webp\" title=\"oyuncak-ma\u011fazalar\u0131003\" alt=\"oyuncak-ma\u011fazalar\u0131003\" loading=\"lazy\" \/>\t\t\t\t\t\t\t\t<\/a>\n\t\t\t\t\t\t\t\t\t\t\t\t\t\t\t<\/div>\n\t\t\t\t<\/div>\n\t\t\t\t<section class=\"elementor-section elementor-inner-section elementor-element elementor-element-ebc83ce elementor-section-boxed elementor-section-height-default elementor-section-height-default\" data-id=\"ebc83ce\" data-element_type=\"section\" data-e-type=\"section\">\n\t\t\t\t\t\t<div class=\"elementor-container elementor-column-gap-no\">\n\t\t\t\t\t<div class=\"elementor-column elementor-col-50 elementor-inner-column elementor-element elementor-element-7b742c7\" data-id=\"7b742c7\" data-element_type=\"column\" data-e-type=\"column\">\n\t\t\t<div class=\"elementor-widget-wrap elementor-element-populated\">\n\t\t\t\t\t\t<div class=\"elementor-element elementor-element-973d860 elementor-invisible elementor-widget elementor-widget-image\" data-id=\"973d860\" data-element_type=\"widget\" data-e-type=\"widget\" data-settings=\"{&quot;_animation&quot;:&quot;fadeIn&quot;,&quot;_animation_delay&quot;:300}\" data-widget_type=\"image.default\">\n\t\t\t\t<div class=\"elementor-widget-container\">\n\t\t\t\t\t\t\t\t\t\t\t\t\t\t\t\t<a href=\"https:\/\/ucge.com\/wp-content\/uploads\/oyuncak-magazalari004-e1727787209275.webp\" data-elementor-open-lightbox=\"yes\" data-elementor-lightbox-title=\"oyuncak-ma\u011fazalar\u0131004\" data-e-action-hash=\"#elementor-action%3Aaction%3Dlightbox%26settings%3DeyJpZCI6MzUzNzcsInVybCI6Imh0dHBzOlwvXC91Y2dlLmNvbVwvd3AtY29udGVudFwvdXBsb2Fkc1wvb3l1bmNhay1tYWdhemFsYXJpMDA0LWUxNzI3Nzg3MjA5Mjc1LndlYnAifQ%3D%3D\">\n\t\t\t\t\t\t\t<img decoding=\"async\" src=\"https:\/\/ucge.com\/wp-content\/uploads\/elementor\/thumbs\/oyuncak-magazalari004-e1727787209275-qux3ebw30iwnzchw2v1sup4jjsqqbcuei8sby8gyow.webp\" title=\"oyuncak-ma\u011fazalar\u0131004\" alt=\"oyuncak-ma\u011fazalar\u0131004\" loading=\"lazy\" \/>\t\t\t\t\t\t\t\t<\/a>\n\t\t\t\t\t\t\t\t\t\t\t\t\t\t\t<\/div>\n\t\t\t\t<\/div>\n\t\t\t\t\t<\/div>\n\t\t<\/div>\n\t\t\t\t<div class=\"elementor-column elementor-col-50 elementor-inner-column elementor-element elementor-element-b67c70b\" data-id=\"b67c70b\" data-element_type=\"column\" data-e-type=\"column\">\n\t\t\t<div class=\"elementor-widget-wrap elementor-element-populated\">\n\t\t\t\t\t\t<div class=\"elementor-element elementor-element-fc1897b elementor-invisible elementor-widget elementor-widget-image\" data-id=\"fc1897b\" data-element_type=\"widget\" data-e-type=\"widget\" data-settings=\"{&quot;_animation&quot;:&quot;fadeIn&quot;,&quot;_animation_delay&quot;:400}\" data-widget_type=\"image.default\">\n\t\t\t\t<div class=\"elementor-widget-container\">\n\t\t\t\t\t\t\t\t\t\t\t\t\t\t\t\t<a href=\"https:\/\/ucge.com\/wp-content\/uploads\/oyuncak-magazalari006.webp\" data-elementor-open-lightbox=\"yes\" data-elementor-lightbox-title=\"oyuncak-ma\u011fazalar\u0131006\" data-e-action-hash=\"#elementor-action%3Aaction%3Dlightbox%26settings%3DeyJpZCI6MzUzNzksInVybCI6Imh0dHBzOlwvXC91Y2dlLmNvbVwvd3AtY29udGVudFwvdXBsb2Fkc1wvb3l1bmNhay1tYWdhemFsYXJpMDA2LndlYnAifQ%3D%3D\">\n\t\t\t\t\t\t\t<img decoding=\"async\" src=\"https:\/\/ucge.com\/wp-content\/uploads\/elementor\/thumbs\/oyuncak-magazalari006-qux3bk96w349soim8nzcie9okydtnfuusjmv2wkp0g.webp\" title=\"oyuncak-ma\u011fazalar\u0131006\" alt=\"oyuncak-ma\u011fazalar\u0131006\" loading=\"lazy\" \/>\t\t\t\t\t\t\t\t<\/a>\n\t\t\t\t\t\t\t\t\t\t\t\t\t\t\t<\/div>\n\t\t\t\t<\/div>\n\t\t\t\t\t<\/div>\n\t\t<\/div>\n\t\t\t\t\t<\/div>\n\t\t<\/section>\n\t\t\t\t\t<\/div>\n\t\t<\/div>\n\t\t\t\t\t<\/div>\n\t\t<\/section>\n\t\t\t\t<section class=\"elementor-section elementor-top-section elementor-element elementor-element-fb789fc envato-kit-141 elementor-section-boxed elementor-section-height-default elementor-section-height-default\" data-id=\"fb789fc\" data-element_type=\"section\" data-e-type=\"section\" data-settings=\"{&quot;background_background&quot;:&quot;classic&quot;}\">\n\t\t\t\t\t\t\t<div class=\"elementor-background-overlay\"><\/div>\n\t\t\t\t\t\t\t<div class=\"elementor-container elementor-column-gap-no\">\n\t\t\t\t\t<div class=\"elementor-column elementor-col-50 elementor-top-column elementor-element elementor-element-3d0d044\" data-id=\"3d0d044\" data-element_type=\"column\" data-e-type=\"column\">\n\t\t\t<div class=\"elementor-widget-wrap elementor-element-populated\">\n\t\t\t\t\t\t<section class=\"elementor-section elementor-inner-section elementor-element elementor-element-09e1659 elementor-section-boxed elementor-section-height-default elementor-section-height-default\" data-id=\"09e1659\" data-element_type=\"section\" data-e-type=\"section\">\n\t\t\t\t\t\t<div class=\"elementor-container elementor-column-gap-no\">\n\t\t\t\t\t<div class=\"elementor-column elementor-col-50 elementor-inner-column elementor-element elementor-element-704ab88\" data-id=\"704ab88\" data-element_type=\"column\" data-e-type=\"column\">\n\t\t\t<div class=\"elementor-widget-wrap elementor-element-populated\">\n\t\t\t\t\t\t<div class=\"elementor-element elementor-element-ef4e1f2 elementor-invisible elementor-widget elementor-widget-image\" data-id=\"ef4e1f2\" data-element_type=\"widget\" data-e-type=\"widget\" data-settings=\"{&quot;_animation&quot;:&quot;fadeIn&quot;,&quot;_animation_delay&quot;:100}\" data-widget_type=\"image.default\">\n\t\t\t\t<div class=\"elementor-widget-container\">\n\t\t\t\t\t\t\t\t\t\t\t\t\t\t\t\t<a href=\"https:\/\/ucge.com\/wp-content\/uploads\/oyuncak-magazalari002.webp\" data-elementor-open-lightbox=\"yes\" data-elementor-lightbox-title=\"oyuncak-ma\u011fazalar\u0131002\" data-e-action-hash=\"#elementor-action%3Aaction%3Dlightbox%26settings%3DeyJpZCI6MzUzNzUsInVybCI6Imh0dHBzOlwvXC91Y2dlLmNvbVwvd3AtY29udGVudFwvdXBsb2Fkc1wvb3l1bmNhay1tYWdhemFsYXJpMDAyLndlYnAifQ%3D%3D\">\n\t\t\t\t\t\t\t<img decoding=\"async\" src=\"https:\/\/ucge.com\/wp-content\/uploads\/elementor\/thumbs\/oyuncak-magazalari002-qux3bdobk8v9jes6b34yixxgf9a95k4qfn2gpyug80.webp\" title=\"oyuncak-ma\u011fazalar\u0131002\" alt=\"oyuncak-ma\u011fazalar\u0131002\" loading=\"lazy\" \/>\t\t\t\t\t\t\t\t<\/a>\n\t\t\t\t\t\t\t\t\t\t\t\t\t\t\t<\/div>\n\t\t\t\t<\/div>\n\t\t\t\t\t<\/div>\n\t\t<\/div>\n\t\t\t\t<div class=\"elementor-column elementor-col-50 elementor-inner-column elementor-element elementor-element-2b63116\" data-id=\"2b63116\" data-element_type=\"column\" data-e-type=\"column\">\n\t\t\t<div class=\"elementor-widget-wrap elementor-element-populated\">\n\t\t\t\t\t\t<div class=\"elementor-element elementor-element-10999fa elementor-invisible elementor-widget elementor-widget-image\" data-id=\"10999fa\" data-element_type=\"widget\" data-e-type=\"widget\" data-settings=\"{&quot;_animation&quot;:&quot;fadeIn&quot;,&quot;_animation_delay&quot;:200}\" data-widget_type=\"image.default\">\n\t\t\t\t<div class=\"elementor-widget-container\">\n\t\t\t\t\t\t\t\t\t\t\t\t\t\t\t\t<a href=\"https:\/\/ucge.com\/wp-content\/uploads\/oyuncak-magazalari005.webp\" data-elementor-open-lightbox=\"yes\" data-elementor-lightbox-title=\"oyuncak-ma\u011fazalar\u0131005\" data-e-action-hash=\"#elementor-action%3Aaction%3Dlightbox%26settings%3DeyJpZCI6MzUzNzgsInVybCI6Imh0dHBzOlwvXC91Y2dlLmNvbVwvd3AtY29udGVudFwvdXBsb2Fkc1wvb3l1bmNhay1tYWdhemFsYXJpMDA1LndlYnAifQ%3D%3D\">\n\t\t\t\t\t\t\t<img decoding=\"async\" src=\"https:\/\/ucge.com\/wp-content\/uploads\/elementor\/thumbs\/oyuncak-magazalari005-qux3bidiif1p5glcjn63deqre6n381ne4abw4cnhcw.webp\" title=\"oyuncak-ma\u011fazalar\u0131005\" alt=\"oyuncak-ma\u011fazalar\u0131005\" loading=\"lazy\" \/>\t\t\t\t\t\t\t\t<\/a>\n\t\t\t\t\t\t\t\t\t\t\t\t\t\t\t<\/div>\n\t\t\t\t<\/div>\n\t\t\t\t\t<\/div>\n\t\t<\/div>\n\t\t\t\t\t<\/div>\n\t\t<\/section>\n\t\t\t\t\t<\/div>\n\t\t<\/div>\n\t\t\t\t<div class=\"elementor-column elementor-col-50 elementor-top-column elementor-element elementor-element-06c3a47\" data-id=\"06c3a47\" data-element_type=\"column\" data-e-type=\"column\">\n\t\t\t<div class=\"elementor-widget-wrap elementor-element-populated\">\n\t\t\t\t\t\t<div class=\"elementor-element elementor-element-811b3f2 elementor-invisible elementor-widget elementor-widget-image\" data-id=\"811b3f2\" data-element_type=\"widget\" data-e-type=\"widget\" data-settings=\"{&quot;_animation&quot;:&quot;fadeIn&quot;,&quot;_animation_delay&quot;:300}\" data-widget_type=\"image.default\">\n\t\t\t\t<div class=\"elementor-widget-container\">\n\t\t\t\t\t\t\t\t\t\t\t\t\t\t\t\t<a href=\"https:\/\/ucge.com\/wp-content\/uploads\/oyuncak-magazalari007.webp\" data-elementor-open-lightbox=\"yes\" data-elementor-lightbox-title=\"oyuncak-ma\u011fazalar\u0131007\" data-e-action-hash=\"#elementor-action%3Aaction%3Dlightbox%26settings%3DeyJpZCI6MzUzNzMsInVybCI6Imh0dHBzOlwvXC91Y2dlLmNvbVwvd3AtY29udGVudFwvdXBsb2Fkc1wvb3l1bmNhay1tYWdhemFsYXJpMDA3LndlYnAifQ%3D%3D\">\n\t\t\t\t\t\t\t<img decoding=\"async\" src=\"https:\/\/ucge.com\/wp-content\/uploads\/elementor\/thumbs\/oyuncak-magazalari007-qux3bauxv5uty14lmccdfq4ofg0erzg7m2r31xkqck.webp\" title=\"oyuncak-ma\u011fazalar\u0131007\" alt=\"oyuncak-ma\u011fazalar\u0131007\" loading=\"lazy\" \/>\t\t\t\t\t\t\t\t<\/a>\n\t\t\t\t\t\t\t\t\t\t\t\t\t\t\t<\/div>\n\t\t\t\t<\/div>\n\t\t\t\t\t<\/div>\n\t\t<\/div>\n\t\t\t\t\t<\/div>\n\t\t<\/section>\n\t\t\t\t<\/div>","protected":false},"excerpt":{"rendered":"<p>OYUNCAK MA\u011eAZALARI OYUNCAK MA\u011eAZALARI Oyuncak ma\u011fazalar\u0131nda \u00fcr\u00fcnlerin dikkat \u00e7ekici ve d\u00fczenli bir \u015fekilde sergilenmesi, hem \u00e7ocuklar hem de ebeveynler i\u00e7in keyifli bir al\u0131\u015fveri\u015f deneyimi sunar. Farkl\u0131 boyut ve \u015fekillerdeki oyuncaklar\u0131 en iyi \u015fekilde sergileyebilmek i\u00e7in tasarlanan raf sistemleri, hem esneklik hem de g\u00f6rsel cazibe sunar. Renkli ve mod\u00fcler yap\u0131s\u0131yla ma\u011fazan\u0131z\u0131n her k\u00f6\u015fesini verimli kullanman\u0131z\u0131 sa\u011flayan &hellip; <a href=\"https:\/\/ucge.com\/en\/projeler\/oyuncak-magazalari\/\" class=\"more-link\">Continue reading<span class=\"screen-reader-text\"> &#8220;Oyuncak Ma\u011fazalar\u0131&#8221;<\/span><\/a><\/p>","protected":false},"author":2,"featured_media":0,"parent":34567,"menu_order":0,"comment_status":"closed","ping_status":"closed","template":"elementor_header_footer","meta":{"footnotes":""},"class_list":["post-35354","page","type-page","status-publish","hentry"],"_links":{"self":[{"href":"https:\/\/ucge.com\/en\/wp-json\/wp\/v2\/pages\/35354","targetHints":{"allow":["GET"]}}],"collection":[{"href":"https:\/\/ucge.com\/en\/wp-json\/wp\/v2\/pages"}],"about":[{"href":"https:\/\/ucge.com\/en\/wp-json\/wp\/v2\/types\/page"}],"author":[{"embeddable":true,"href":"https:\/\/ucge.com\/en\/wp-json\/wp\/v2\/users\/2"}],"replies":[{"embeddable":true,"href":"https:\/\/ucge.com\/en\/wp-json\/wp\/v2\/comments?post=35354"}],"version-history":[{"count":0,"href":"https:\/\/ucge.com\/en\/wp-json\/wp\/v2\/pages\/35354\/revisions"}],"up":[{"embeddable":true,"href":"https:\/\/ucge.com\/en\/wp-json\/wp\/v2\/pages\/34567"}],"wp:attachment":[{"href":"https:\/\/ucge.com\/en\/wp-json\/wp\/v2\/media?parent=35354"}],"curies":[{"name":"wp","href":"https:\/\/api.w.org\/{rel}","templated":true}]}}